{"id":9135,"date":"2023-01-30T09:09:00","date_gmt":"2023-01-30T08:09:00","guid":{"rendered":"https:\/\/prod.solutionscustom.ch\/?page_id=9135"},"modified":"2024-03-13T20:54:46","modified_gmt":"2024-03-13T19:54:46","slug":"event-planning","status":"publish","type":"page","link":"https:\/\/solutionscustom.ch\/en\/event-planning\/","title":{"rendered":"Event planning"},"content":{"rendered":"\n\n\t<section class=\"section\" id=\"section_1967412383\">\n\t\t<div class=\"section-bg fill\" >\n\t\t\t\t\t\t\t\t\t\n\t\t\t\n\n\t\t<\/div>\n\n\t\t\n\n\t\t<div class=\"section-content relative\">\n\t\t\t\n\n\n  <div class=\"banner has-hover\" id=\"banner-2078575766\">\n          <div class=\"banner-inner fill\">\n        <div class=\"banner-bg fill\" >\n                                                \n                    <\/div>\n\t\t\n        <div class=\"banner-layers container\">\n            <div class=\"fill banner-link\"><\/div>            \n\n   <div id=\"text-box-962499943\" class=\"text-box banner-layer x50 md-x50 lg-x50 y50 md-y50 lg-y50 res-text\">\n                                <div class=\"text-box-content text dark\">\n              \n              <div class=\"text-inner text-center\">\n                  \n\n<h1 style=\"text-align: center;\"><span style=\"font-size: 90%; color: #000000;\">Agencements \u00e9v\u00e9nementiels<\/span><\/h1>\n\t<div id=\"text-4131306890\" class=\"text\">\n\t\t\n\n<p>L\u2019agencement \u00e9v\u00e9nementiel doit allier une synergie de trois \u00e9l\u00e9ments : la sc\u00e9nographie, la technologie et le design. Ceux-ci sont d\u00e9terminants pour faire d\u2019un \u00e9v\u00e9nement une exp\u00e9rience marquante. L\u2019\u00e9motion doit \u00eatre au c\u0153ur de toutes les attentions dans un projet \u00e9v\u00e9nementiel.<\/p>\n\t\t\n<style>\n#text-4131306890 {\n  font-size: 1.1rem;\n  text-align: center;\n  color: rgb(0,0,0);\n}\n#text-4131306890 > * {\n  color: rgb(0,0,0);\n}\n@media (min-width:550px) {\n  #text-4131306890 {\n    font-size: 1.3rem;\n  }\n}\n<\/style>\n\t<\/div>\n\t\n\n              <\/div>\n           <\/div>\n                            \n<style>\n#text-box-962499943 {\n  width: 88%;\n}\n#text-box-962499943 .text-box-content {\n  font-size: 100%;\n}\n<\/style>\n    <\/div>\n \n\n        <\/div>\n      <\/div>\n\n            \n<style>\n#banner-2078575766 {\n  padding-top: 300px;\n  background-color: rgb(230, 230, 230);\n}\n<\/style>\n  <\/div>\n\n\n\n\t\t<\/div>\n\n\t\t\n<style>\n#section_1967412383 {\n  padding-top: 30px;\n  padding-bottom: 30px;\n}\n<\/style>\n\t<\/section>\n\t\n<div class=\"slider-wrapper relative\" id=\"slider-1986965000\" >\n    <div class=\"slider slider-nav-circle slider-nav-large slider-nav-light slider-style-normal slider-show-nav\"\n        data-flickity-options='{\n            \"cellAlign\": \"center\",\n            \"imagesLoaded\": true,\n            \"lazyLoad\": 1,\n            \"freeScroll\": false,\n            \"wrapAround\": true,\n            \"autoPlay\": 2000,\n            \"pauseAutoPlayOnHover\" : true,\n            \"prevNextButtons\": true,\n            \"contain\" : true,\n            \"adaptiveHeight\" : true,\n            \"dragThreshold\" : 10,\n            \"percentPosition\": true,\n            \"pageDots\": true,\n            \"rightToLeft\": false,\n            \"draggable\": true,\n            \"selectedAttraction\": 0.1,\n            \"parallax\" : 0,\n            \"friction\": 0.6        }'\n        >\n        \n\n\n  <div class=\"banner has-hover\" id=\"banner-1782538100\">\n          <div class=\"banner-inner fill\">\n        <div class=\"banner-bg fill\" >\n            <img loading=\"lazy\" decoding=\"async\" width=\"1900\" height=\"780\" src=\"https:\/\/solutionscustom.ch\/wp-content\/uploads\/2023\/01\/meubles.jpg\" class=\"bg attachment-original size-original\" alt=\"\" \/>                        <div class=\"overlay\"><\/div>            \n                    <\/div>\n\t\t\n        <div class=\"banner-layers container\">\n            <div class=\"fill banner-link\"><\/div>            \n\n   <div id=\"text-box-1592089343\" class=\"text-box banner-layer x50 md-x50 lg-x50 y50 md-y50 lg-y50 res-text\">\n                                <div class=\"text-box-content text dark\">\n              \n              <div class=\"text-inner text-center\">\n                  \n\n<h2 class=\"uppercase\">MOBILIER<\/h2>\n\n              <\/div>\n           <\/div>\n                            \n<style>\n#text-box-1592089343 {\n  width: 60%;\n}\n#text-box-1592089343 .text-box-content {\n  font-size: 100%;\n}\n@media (min-width:550px) {\n  #text-box-1592089343 {\n    width: 44%;\n  }\n}\n<\/style>\n    <\/div>\n \n\n        <\/div>\n      <\/div>\n\n            \n<style>\n#banner-1782538100 {\n  padding-top: 380px;\n}\n#banner-1782538100 .overlay {\n  background-color: rgba(0, 0, 0, 0.285);\n}\n#banner-1782538100 .banner-bg img {\n  object-position: 49% 28%;\n}\n<\/style>\n  <\/div>\n\n\n\n  <div class=\"banner has-hover has-slide-effect slide-zoom-in-fast\" id=\"banner-1422337877\">\n          <div class=\"banner-inner fill\">\n        <div class=\"banner-bg fill\" >\n            <img loading=\"lazy\" decoding=\"async\" width=\"633\" height=\"886\" src=\"https:\/\/solutionscustom.ch\/wp-content\/uploads\/2023\/01\/stand_intro.jpg\" class=\"bg attachment-original size-original\" alt=\"\" \/>                                    \n                    <\/div>\n\t\t\n        <div class=\"banner-layers container\">\n            <div class=\"fill banner-link\"><\/div>            \n\n   <div id=\"text-box-149002451\" class=\"text-box banner-layer x50 md-x50 lg-x50 y50 md-y50 lg-y50 res-text\">\n                                <div class=\"text-box-content text dark\">\n              \n              <div class=\"text-inner text-center\">\n                  \n\n<h2 class=\"uppercase\">ESPACE EPHEMERE<\/h2>\n\n              <\/div>\n           <\/div>\n                            \n<style>\n#text-box-149002451 {\n  width: 60%;\n}\n#text-box-149002451 .text-box-content {\n  font-size: 100%;\n}\n@media (min-width:550px) {\n  #text-box-149002451 {\n    width: 71%;\n  }\n}\n<\/style>\n    <\/div>\n \n\n        <\/div>\n      <\/div>\n\n            \n<style>\n#banner-1422337877 {\n  padding-top: 380px;\n}\n#banner-1422337877 .banner-bg img {\n  object-position: 49% 60%;\n}\n<\/style>\n  <\/div>\n\n\n\n  <div class=\"banner has-hover has-slide-effect slide-zoom-in-fast\" id=\"banner-1674105373\">\n          <div class=\"banner-inner fill\">\n        <div class=\"banner-bg fill\" >\n            <img loading=\"lazy\" decoding=\"async\" width=\"1567\" height=\"886\" src=\"https:\/\/solutionscustom.ch\/wp-content\/uploads\/2023\/01\/HSBC_4.jpg\" class=\"bg attachment-original size-original\" alt=\"\" \/>                                    \n                    <\/div>\n\t\t\n        <div class=\"banner-layers container\">\n            <div class=\"fill banner-link\"><\/div>            \n\n   <div id=\"text-box-751037652\" class=\"text-box banner-layer x50 md-x50 lg-x50 y50 md-y50 lg-y50 res-text\">\n                                <div class=\"text-box-content text dark\">\n              \n              <div class=\"text-inner text-center\">\n                  \n\n<h2 class=\"uppercase\">STAND<\/h2>\n\n              <\/div>\n           <\/div>\n                            \n<style>\n#text-box-751037652 {\n  width: 60%;\n}\n#text-box-751037652 .text-box-content {\n  font-size: 100%;\n}\n@media (min-width:550px) {\n  #text-box-751037652 {\n    width: 44%;\n  }\n}\n<\/style>\n    <\/div>\n \n\n        <\/div>\n      <\/div>\n\n            \n<style>\n#banner-1674105373 {\n  padding-top: 380px;\n}\n#banner-1674105373 .banner-bg img {\n  object-position: 49% 60%;\n}\n<\/style>\n  <\/div>\n\n\n\n     <\/div>\n\n     <div class=\"loading-spin dark large centered\"><\/div>\n\n\t<\/div>\n\n\n<div class=\"row\"  id=\"row-1006460384\">\n\n\n\t<div id=\"col-412380557\" class=\"col medium-4 small-12 large-4\"  >\n\t\t\t\t<div class=\"col-inner text-center\"  >\n\t\t\t\n\t\t\t\n\n\t<div id=\"text-1859376221\" class=\"text\">\n\t\t\n\n<h2><span style=\"color: #000000;\">Stand<\/span><\/h2>\n<p>Vous projetez de mettre en place un stand d\u2019exposition ?<\/p>\n\t\t\n<style>\n#text-1859376221 {\n  text-align: center;\n}\n<\/style>\n\t<\/div>\n\t\n<a href=\"https:\/\/solutionscustom.ch\/stand-dexposition\/\" class=\"button alert lowercase\"  style=\"border-radius:10px;\">\n\t\t<span>En savoir plus<\/span>\n\t<\/a>\n\n\n\n\t\t<\/div>\n\t\t\t\t\t<\/div>\n\n\t\n\n\t<div id=\"col-1039989854\" class=\"col medium-4 small-12 large-4\"  >\n\t\t\t\t<div class=\"col-inner text-center\"  >\n\t\t\t\n\t\t\t\n\n\t<div id=\"text-819447375\" class=\"text\">\n\t\t\n\n<h2><span style=\"color: #000000;\">Espace \u00e9ph\u00e9m\u00e8re<\/span><\/h2>\n<p>Vous souhaitez am\u00e9nager un espace \u00e9v\u00e8nementiel d\u00e9di\u00e9 \u00e0 la vente ?<\/p>\n\t\t\n<style>\n#text-819447375 {\n  text-align: center;\n}\n<\/style>\n\t<\/div>\n\t\n<a href=\"https:\/\/solutionscustom.ch\/espaces-ephemeres\/\" class=\"button alert lowercase\"  style=\"border-radius:10px;\">\n\t\t<span>En savoir plus<\/span>\n\t<\/a>\n\n\n\n\t\t<\/div>\n\t\t\t\t\t<\/div>\n\n\t\n\n\t<div id=\"col-1979342892\" class=\"col medium-4 small-12 large-4\"  >\n\t\t\t\t<div class=\"col-inner text-center\"  >\n\t\t\t\n\t\t\t\n\n\t<div id=\"text-2666333440\" class=\"text\">\n\t\t\n\n<h2><span style=\"color: #000000;\">Mobilier<\/span><\/h2>\n<p>Vous d\u00e9sirez un mobilier personnalis\u00e9, durable et r\u00e9utilisable ?<\/p>\n\t\t\n<style>\n#text-2666333440 {\n  text-align: center;\n}\n<\/style>\n\t<\/div>\n\t\n<a href=\"https:\/\/solutionscustom.ch\/mobilier-a-la-location-et-a-la-vente\/\" class=\"button alert lowercase\"  style=\"border-radius:10px;\">\n\t\t<span>En savoir plus<\/span>\n\t<\/a>\n\n\n\n\t\t<\/div>\n\t\t\t\t\t<\/div>\n\n\t\n\n<\/div>\n<div class=\"message-box relative dark\" style=\"padding-top:36px;padding-bottom:36px;\"><div class=\"message-box-bg-image bg-fill fill\" ><\/div><div class=\"message-box-bg-overlay bg-fill fill\" style=\"background-color:rgb(74, 74, 74);\"><\/div><div class=\"container relative\"><div class=\"inner last-reset\">\n\n<div class=\"row\"  id=\"row-628291196\">\n\n\n\t<div id=\"col-1309691136\" class=\"col medium-7 small-12 large-7\"  >\n\t\t\t\t<div class=\"col-inner\"  >\n\t\t\t\n\t\t\t\n\n<h2 class=\"uppercase\">DON'T HESITATE TO CONTACT US<\/h2>\n<p>We are available to advise you and answer any questions you may have, or to contact one of our dealers.<\/p>\n\t<div id=\"gap-1355042215\" class=\"gap-element clearfix\" style=\"display:block; height:auto;\">\n\t\t\n<style>\n#gap-1355042215 {\n  padding-top: 30px;\n}\n<\/style>\n\t<\/div>\n\t\n\n<a data-animate=\"flipInY\" class=\"button white is-outline is-xsmall\"  >\n\t\t<span>Contact us<\/span>\n\t<\/a>\n\n\n\n\t\t<\/div>\n\t\t\t\t\t<\/div>\n\n\t\n\n\t<div id=\"col-1179590374\" class=\"col medium-5 small-12 large-5\"  >\n\t\t\t\t<div class=\"col-inner text-right\"  >\n\t\t\t\n\t\t\t\n\n<p><span class=\"widget-title\">CONTACT<\/span><\/p>\n<div class=\"textwidget\">\n<p>Solutions custom made S\u00e0rl<br>Rue de Combremont 4 - 1908 Riddes<br>T +41 79 226 76 31<br><a href=\"mailto:info@solutions.best\" target=\"_blank\" rel=\"noopener noreferrer\">info@solutions.best<\/a><\/p>\n<\/div>\n\t<div id=\"gap-1714879229\" class=\"gap-element clearfix\" style=\"display:block; height:auto;\">\n\t\t\n<style>\n#gap-1714879229 {\n  padding-top: 10px;\n}\n<\/style>\n\t<\/div>\n\t\n\n\n\t\t<\/div>\n\t\t\t\t\t<\/div>\n\n\t\n\n<\/div>\n\n<\/div><\/div><\/div>\n\n\n","protected":false},"excerpt":{"rendered":"","protected":false},"author":4,"featured_media":0,"parent":0,"menu_order":0,"comment_status":"closed","ping_status":"closed","template":"page-blank.php","meta":{"footnotes":""},"class_list":["post-9135","page","type-page","status-publish","hentry"],"_links":{"self":[{"href":"https:\/\/solutionscustom.ch\/en\/wp-json\/wp\/v2\/pages\/9135","targetHints":{"allow":["GET"]}}],"collection":[{"href":"https:\/\/solutionscustom.ch\/en\/wp-json\/wp\/v2\/pages"}],"about":[{"href":"https:\/\/solutionscustom.ch\/en\/wp-json\/wp\/v2\/types\/page"}],"author":[{"embeddable":true,"href":"https:\/\/solutionscustom.ch\/en\/wp-json\/wp\/v2\/users\/4"}],"replies":[{"embeddable":true,"href":"https:\/\/solutionscustom.ch\/en\/wp-json\/wp\/v2\/comments?post=9135"}],"version-history":[{"count":4,"href":"https:\/\/solutionscustom.ch\/en\/wp-json\/wp\/v2\/pages\/9135\/revisions"}],"predecessor-version":[{"id":12321,"href":"https:\/\/solutionscustom.ch\/en\/wp-json\/wp\/v2\/pages\/9135\/revisions\/12321"}],"wp:attachment":[{"href":"https:\/\/solutionscustom.ch\/en\/wp-json\/wp\/v2\/media?parent=9135"}],"curies":[{"name":"wp","href":"https:\/\/api.w.org\/{rel}","templated":true}]}}