{"id":12066,"date":"2024-01-23T11:25:32","date_gmt":"2024-01-23T10:25:32","guid":{"rendered":"https:\/\/prod.solutionscustom.ch\/dealer-inquiry\/"},"modified":"2024-03-13T20:54:16","modified_gmt":"2024-03-13T19:54:16","slug":"dealer-inquiry","status":"publish","type":"page","link":"https:\/\/solutionscustom.ch\/en\/dealer-inquiry\/","title":{"rendered":"Become a dealer"},"content":{"rendered":"\n\n  <div class=\"banner has-hover\" id=\"banner-505871986\">\n          <div class=\"banner-inner fill\">\n        <div class=\"banner-bg fill\" >\n            <img loading=\"lazy\" decoding=\"async\" width=\"1198\" height=\"709\" src=\"https:\/\/solutionscustom.ch\/wp-content\/uploads\/2024\/01\/Atelier-Francais-x-Paranocta-2023.png\" class=\"bg attachment-original size-original\" alt=\"\" \/>                                    \n                    <\/div>\n\t\t\n        <div class=\"banner-layers container\">\n            <div class=\"fill banner-link\"><\/div>            \n\n   <div id=\"text-box-1540151100\" class=\"text-box banner-layer x5 md-x5 lg-x5 y90 md-y50 lg-y50 res-text\">\n                                <div class=\"text-box-content text box-shadow-1 dark\">\n              \n              <div class=\"text-inner text-left\">\n                  \n\n<h3><span style=\"font-size: 120%;\">Rejoignez l&#8217;aventure avec Custom Solutions en tant que revendeur<\/span><\/h3>\n<p>Vous \u00eates passionn\u00e9 par le monde du plein air et souhaitez enrichir votre gamme de produits avec du mat\u00e9riel de qualit\u00e9 ? Nomadisa Suisse, expert en solutions de grillades portables, vous invite \u00e0 devenir partenaire de son r\u00e9seau de distribution.<\/p>\n\n              <\/div>\n           <\/div>\n                            \n<style>\n#text-box-1540151100 .text-box-content {\n  background-color: rgba(0, 0, 0, 0.57);\n  font-size: 100%;\n}\n#text-box-1540151100 .text-inner {\n  padding: 30px 30px 30px 30px;\n}\n#text-box-1540151100 {\n  width: 88%;\n}\n@media (min-width:550px) {\n  #text-box-1540151100 {\n    width: 41%;\n  }\n}\n<\/style>\n    <\/div>\n \n\n        <\/div>\n      <\/div>\n\n            \n<style>\n#banner-505871986 {\n  padding-top: 500px;\n}\n#banner-505871986 .banner-bg img {\n  object-position: 55% 7%;\n}\n<\/style>\n  <\/div>\n\n\n\n\t<section class=\"section\" id=\"section_1527297424\">\n\t\t<div class=\"section-bg fill\" >\n\t\t\t\t\t\t\t\t\t<div class=\"section-bg-overlay absolute fill\"><\/div>\n\t\t\t\n\t<div class=\"is-border\"\n\t\tstyle=\"border-width:1px 0px 1px 0px;\">\n\t<\/div>\n\n\t\t<\/div>\n\n\t\t\n\n\t\t<div class=\"section-content relative\">\n\t\t\t\n\n<div class=\"row row-large align-middle\"  id=\"row-268393072\">\n\n\n\t<div id=\"col-1322980144\" class=\"col medium-6 small-12 large-6\"  >\n\t\t\t\t<div class=\"col-inner text-left\"  >\n\t\t\t\n\t\t\t\n\n<h2><span style=\"font-size: 120%;\"><strong>Pourquoi devenir revendeur ?<\/strong><\/span><\/h2>\n<p><strong>Expertise reconnue :<\/strong> <br \/>Associez-vous \u00e0 une marque sp\u00e9cialis\u00e9e dans l&#8217;innovation des grills portables.<\/p>\n<p><strong>Support d\u00e9di\u00e9 :<\/strong> <br \/>B\u00e9n\u00e9ficiez de nos supports m\u00e9dia et d&#8217;un accompagnement pour r\u00e9pondre au mieux aux besoins de vos clients. (sous conditions, \u00a0display de vente et pr\u00e9sentation TEGO)<\/p>\n<p><strong>Produits de qualit\u00e9 :<\/strong> <br \/>Offrez \u00e0 votre client\u00e8le des produits con\u00e7us pour l&#8217;aventure et la convivialit\u00e9, avec un design suisse distinctif. (avec stock disponible en Suisse)<\/p>\n<p><strong>Contactez-nous d\u00e8s aujourd&#8217;hui<\/strong>\u00a0 pour d\u00e9couvrir comment nous pouvons travailler ensemble afin d&#8217;\u00e9largir votre gamme de produits et de ravir les passionn\u00e9s de barbecue en plein air<\/p>\n\n\t\t<\/div>\n\t\t\t\t\t<\/div>\n\n\t\n\n\t<div id=\"col-1044497146\" class=\"col medium-6 small-12 large-6\"  >\n\t\t\t\t<div class=\"col-inner\"  >\n\t\t\t\n\t\t\t\n\n\t<div class=\"img has-hover x md-x lg-x y md-y lg-y\" id=\"image_2133931612\">\n\t\t\t\t\t\t\t\t<div class=\"img-inner box-shadow-2 dark\" >\n\t\t\t\t\t\t\t\t\t\n\t\t\t\t\t<\/div>\n\t\t\t\t\t\t\t\t\n<style>\n#image_2133931612 {\n  width: 100%;\n}\n<\/style>\n\t<\/div>\n\t\n\n\t<div class=\"img has-hover x md-x lg-x y md-y lg-y\" id=\"image_1619231671\">\n\t\t\t\t\t\t\t\t<div class=\"img-inner dark\" >\n\t\t\t\t\t\t\t\t\t\n\t\t\t\t\t<\/div>\n\t\t\t\t\t\t\t\t\n<style>\n#image_1619231671 {\n  width: 100%;\n}\n<\/style>\n\t<\/div>\n\t\n\n\n\n\t\t<\/div>\n\t\t\t\t\t<\/div>\n\n\t\n\n<\/div>\n\n\t\t<\/div>\n\n\t\t\n<style>\n#section_1527297424 {\n  padding-top: 60px;\n  padding-bottom: 60px;\n  background-color: rgb(193, 193, 193);\n}\n#section_1527297424 .section-bg-overlay {\n  background-color: rgba(255, 255, 255, 0.85);\n}\n<\/style>\n\t<\/section>\n\t\n\n<div class=\"message-box relative dark\" style=\"padding-top:36px;padding-bottom:36px;\"><div class=\"message-box-bg-image bg-fill fill\" ><\/div><div class=\"message-box-bg-overlay bg-fill fill\" style=\"background-color:rgb(74, 74, 74);\"><\/div><div class=\"container relative\"><div class=\"inner last-reset\">\n\n<div class=\"row align-middle\"  id=\"row-932430324\">\n\n\n\t<div id=\"col-2007786775\" class=\"col medium-6 small-12 large-6\"  >\n\t\t\t\t<div class=\"col-inner\"  >\n\t\t\t\n\t\t\t\n\n<h2 class=\"uppercase\">DON'T HESITATE TO CONTACT US<\/h2>\n<p>We are available to advise you and answer any questions you may have, or to contact one of our dealers.<\/p>\n\t<div id=\"gap-882607095\" class=\"gap-element clearfix\" style=\"display:block; height:auto;\">\n\t\t\n<style>\n#gap-882607095 {\n  padding-top: 30px;\n}\n<\/style>\n\t<\/div>\n\t\n\n<a data-animate=\"flipInY\" href=\"https:\/\/solutionscustom.ch\/en\/contact-us\/\" class=\"button white is-outline lowercase\"  >\n\t\t<span>Contact us<\/span>\n\t<\/a>\n\n\n\n\t\t<\/div>\n\t\t\t\t\t<\/div>\n\n\t\n\n\t<div id=\"col-1348553564\" class=\"col medium-6 small-12 large-6\"  >\n\t\t\t\t<div class=\"col-inner\"  >\n\t\t\t\n\t\t\t\n\n\t<div id=\"gap-1683501925\" class=\"gap-element clearfix show-for-small\" style=\"display:block; height:auto;\">\n\t\t\n<style>\n#gap-1683501925 {\n  padding-top: 30px;\n}\n<\/style>\n\t<\/div>\n\t\n\n<h2 class=\"uppercase\">Join US as a Reseller<\/h2>\n<p>Would you like to enrich your assortment with a variety of high-quality products? Solutions Custom, specialists in the supply of a wide range of solutions, invites you to become a distribution partner in our extensive network.<\/p>\n\t<div id=\"gap-1147360212\" class=\"gap-element clearfix\" style=\"display:block; height:auto;\">\n\t\t\n<style>\n#gap-1147360212 {\n  padding-top: 30px;\n}\n<\/style>\n\t<\/div>\n\t\n\n<a data-animate=\"flipInY\" href=\"https:\/\/solutionscustom.ch\/en\/dealer-inquiry\/\" class=\"button white is-outline lowercase\"  >\n\t\t<span>Become a dealer<\/span>\n\t<\/a>\n\n\n\n\t\t<\/div>\n\t\t\t\t\t<\/div>\n\n\t\n\n<\/div>\n\n<\/div><\/div><\/div>\n\n\n","protected":false},"excerpt":{"rendered":"","protected":false},"author":4,"featured_media":0,"parent":0,"menu_order":0,"comment_status":"closed","ping_status":"closed","template":"page-blank.php","meta":{"footnotes":""},"class_list":["post-12066","page","type-page","status-publish","hentry"],"_links":{"self":[{"href":"https:\/\/solutionscustom.ch\/en\/wp-json\/wp\/v2\/pages\/12066","targetHints":{"allow":["GET"]}}],"collection":[{"href":"https:\/\/solutionscustom.ch\/en\/wp-json\/wp\/v2\/pages"}],"about":[{"href":"https:\/\/solutionscustom.ch\/en\/wp-json\/wp\/v2\/types\/page"}],"author":[{"embeddable":true,"href":"https:\/\/solutionscustom.ch\/en\/wp-json\/wp\/v2\/users\/4"}],"replies":[{"embeddable":true,"href":"https:\/\/solutionscustom.ch\/en\/wp-json\/wp\/v2\/comments?post=12066"}],"version-history":[{"count":5,"href":"https:\/\/solutionscustom.ch\/en\/wp-json\/wp\/v2\/pages\/12066\/revisions"}],"predecessor-version":[{"id":12094,"href":"https:\/\/solutionscustom.ch\/en\/wp-json\/wp\/v2\/pages\/12066\/revisions\/12094"}],"wp:attachment":[{"href":"https:\/\/solutionscustom.ch\/en\/wp-json\/wp\/v2\/media?parent=12066"}],"curies":[{"name":"wp","href":"https:\/\/api.w.org\/{rel}","templated":true}]}}