{"id":10612,"date":"2023-02-05T23:35:13","date_gmt":"2023-02-05T22:35:13","guid":{"rendered":"https:\/\/prod.solutionscustom.ch\/ofyr\/"},"modified":"2024-03-13T21:24:17","modified_gmt":"2024-03-13T20:24:17","slug":"distribution-ofyr","status":"publish","type":"page","link":"https:\/\/solutionscustom.ch\/en\/distribution\/distribution-ofyr\/","title":{"rendered":"OFYR"},"content":{"rendered":"\n<div class=\"slider-wrapper relative\" id=\"slider-283166116\" >\n    <div class=\"slider slider-nav-circle slider-nav-large slider-nav-light slider-style-normal\"\n        data-flickity-options='{\n            \"cellAlign\": \"center\",\n            \"imagesLoaded\": true,\n            \"lazyLoad\": 1,\n            \"freeScroll\": false,\n            \"wrapAround\": true,\n            \"autoPlay\": 6000,\n            \"pauseAutoPlayOnHover\" : true,\n            \"prevNextButtons\": true,\n            \"contain\" : true,\n            \"adaptiveHeight\" : true,\n            \"dragThreshold\" : 10,\n            \"percentPosition\": true,\n            \"pageDots\": true,\n            \"rightToLeft\": false,\n            \"draggable\": true,\n            \"selectedAttraction\": 0.1,\n            \"parallax\" : 0,\n            \"friction\": 0.6        }'\n        >\n        \n\n\n  <div class=\"banner has-hover\" id=\"banner-1867404013\">\n          <div class=\"banner-inner fill\">\n        <div class=\"banner-bg fill\" >\n            <img loading=\"lazy\" decoding=\"async\" width=\"1613\" height=\"1075\" src=\"https:\/\/solutionscustom.ch\/wp-content\/uploads\/2023\/01\/ofyr_food_fire_friends-262.jpeg\" class=\"bg attachment-original size-original\" alt=\"\" \/>                                    \n                    <\/div>\n\t\t\n        <div class=\"banner-layers container\">\n            <div class=\"fill banner-link\"><\/div>            \n\n   <div id=\"text-box-322927667\" class=\"text-box banner-layer text-box-circle x90 md-x90 lg-x90 y95 md-y10 lg-y10 res-text\">\n                                <div class=\"text-box-content text box-shadow-1 dark\">\n              \n              <div class=\"text-inner text-center\">\n                  \n\n<h3><span style=\"font-size: 80%;\">The art of outdoor cooking<\/span><\/h3>\n\n              <\/div>\n           <\/div>\n                            \n<style>\n#text-box-322927667 .text-box-content {\n  background-color: rgba(255, 255, 255, 0.355);\n  font-size: 97%;\n}\n#text-box-322927667 .text-inner {\n  padding: 30px 30px 30px 30px;\n}\n#text-box-322927667 {\n  width: 90%;\n}\n@media (min-width:550px) {\n  #text-box-322927667 {\n    width: 19%;\n  }\n}\n<\/style>\n    <\/div>\n \n\n        <\/div>\n      <\/div>\n\n            \n<style>\n#banner-1867404013 {\n  padding-top: 500px;\n}\n#banner-1867404013 .banner-bg img {\n  object-position: 45% 54%;\n}\n<\/style>\n  <\/div>\n\n\n\n     <\/div>\n\n     <div class=\"loading-spin dark large centered\"><\/div>\n\n\t<\/div>\n\n\n\n\t<section class=\"section\" id=\"section_1890294561\">\n\t\t<div class=\"section-bg fill\" >\n\t\t\t\t\t\t\t\t\t\n\t\t\t\n\n\t\t<\/div>\n\n\t\t\n\n\t\t<div class=\"section-content relative\">\n\t\t\t\n\n\n  <div class=\"banner has-hover\" id=\"banner-736226551\">\n          <div class=\"banner-inner fill\">\n        <div class=\"banner-bg fill\" >\n                                                \n                    <\/div>\n\t\t\n        <div class=\"banner-layers container\">\n            <div class=\"fill banner-link\"><\/div>            \n\n   <div id=\"text-box-42082394\" class=\"text-box banner-layer x50 md-x50 lg-x50 y50 md-y50 lg-y50 res-text\">\n                                <div class=\"text-box-content text dark\">\n              \n              <div class=\"text-inner text-center\">\n                  \n\n<h2><span style=\"color: #282828;\">Great moments always begin with fire<\/span><\/h2>\n\t<div id=\"text-529782976\" class=\"text\">\n\t\t\n\n<p><span style=\"font-size: 80%;\">Rediscover conviviality with OFYR, an outdoor concept transforming outdoor cooking into a moment of sharing. Since its debut in the Netherlands in 2015, OFYR, with its simplicity, versatility and aesthetics, has seduced more than 80 countries. From paella to mulled wine, OFYR reinvents outdoor cooking, all year round. Whether private or professional, everyone appreciates this unique culinary experience.<\/span><\/p>\n\t\t\n<style>\n#text-529782976 {\n  font-size: 1.15rem;\n  text-align: center;\n  color: rgb(0,0,0);\n}\n#text-529782976 > * {\n  color: rgb(0,0,0);\n}\n@media (min-width:550px) {\n  #text-529782976 {\n    font-size: 1.9rem;\n  }\n}\n<\/style>\n\t<\/div>\n\t\n\n              <\/div>\n           <\/div>\n                            \n<style>\n#text-box-42082394 {\n  width: 88%;\n}\n#text-box-42082394 .text-box-content {\n  font-size: 100%;\n}\n<\/style>\n    <\/div>\n \n\n        <\/div>\n      <\/div>\n\n            \n<style>\n#banner-736226551 {\n  padding-top: 500px;\n  background-color: rgb(230, 230, 230);\n}\n<\/style>\n  <\/div>\n\n\n\n\t\t<\/div>\n\n\t\t\n<style>\n#section_1890294561 {\n  padding-top: 30px;\n  padding-bottom: 30px;\n}\n<\/style>\n\t<\/section>\n\t\n\n\t<section class=\"section\" id=\"section_60503960\">\n\t\t<div class=\"section-bg fill\" >\n\t\t\t\t\t\t\t\t\t<div class=\"section-bg-overlay absolute fill\"><\/div>\n\t\t\t\n\n\t\t<\/div>\n\n\t\t\n\n\t\t<div class=\"section-content relative\">\n\t\t\t\n\n<div class=\"row row-large align-middle\"  id=\"row-1991964317\">\n\n\n\t<div id=\"col-905668617\" class=\"col medium-6 small-12 large-6\"  >\n\t\t\t\t<div class=\"col-inner text-left\"  >\n\t\t\t\n\t\t\t\n\n<h2 class=\"uppercase\">RANGE<\/h2>\n<p>Explore the entire OFYR collection, with over 130 products to enhance your outdoor cooking experience. Whether you&#8217;re a barbecue enthusiast or planning an outdoor kitchen, OFYR is the trend-setter in the field.<\/p>\n<a href=\"https:\/\/solutionscustom.ch\/categorie-produit\/ofyr\/\" class=\"button primary lowercase\"  >\n\t\t<span>See the products<\/span>\n\t<\/a>\n\n\n\n\t\t<\/div>\n\t\t\t\t\t<\/div>\n\n\t\n\n\t<div id=\"col-1816180020\" class=\"col medium-6 small-12 large-6\"  >\n\t\t\t\t<div class=\"col-inner\"  >\n\t\t\t\n\t\t\t\n\n\t<div class=\"img has-hover x md-x lg-x y md-y lg-y\" id=\"image_717668720\">\n\t\t\t\t\t\t\t\t<div class=\"img-inner box-shadow-2 dark\" >\n\t\t\t<img loading=\"lazy\" decoding=\"async\" width=\"1020\" height=\"680\" src=\"https:\/\/solutionscustom.ch\/wp-content\/uploads\/2023\/01\/Ofyr_1813-1-scaled-uai-2064x1376-1-1024x683.jpeg\" class=\"attachment-large size-large\" alt=\"\" srcset=\"https:\/\/solutionscustom.ch\/wp-content\/uploads\/2023\/01\/Ofyr_1813-1-scaled-uai-2064x1376-1-1024x683.jpeg 1024w, https:\/\/solutionscustom.ch\/wp-content\/uploads\/2023\/01\/Ofyr_1813-1-scaled-uai-2064x1376-1-300x200.jpeg 300w, https:\/\/solutionscustom.ch\/wp-content\/uploads\/2023\/01\/Ofyr_1813-1-scaled-uai-2064x1376-1-768x512.jpeg 768w, https:\/\/solutionscustom.ch\/wp-content\/uploads\/2023\/01\/Ofyr_1813-1-scaled-uai-2064x1376-1-1536x1024.jpeg 1536w, https:\/\/solutionscustom.ch\/wp-content\/uploads\/2023\/01\/Ofyr_1813-1-scaled-uai-2064x1376-1-2048x1365.jpeg 2048w, https:\/\/solutionscustom.ch\/wp-content\/uploads\/2023\/01\/Ofyr_1813-1-scaled-uai-2064x1376-1-510x340.jpeg 510w\" sizes=\"auto, (max-width: 1020px) 100vw, 1020px\" \/>\t\t\t\t\t\t\n\t\t\t\t\t<\/div>\n\t\t\t\t\t\t\t\t\n<style>\n#image_717668720 {\n  width: 100%;\n}\n<\/style>\n\t<\/div>\n\t\n\n\n\t\t<\/div>\n\t\t\t\t\t<\/div>\n\n\t\n\n<\/div>\n\n\t\t<\/div>\n\n\t\t\n<style>\n#section_60503960 {\n  padding-top: 60px;\n  padding-bottom: 60px;\n  background-color: rgb(255, 255, 255);\n}\n#section_60503960 .section-bg-overlay {\n  background-color: rgba(255, 255, 255, 0.85);\n}\n<\/style>\n\t<\/section>\n\t\n\n\t<section class=\"section\" id=\"section_384626065\">\n\t\t<div class=\"section-bg fill\" >\n\t\t\t\t\t\t\t\t\t\n\t\t\t\n\n\t\t<\/div>\n\n\t\t\n\n\t\t<div class=\"section-content relative\">\n\t\t\t\n\n<div class=\"row row-large align-center row-divided\"  id=\"row-1598122714\">\n\n\n\t<div id=\"col-1742384782\" class=\"col medium-4 large-4\"  >\n\t\t\t\t<div class=\"col-inner\"  >\n\t\t\t\n\t\t\t\n\n\n\t\t<div class=\"icon-box featured-box icon-box-center text-center\"  style=\"margin:0px 0px 0px 0px;\">\n\t\t\t\t\t<div class=\"icon-box-img\" style=\"width: 60px\">\n\t\t\t\t<div class=\"icon\">\n\t\t\t\t\t<div class=\"icon-inner\" style=\"color:rgb(0, 0, 0);\">\n\t\t\t\t\t\t<?xml version=\"1.0\" encoding=\"UTF-8\"?> <svg xmlns=\"http:\/\/www.w3.org\/2000\/svg\" height=\"512\" viewBox=\"0 0 60 60\" width=\"512\"><g id=\"013---Pocket-Knife\" transform=\"translate(-1 -1)\"><path id=\"Shape\" d=\"m31 5c-3.3137085 0-6 2.6862915-6 6s2.6862915 6 6 6 6-2.6862915 6-6-2.6862915-6-6-6zm0 10c-2.209139 0-4-1.790861-4-4s1.790861-4 4-4 4 1.790861 4 4c0 1.060866-.4214274 2.0782816-1.1715729 2.8284271s-1.7675611 1.1715729-2.8284271 1.1715729z\"><\/path><path id=\"Shape\" d=\"m35 46h-1v-1c0-1.1045695-.8954305-2-2-2h-2c-1.1045695 0-2 .8954305-2 2v1h-1c-1.1045695 0-2 .8954305-2 2v2c0 1.1045695.8954305 2 2 2h1v1c0 1.1045695.8954305 2 2 2h2c1.1045695 0 2-.8954305 2-2v-1h1c1.1045695 0 2-.8954305 2-2v-2c0-1.1045695-.8954305-2-2-2zm0 4h-2c-.5522847 0-1 .4477153-1 1v2h-2v-2c0-.5522847-.4477153-1-1-1h-2v-2h2c.5522847 0 1-.4477153 1-1v-2h2v2c0 .5522847.4477153 1 1 1h2z\"><\/path><path id=\"Shape\" d=\"m58 14c1 0 1.45-.63 2.4-1.58.3786253-.3755332.5915966-.8867249.5915966-1.42s-.2129713-1.0444668-.5915966-1.42l-1-1c-.3725213-.36948833-.8753202-.57779076-1.4-.58h-17.46c-1.4803279-4.71048024-6.1771061-7.63541648-11.057531-6.88611889-4.880425.74929758-8.4834242 4.94850877-8.482469 9.88611889v19.28l-.95-1-.22-1.92c-.1056711-.9247254-.8352746-1.6543289-1.76-1.76l-1.47-.17-.17-1.43c-.1056711-.9247254-.8352746-1.6543289-1.76-1.76l-1.47-.17-.2-1.45c-.1031058-.935255-.844179-1.6721649-1.78-1.77l-1.45-.16-.16-1.45c-.10132447-.9286189-.83197008-1.6634159-1.76-1.77l-1.43-.17-.1-1c-.13391133-.9743584-.79264268-1.7962047-1.71448025-2.1390196-.92183756-.3428149-1.95750033-.1510834-2.69551975.4990196-.55934846.4796675-.88988078 1.1734222-.91 1.91-.09641277 3.7398699.78973504 7.4396232 2.57 10.73 2.66 4.88 2.07 3.75 17.43 19.11v.59h-7c-1.1045695 0-2 .8954305-2 2h-4c0-1.1045695-.8954305-2-2-2h-3c-1.1045695 0-2 .8954305-2 2 0 3.3137085 2.6862915 6 6 6h14.2c1.0223435 5.0347855 5.6934688 8.4757374 10.8049921 7.9594219s9.0001711-4.8218909 8.9950079-9.9594219v-19.93l6.36 6.37c2.7148487 2.7103066 5.9404546 4.8550455 9.49 6.31 1.1143851.4460619 2.3873844.184927 3.2361557-.6638443s1.1099062-2.1217706.6638443-3.2361557c-1.4549545-3.5495454-3.5996934-6.7751513-6.31-9.49l-13.44-13.43v-2.93zm0-4 1 1-1 1h-17c.0341404-.6662296.0341404-1.3337704 0-2zm-52.67 14.35c-1.61756099-2.9824767-2.42117471-6.33834-2.33-9.73.04126923-.3359096.32656479-.5882993.665-.5882993s.62373077.2523897.665.5882993l.1.94c.12372699.9124186.85441146 1.6224622 1.77 1.72l1.47.18.16 1.45c.10310576.935255.84417899 1.6721649 1.78 1.77l1.45.16.16 1.46c.1031058.935255.844179 1.6721649 1.78 1.77l1.47.16.17 1.49c.1142757.916931.8418229 1.6362106 1.76 1.74l1.47.17.26 2.27c.05.48.07.38 2.89 3.2v8.49c-13.94-13.93-13.29-12.82-15.69-17.24zm1.67 26.65c-2.209139 0-4-1.790861-4-4h3c0 1.1045695.8954305 2 2 2h4c1.1045695 0 2-.8954305 2-2h7v4zm32 0c0 4.418278-3.581722 8-8 8s-8-3.581722-8-8v-40c0-4.418278 3.581722-8 8-8s8 3.581722 8 8zm14-19.22c2.4667856 2.4621147 4.4270704 5.3838563 5.77 8.6l-15-15c-.2443899-.2853762-.6281184-.4096819-.993419-.3218101-.3653005.0878718-.6505193.3730906-.7383911.7383911-.0878718.3653006.0364339.7490291.3218101.993419l15 15c-3.2100584-1.3522977-6.1247374-3.3191965-8.58-5.79l-7.78-7.75v-8.5z\"><\/path><path id=\"Shape\" d=\"m26 22c.5522847 0 1-.4477153 1-1v-2c0-.5522847-.4477153-1-1-1s-1 .4477153-1 1v2c0 .5522847.4477153 1 1 1z\"><\/path><path id=\"Shape\" d=\"m26 42c.5522847 0 1-.4477153 1-1v-16c0-.5522847-.4477153-1-1-1s-1 .4477153-1 1v16c0 .5522847.4477153 1 1 1z\"><\/path><\/g><\/svg> \t\t\t\t\t<\/div>\n\t\t\t\t<\/div>\n\t\t\t<\/div>\n\t\t\t\t<div class=\"icon-box-text last-reset\">\n\t\t\t<h5 class=\"uppercase\">Culinary versatility<\/h5>\t\t\t\t\t\t\n\n<p>With OFYR, turn your barbecue into a real outdoor kitchen. Our wood-fired brazier-planchas expand your culinary possibilities.<\/p>\n\n\t\t<\/div>\n\t<\/div>\n\t\n\t\n\n\t\t<\/div>\n\t\t\t\t\t<\/div>\n\n\t\n\n\t<div id=\"col-1682002591\" class=\"col medium-4 large-4\"  >\n\t\t\t\t<div class=\"col-inner\"  >\n\t\t\t\n\t\t\t\n\n\n\t\t<div class=\"icon-box featured-box icon-box-center text-center\"  style=\"margin:0px 0px 0px 0px;\">\n\t\t\t\t\t<div class=\"icon-box-img\" style=\"width: 60px\">\n\t\t\t\t<div class=\"icon\">\n\t\t\t\t\t<div class=\"icon-inner\" >\n\t\t\t\t\t\t<?xml version=\"1.0\" encoding=\"UTF-8\" standalone=\"no\"?> <svg xmlns=\"http:\/\/www.w3.org\/2000\/svg\" xmlns:svg=\"http:\/\/www.w3.org\/2000\/svg\" version=\"1.1\" id=\"svg1116\" xml:space=\"preserve\" width=\"682.66669\" height=\"682.66669\" viewBox=\"0 0 682.66669 682.66669\"><defs id=\"defs1120\"><clipPath id=\"clipPath1130\"><path d=\"M 0,512 H 512 V 0 H 0 Z\" id=\"path1128\"><\/path><\/clipPath><\/defs><g id=\"g1122\" transform=\"matrix(1.3333333,0,0,-1.3333333,0,682.66667)\"><g id=\"g1124\"><g id=\"g1126\" clip-path=\"url(#clipPath1130)\"><g id=\"g1132\" transform=\"translate(376,196)\"><path d=\"m 0,0 c 0,-66.274 -53.726,-120 -120,-120 -66.274,0 -120,53.726 -120,120 0,66.274 53.726,120 120,120 C -53.726,120 0,66.274 0,0 Z\" style=\"fill:none;stroke:#000000;stroke-width:20;stroke-linecap:round;stroke-linejoin:round;stroke-miterlimit:10;stroke-dasharray:none;stroke-opacity:1\" id=\"path1134\"><\/path><\/g><g id=\"g1136\" transform=\"translate(256,156)\"><path d=\"M 0,0 C -22.061,0 -40,17.939 -40,40 -40,62.061 -22.061,80 0,80 22.061,80 40,62.061 40,40 40,17.939 22.061,0 0,0\" style=\"fill:#000000;fill-opacity:1;fill-rule:nonzero;stroke:none\" id=\"path1138\"><\/path><\/g><g id=\"g1140\" transform=\"translate(256,156)\"><path d=\"M 0,0 C -22.061,0 -40,17.939 -40,40 -40,62.061 -22.061,80 0,80 22.061,80 40,62.061 40,40 40,17.939 22.061,0 0,0 Z\" style=\"fill:none;stroke:#000000;stroke-width:20;stroke-linecap:round;stroke-linejoin:round;stroke-miterlimit:10;stroke-dasharray:none;stroke-opacity:1\" id=\"path1142\"><\/path><\/g><g id=\"g1144\" transform=\"translate(10,196)\"><path d=\"M 0,0 C 0,0 106,120 246,120 386,120 492,0 492,0 492,0 386,-120 246,-120 106,-120 0,0 0,0 Z\" style=\"fill:none;stroke:#000000;stroke-width:20;stroke-linecap:round;stroke-linejoin:round;stroke-miterlimit:10;stroke-dasharray:none;stroke-opacity:1\" id=\"path1146\"><\/path><\/g><g id=\"g1148\" transform=\"translate(136,403.8462)\"><path d=\"M 0,0 30,-51.961\" style=\"fill:none;stroke:#000000;stroke-width:20;stroke-linecap:round;stroke-linejoin:round;stroke-miterlimit:10;stroke-dasharray:none;stroke-opacity:1\" id=\"path1150\"><\/path><\/g><g id=\"g1152\" transform=\"translate(376,403.8462)\"><path d=\"M 0,0 -30,-51.961\" style=\"fill:none;stroke:#000000;stroke-width:20;stroke-linecap:round;stroke-linejoin:round;stroke-miterlimit:10;stroke-dasharray:none;stroke-opacity:1\" id=\"path1154\"><\/path><\/g><g id=\"g1156\" transform=\"translate(256,436)\"><path d=\"M 0,0 V -60\" style=\"fill:none;stroke:#000000;stroke-width:20;stroke-linecap:round;stroke-linejoin:round;stroke-miterlimit:10;stroke-dasharray:none;stroke-opacity:1\" id=\"path1158\"><\/path><\/g><\/g><\/g><\/g><\/svg> \t\t\t\t\t<\/div>\n\t\t\t\t<\/div>\n\t\t\t<\/div>\n\t\t\t\t<div class=\"icon-box-text last-reset\">\n\t\t\t<h5 class=\"uppercase\">Design and Sustainability<\/h5>\t\t\t\t\t\t\n\n<p>OFYR combines aesthetics and sturdiness. Our garden furniture, made from durable materials, adds a touch of harmony to your outdoor space.<\/p>\n\n\t\t<\/div>\n\t<\/div>\n\t\n\t\n\n\t\t<\/div>\n\t\t\t\t\t<\/div>\n\n\t\n\n\t<div id=\"col-467644772\" class=\"col medium-4 large-4\"  >\n\t\t\t\t<div class=\"col-inner\"  >\n\t\t\t\n\t\t\t\n\n\n\t\t<div class=\"icon-box featured-box icon-box-center text-center\"  style=\"margin:0px 0px 0px 0px;\">\n\t\t\t\t\t<div class=\"icon-box-img\" style=\"width: 60px\">\n\t\t\t\t<div class=\"icon\">\n\t\t\t\t\t<div class=\"icon-inner\" >\n\t\t\t\t\t\t<img loading=\"lazy\" decoding=\"async\" width=\"425\" height=\"425\" src=\"https:\/\/solutionscustom.ch\/wp-content\/uploads\/2023\/05\/men-couple.svg\" class=\"attachment-medium size-medium\" alt=\"\" \/>\t\t\t\t\t<\/div>\n\t\t\t\t<\/div>\n\t\t\t<\/div>\n\t\t\t\t<div class=\"icon-box-text last-reset\">\n\t\t\t<h5 class=\"uppercase\">Plaisir Partag\u00e9<\/h5>\t\t\t\t\t\t\n\n<p>Our OFYR Tabl&#8217;O table-top griddle is the perfect combination of conviviality and small space. For more inspiration, check out our &#8220;How To OFYR&#8221; video series.<\/p>\n\n\t\t<\/div>\n\t<\/div>\n\t\n\t\n\n\t\t<\/div>\n\t\t\t\t\t<\/div>\n\n\t\n\n<\/div>\n\n\t\t<\/div>\n\n\t\t\n<style>\n#section_384626065 {\n  padding-top: 30px;\n  padding-bottom: 30px;\n  background-color: rgb(255, 255, 255);\n}\n<\/style>\n\t<\/section>\n\t\n\n\t<section class=\"section\" id=\"section_1116897319\">\n\t\t<div class=\"section-bg fill\" >\n\t\t\t\t\t\t\t\t\t\n\t\t\t\n\t<div class=\"is-border\"\n\t\tstyle=\"border-width:1px 0px 1px 0px;\">\n\t<\/div>\n\n\t\t<\/div>\n\n\t\t\n\n\t\t<div class=\"section-content relative\">\n\t\t\t\n\n<div class=\"row align-equal\"  id=\"row-681081325\">\n\n\n\t<div id=\"col-1710890462\" class=\"col medium-3 small-12 large-3\"  >\n\t\t\t\t<div class=\"col-inner\"  >\n\t\t\t\n\t\t\t\n\n<h2 class=\"uppercase\">ACTUS<\/h2>\n<p>Savourez votre journ\u00e9e avec nos derni\u00e8res nouveaut\u00e9s culinaires en mati\u00e8re de grillades !<\/p>\n<a class=\"button primary lowercase\"  >\n\t\t<span>Lire l'ensemble<\/span>\n\t<\/a>\n\n\n\n\t\t<\/div>\n\t\t\t\t\t<\/div>\n\n\t\n\n\t<div id=\"col-346608320\" class=\"col medium-9 small-12 large-9\"  >\n\t\t\t\t<div class=\"col-inner\"  >\n\t\t\t\n\t\t\t\n\n\n  \n    <div class=\"row large-columns-2 medium-columns- small-columns-1 slider row-slider slider-nav-circle slider-nav-push\"  data-flickity-options='{&quot;imagesLoaded&quot;: true, &quot;groupCells&quot;: &quot;100%&quot;, &quot;dragThreshold&quot; : 5, &quot;cellAlign&quot;: &quot;left&quot;,&quot;wrapAround&quot;: true,&quot;prevNextButtons&quot;: true,&quot;percentPosition&quot;: true,&quot;pageDots&quot;: false, &quot;rightToLeft&quot;: false, &quot;autoPlay&quot; : false}' >\n\n  <div class=\"col post-item\" >\n\t\t\t<div class=\"col-inner\">\n\t\t\t\t<div class=\"box box-default box-text-bottom box-blog-post has-hover\">\n            \t\t\t\t\t<div class=\"box-image\" style=\"border-radius:100%;width:58%;\">\n  \t\t\t\t\t\t<div class=\"image-cover\" style=\"padding-top:100%;\">\n\t\t\t\t\t\t\t<a href=\"https:\/\/solutionscustom.ch\/en\/ofyr-your-new-outdoor-kitchen\/\" class=\"plain\" aria-label=\"OFYR, YOUR NEW OUTDOOR KITCHEN\">\n\t\t\t\t\t\t\t\t<img loading=\"lazy\" decoding=\"async\" width=\"300\" height=\"200\" src=\"https:\/\/solutionscustom.ch\/wp-content\/uploads\/2023\/01\/ofyr_food_fire_friends-127-1-scaled-uai-2064x1376-1-300x200.jpeg\" class=\"attachment-medium size-medium wp-post-image\" alt=\"\" srcset=\"https:\/\/solutionscustom.ch\/wp-content\/uploads\/2023\/01\/ofyr_food_fire_friends-127-1-scaled-uai-2064x1376-1-300x200.jpeg 300w, https:\/\/solutionscustom.ch\/wp-content\/uploads\/2023\/01\/ofyr_food_fire_friends-127-1-scaled-uai-2064x1376-1-1024x683.jpeg 1024w, https:\/\/solutionscustom.ch\/wp-content\/uploads\/2023\/01\/ofyr_food_fire_friends-127-1-scaled-uai-2064x1376-1-768x512.jpeg 768w, https:\/\/solutionscustom.ch\/wp-content\/uploads\/2023\/01\/ofyr_food_fire_friends-127-1-scaled-uai-2064x1376-1-1536x1024.jpeg 1536w, https:\/\/solutionscustom.ch\/wp-content\/uploads\/2023\/01\/ofyr_food_fire_friends-127-1-scaled-uai-2064x1376-1-2048x1365.jpeg 2048w, https:\/\/solutionscustom.ch\/wp-content\/uploads\/2023\/01\/ofyr_food_fire_friends-127-1-scaled-uai-2064x1376-1-510x340.jpeg 510w\" sizes=\"auto, (max-width: 300px) 100vw, 300px\" \/>\t\t\t\t\t\t\t<\/a>\n  \t\t\t\t\t\t\t  \t\t\t\t\t\t\t  \t\t\t\t\t\t<\/div>\n  \t\t\t\t\t\t  \t\t\t\t\t<\/div>\n          \t\t\t\t\t<div class=\"box-text text-center\" >\n\t\t\t\t\t<div class=\"box-text-inner blog-post-inner\">\n\n\t\t\t\t\t\n\t\t\t\t\t\t\t\t\t\t<h5 class=\"post-title is-large \">\n\t\t\t\t\t\t<a href=\"https:\/\/solutionscustom.ch\/en\/ofyr-your-new-outdoor-kitchen\/\" class=\"plain\">OFYR, YOUR NEW OUTDOOR KITCHEN<\/a>\n\t\t\t\t\t<\/h5>\n\t\t\t\t\t\t\t\t\t\t<div class=\"is-divider\"><\/div>\n\t\t\t\t\t                    \n\t\t\t\t\t\n\t\t\t\t\t\n\t\t\t\t\t<\/div>\n\t\t\t\t\t<\/div>\n\t\t\t\t\t\t\t\t\t\t\t\t\t\t\t\t<div class=\"badge absolute top post-date badge-circle\">\n\t\t\t\t\t\t\t<div class=\"badge-inner\">\n\t\t\t\t\t\t\t\t<span class=\"post-date-day\">19<\/span><br>\n\t\t\t\t\t\t\t\t<span class=\"post-date-month is-xsmall\">Jan<\/span>\n\t\t\t\t\t\t\t<\/div>\n\t\t\t\t\t\t<\/div>\n\t\t\t\t\t\t\t\t\t<\/div>\n\t\t\t<\/div>\n\t\t<\/div><div class=\"col post-item\" >\n\t\t\t<div class=\"col-inner\">\n\t\t\t\t<div class=\"box box-default box-text-bottom box-blog-post has-hover\">\n            \t\t\t\t\t<div class=\"box-image\" style=\"border-radius:100%;width:58%;\">\n  \t\t\t\t\t\t<div class=\"image-cover\" style=\"padding-top:100%;\">\n\t\t\t\t\t\t\t<a href=\"https:\/\/solutionscustom.ch\/en\/celebrate-summer-with-ofyr-grillades\/\" class=\"plain\" aria-label=\"Celebrate Summer with OFYR Grillades\">\n\t\t\t\t\t\t\t\t<img loading=\"lazy\" decoding=\"async\" width=\"300\" height=\"200\" src=\"https:\/\/solutionscustom.ch\/wp-content\/uploads\/2023\/01\/ofyr_food_fire_friends-278-scaled-uai-2064x1376-1-300x200.jpeg\" class=\"attachment-medium size-medium wp-post-image\" alt=\"\" srcset=\"https:\/\/solutionscustom.ch\/wp-content\/uploads\/2023\/01\/ofyr_food_fire_friends-278-scaled-uai-2064x1376-1-300x200.jpeg 300w, https:\/\/solutionscustom.ch\/wp-content\/uploads\/2023\/01\/ofyr_food_fire_friends-278-scaled-uai-2064x1376-1-1024x683.jpeg 1024w, https:\/\/solutionscustom.ch\/wp-content\/uploads\/2023\/01\/ofyr_food_fire_friends-278-scaled-uai-2064x1376-1-768x512.jpeg 768w, https:\/\/solutionscustom.ch\/wp-content\/uploads\/2023\/01\/ofyr_food_fire_friends-278-scaled-uai-2064x1376-1-1536x1024.jpeg 1536w, https:\/\/solutionscustom.ch\/wp-content\/uploads\/2023\/01\/ofyr_food_fire_friends-278-scaled-uai-2064x1376-1-2048x1365.jpeg 2048w, https:\/\/solutionscustom.ch\/wp-content\/uploads\/2023\/01\/ofyr_food_fire_friends-278-scaled-uai-2064x1376-1-510x340.jpeg 510w\" sizes=\"auto, (max-width: 300px) 100vw, 300px\" \/>\t\t\t\t\t\t\t<\/a>\n  \t\t\t\t\t\t\t  \t\t\t\t\t\t\t  \t\t\t\t\t\t<\/div>\n  \t\t\t\t\t\t  \t\t\t\t\t<\/div>\n          \t\t\t\t\t<div class=\"box-text text-center\" >\n\t\t\t\t\t<div class=\"box-text-inner blog-post-inner\">\n\n\t\t\t\t\t\n\t\t\t\t\t\t\t\t\t\t<h5 class=\"post-title is-large \">\n\t\t\t\t\t\t<a href=\"https:\/\/solutionscustom.ch\/en\/celebrate-summer-with-ofyr-grillades\/\" class=\"plain\">Celebrate Summer with OFYR Grillades<\/a>\n\t\t\t\t\t<\/h5>\n\t\t\t\t\t\t\t\t\t\t<div class=\"is-divider\"><\/div>\n\t\t\t\t\t                    \n\t\t\t\t\t\n\t\t\t\t\t\n\t\t\t\t\t<\/div>\n\t\t\t\t\t<\/div>\n\t\t\t\t\t\t\t\t\t\t\t\t\t\t\t\t<div class=\"badge absolute top post-date badge-circle\">\n\t\t\t\t\t\t\t<div class=\"badge-inner\">\n\t\t\t\t\t\t\t\t<span class=\"post-date-day\">12<\/span><br>\n\t\t\t\t\t\t\t\t<span class=\"post-date-month is-xsmall\">May<\/span>\n\t\t\t\t\t\t\t<\/div>\n\t\t\t\t\t\t<\/div>\n\t\t\t\t\t\t\t\t\t<\/div>\n\t\t\t<\/div>\n\t\t<\/div><\/div>\n\n\n\t\t<\/div>\n\t\t\t\t\t<\/div>\n\n\t\n\n<\/div>\n\n\t\t<\/div>\n\n\t\t\n<style>\n#section_1116897319 {\n  padding-top: 43px;\n  padding-bottom: 43px;\n  min-height: 276px;\n  background-color: rgb(241, 241, 241);\n}\n<\/style>\n\t<\/section>\n\t\n<div class=\"message-box relative dark\" style=\"padding-top:36px;padding-bottom:36px;\"><div class=\"message-box-bg-image bg-fill fill\" ><\/div><div class=\"message-box-bg-overlay bg-fill fill\" style=\"background-color:rgb(74, 74, 74);\"><\/div><div class=\"container relative\"><div class=\"inner last-reset\">\n\n<div class=\"row\"  id=\"row-1446882248\">\n\n\n\t<div id=\"col-1722165770\" class=\"col medium-7 small-12 large-7\"  >\n\t\t\t\t<div class=\"col-inner\"  >\n\t\t\t\n\t\t\t\n\n<h2 class=\"uppercase\">DON'T HESITATE TO CONTACT US<\/h2>\n<p>We are available to advise you and answer any questions you may have, or to contact one of our dealers.<\/p>\n\t<div id=\"gap-1978288733\" class=\"gap-element clearfix\" style=\"display:block; height:auto;\">\n\t\t\n<style>\n#gap-1978288733 {\n  padding-top: 30px;\n}\n<\/style>\n\t<\/div>\n\t\n\n<a data-animate=\"flipInY\" class=\"button white is-outline is-xsmall\"  >\n\t\t<span>Contact us<\/span>\n\t<\/a>\n\n\n\n\t\t<\/div>\n\t\t\t\t\t<\/div>\n\n\t\n\n\t<div id=\"col-1186904291\" class=\"col medium-5 small-12 large-5\"  >\n\t\t\t\t<div class=\"col-inner text-right\"  >\n\t\t\t\n\t\t\t\n\n<p><span class=\"widget-title\">CONTACT<\/span><\/p>\n<div class=\"textwidget\">\n<p>Solutions custom made S\u00e0rl<br>Rue de Combremont 4 - 1908 Riddes<br>T +41 79 226 76 31<br><a href=\"mailto:info@solutions.best\" target=\"_blank\" rel=\"noopener noreferrer\">info@solutions.best<\/a><\/p>\n<\/div>\n\t<div id=\"gap-1568764900\" class=\"gap-element clearfix\" style=\"display:block; height:auto;\">\n\t\t\n<style>\n#gap-1568764900 {\n  padding-top: 10px;\n}\n<\/style>\n\t<\/div>\n\t\n\n\n\t\t<\/div>\n\t\t\t\t\t<\/div>\n\n\t\n\n<\/div>\n\n<\/div><\/div><\/div>\n\n\n","protected":false},"excerpt":{"rendered":"","protected":false},"author":4,"featured_media":0,"parent":10613,"menu_order":0,"comment_status":"closed","ping_status":"closed","template":"page-blank.php","meta":{"footnotes":""},"class_list":["post-10612","page","type-page","status-publish","hentry"],"_links":{"self":[{"href":"https:\/\/solutionscustom.ch\/en\/wp-json\/wp\/v2\/pages\/10612","targetHints":{"allow":["GET"]}}],"collection":[{"href":"https:\/\/solutionscustom.ch\/en\/wp-json\/wp\/v2\/pages"}],"about":[{"href":"https:\/\/solutionscustom.ch\/en\/wp-json\/wp\/v2\/types\/page"}],"author":[{"embeddable":true,"href":"https:\/\/solutionscustom.ch\/en\/wp-json\/wp\/v2\/users\/4"}],"replies":[{"embeddable":true,"href":"https:\/\/solutionscustom.ch\/en\/wp-json\/wp\/v2\/comments?post=10612"}],"version-history":[{"count":5,"href":"https:\/\/solutionscustom.ch\/en\/wp-json\/wp\/v2\/pages\/10612\/revisions"}],"predecessor-version":[{"id":12409,"href":"https:\/\/solutionscustom.ch\/en\/wp-json\/wp\/v2\/pages\/10612\/revisions\/12409"}],"up":[{"embeddable":true,"href":"https:\/\/solutionscustom.ch\/en\/wp-json\/wp\/v2\/pages\/10613"}],"wp:attachment":[{"href":"https:\/\/solutionscustom.ch\/en\/wp-json\/wp\/v2\/media?parent=10612"}],"curies":[{"name":"wp","href":"https:\/\/api.w.org\/{rel}","templated":true}]}}