{"id":12265,"date":"2024-02-09T15:18:17","date_gmt":"2024-02-09T14:18:17","guid":{"rendered":"https:\/\/prod.solutionscustom.ch\/?post_type=product&#038;p=12265"},"modified":"2024-12-09T09:04:57","modified_gmt":"2024-12-09T08:04:57","slug":"tischklemme-copie","status":"publish","type":"product","link":"https:\/\/solutionscustom.ch\/de\/produit\/tischklemme-copie\/","title":{"rendered":"Professionelle Ladestation"},"content":{"rendered":"<p><b class=\"color-black\">Professionelle Ladestation 6 Lampen  <\/b><\/p>\n<p>Unentbehrlich f\u00fcr alle, die in der Gastronomie, im Beherbergungsgewerbe oder in der Veranstaltungsbranche t\u00e4tig sind!<\/p>\n<p>Die Ladestation erm\u00f6glicht dank <strong>magnetischer Kontakte<\/strong> ein <strong>einfaches und schnelles Auf<\/strong> laden. Sie spart <strong>Zeit<\/strong> und <strong>Platz<\/strong> und bietet ein <strong>hohes Ma\u00df an Ergonomie<\/strong>: Als ultramobiles Ger\u00e4t ist sie sehr n\u00fctzlich f\u00fcr die Aufstellung der Bulbee-Lampen, da sie diese so nah wie m\u00f6glich an ihren Befestigungsort heranbringen kann.<\/p>\n<p>Sie ist nicht nur <strong>kompakt<\/strong>, sondern auch <strong>stapelbar<\/strong>, sodass sie auf kleinstem Raum bis zu 12 Lampen aufnehmen und aufladen kann, um nur wenig Platz zu beanspruchen.<\/p>\n<p><em>Bulbee-Lampen werden separat verkauft.<\/em><\/p>\n<p><b class=\"color-black\">Abmessungen: <\/b>L 41 x B 23,5 x H 17,5 cm<\/p>\n<p><b class=\"color-black\">Gewicht: <\/b>2,120 kg (geladen mit 6 Lampen: 3,900 kg)<\/p>\n","protected":false},"excerpt":{"rendered":"<p>Dank ihres Griffs kann die Station 6 Lampen auf einmal einsammeln und sie ganz einfach in wenigen Sekunden aufladen.<\/p>\n","protected":false},"featured_media":12275,"template":"","meta":[],"product_brand":[],"product_cat":[328,313],"product_tag":[],"class_list":{"0":"post-12265","1":"product","2":"type-product","3":"status-publish","4":"has-post-thumbnail","6":"product_cat-ladezubehor","7":"product_cat-paranocta-de","8":"pa_color-beige-de","9":"pa_color-schwarz","10":"pa_color-weis","12":"first","13":"instock","14":"featured","15":"taxable","16":"shipping-taxable","17":"purchasable","18":"product-type-simple"},"_links":{"self":[{"href":"https:\/\/solutionscustom.ch\/de\/wp-json\/wp\/v2\/product\/12265","targetHints":{"allow":["GET"]}}],"collection":[{"href":"https:\/\/solutionscustom.ch\/de\/wp-json\/wp\/v2\/product"}],"about":[{"href":"https:\/\/solutionscustom.ch\/de\/wp-json\/wp\/v2\/types\/product"}],"wp:featuredmedia":[{"embeddable":true,"href":"https:\/\/solutionscustom.ch\/de\/wp-json\/wp\/v2\/media\/12275"}],"wp:attachment":[{"href":"https:\/\/solutionscustom.ch\/de\/wp-json\/wp\/v2\/media?parent=12265"}],"wp:term":[{"taxonomy":"product_brand","embeddable":true,"href":"https:\/\/solutionscustom.ch\/de\/wp-json\/wp\/v2\/product_brand?post=12265"},{"taxonomy":"product_cat","embeddable":true,"href":"https:\/\/solutionscustom.ch\/de\/wp-json\/wp\/v2\/product_cat?post=12265"},{"taxonomy":"product_tag","embeddable":true,"href":"https:\/\/solutionscustom.ch\/de\/wp-json\/wp\/v2\/product_tag?post=12265"}],"curies":[{"name":"wp","href":"https:\/\/api.w.org\/{rel}","templated":true}]}}