{"id":11256,"date":"2022-08-17T13:25:28","date_gmt":"2022-08-17T11:25:28","guid":{"rendered":"https:\/\/prod.solutionscustom.ch\/produit\/paranocta-stehleuchte-schwarz-graphite\/"},"modified":"2022-08-17T13:25:28","modified_gmt":"2022-08-17T11:25:28","slug":"stehleuchte-paranocta-schwarz-graphit","status":"publish","type":"product","link":"https:\/\/solutionscustom.ch\/de\/produit\/stehleuchte-paranocta-schwarz-graphit\/","title":{"rendered":"Paranocta Stehleuchte SCHWARZ GRAPHITE"},"content":{"rendered":"<p><b class=\"color-black\">Innovative, clevere und multifunktionale Leuchte<\/b><\/p>\n<p><em>3 in 1<\/em>, Paranocta ist wandelbar: Stehlampe, Laterne und Lampe in einem, ist sie nicht nur zu <em>Hause n\u00fctzlich<\/em><strong>.<\/strong><\/p>\n<p>Die Stehlampe umfasst :<\/p>\n<ul>\n<li>die kabellose, wiederaufladbare LED-Lampe Bulbee<\/li>\n<li>eine Laterne aus Polyethylen hoher Dichte (gro\u00dfer Diffusor L 37 x B 15 cm &#8211; 300 g),<\/li>\n<li>Ein Mast aus drei pulverbeschichteten Aluminiumrohren mit hoher UV-Best\u00e4ndigkeit und sandgestrahlter Oberfl\u00e4che zum Verbinden,<\/li>\n<li>ein 1 m langes Mikro-USB-Kabel und ein 5-V-Ladeger\u00e4t,<\/li>\n<li>eine Aufbewahrungs- und Transporttasche aus Neopren in Taucheranzugsqualit\u00e4t (L 53 x B 16 x H 16 cm &#8211; 368 g)<\/li>\n<\/ul>\n<p><b class=\"color-black\">Leistung: <\/b>500 lm<\/p>\n<p><b class=\"color-black\">Effektive Beleuchtungsfl\u00e4che: <\/b>30 m\u00b2<\/p>\n<p><b class=\"color-black\">Akkulaufzeit: <\/b>8,5 Stunden<\/p>\n<p><b class=\"color-black\">Ma\u00dfe der Stehleuchte: <\/b>H 185 x L 15 cm<\/p>\n<p><b class=\"color-black\">Gewicht der Stehleuchte allein: <\/b>1,500 kg<\/p>\n<p>&nbsp;<\/p>\n<p>&nbsp;<\/p>\n<p>Mit der Silhouette einer <strong>\u00fcberarbeiteten Fackel<\/strong> steht die <strong>schnurlose Stehleuchte<\/strong> Paranocta auf der Terrasse, in einem Blumenkasten, auf dem Sand und passt zu jedem Stil im Au\u00dfenbereich.<\/p>\n<p>Am Abend nimmt er den Platz des Sonnenschirms in der Mitte des Tisches ein und bringt sein <strong>gem\u00fctliches, alles umschlie\u00dfendes Licht<\/strong>.<\/p>\n<p>Modular, ohne seine Matte, wird er zur Laterne oder Gl\u00fchbirne, zum Hinstellen oder Aufh\u00e4ngen.<\/p>\n<p>In ihrer Aufbewahrungs- und Tragetasche ist sie die unverzichtbare Leuchte, die \u00fcberall f\u00fcr das ideale Licht sorgt &#8211; zu <strong>Hause und dar\u00fcber hinaus<\/strong>.<\/p>\n<p>Seine matte Sandstrahloptik in Graphitschwarz passt besonders gut zu <strong>zeitgen\u00f6ssischer Architektur, Modernit\u00e4t und Chic<\/strong>.<\/p>\n","protected":false},"excerpt":{"rendered":"<p>Die kabellose Stehleuchte Paranocta hat ein Design, das von einer Fackel inspiriert ist. Er kann im Freien auf einer Terrasse, in einem Blumenkasten oder auf Sand verwendet werden. Er kann abends auf einem Tisch einen Sonnenschirm ersetzen und sorgt f\u00fcr ein gem\u00fctliches Licht. Sie ist modular und kann als Laterne oder Gl\u00fchbirne verwendet werden. Dank der Aufbewahrungstasche l\u00e4sst es sich leicht transportieren. Seine sandgestrahlte Oberfl\u00e4che in Graphitschwarz passt gut zu zeitgen\u00f6ssischer Architektur.<\/p>\n","protected":false},"featured_media":10990,"template":"","meta":[],"product_brand":[],"product_cat":[313],"product_tag":[],"class_list":{"0":"post-11256","1":"product","2":"type-product","3":"status-publish","4":"has-post-thumbnail","6":"product_cat-paranocta-de","7":"pa_color-beige-de","9":"first","10":"instock","11":"taxable","12":"shipping-taxable","13":"purchasable","14":"product-type-simple"},"_links":{"self":[{"href":"https:\/\/solutionscustom.ch\/de\/wp-json\/wp\/v2\/product\/11256","targetHints":{"allow":["GET"]}}],"collection":[{"href":"https:\/\/solutionscustom.ch\/de\/wp-json\/wp\/v2\/product"}],"about":[{"href":"https:\/\/solutionscustom.ch\/de\/wp-json\/wp\/v2\/types\/product"}],"wp:featuredmedia":[{"embeddable":true,"href":"https:\/\/solutionscustom.ch\/de\/wp-json\/wp\/v2\/media\/10990"}],"wp:attachment":[{"href":"https:\/\/solutionscustom.ch\/de\/wp-json\/wp\/v2\/media?parent=11256"}],"wp:term":[{"taxonomy":"product_brand","embeddable":true,"href":"https:\/\/solutionscustom.ch\/de\/wp-json\/wp\/v2\/product_brand?post=11256"},{"taxonomy":"product_cat","embeddable":true,"href":"https:\/\/solutionscustom.ch\/de\/wp-json\/wp\/v2\/product_cat?post=11256"},{"taxonomy":"product_tag","embeddable":true,"href":"https:\/\/solutionscustom.ch\/de\/wp-json\/wp\/v2\/product_tag?post=11256"}],"curies":[{"name":"wp","href":"https:\/\/api.w.org\/{rel}","templated":true}]}}