{"id":11228,"date":"2022-07-08T14:29:35","date_gmt":"2022-07-08T12:29:35","guid":{"rendered":"https:\/\/prod.solutionscustom.ch\/produit\/kabellose-led-lampe-bulbee\/"},"modified":"2022-07-08T14:29:35","modified_gmt":"2022-07-08T12:29:35","slug":"lampe-led-drahtlos-bulbee","status":"publish","type":"product","link":"https:\/\/solutionscustom.ch\/de\/produit\/lampe-led-drahtlos-bulbee\/","title":{"rendered":"Kabellose LED-Lampe Bulbee"},"content":{"rendered":"<p><b class=\"color-black\">Eine innovative kabellose Gl\u00fchbirne<\/b><\/p>\n<p>Die Bulbee-Lampe wird wie ein Smartphone <strong>\u00fcber das Stromnetz aufgeladen<\/strong>. Sie enth\u00e4lt einen eingebauten 190 g schweren Lithium-Ionen-Hochleistungsakku mit einer Laufzeit von bis zu 8,5 Stunden bei voller Leistung.<\/p>\n<p>Die Intensit\u00e4t ihrer LED l\u00e4sst sich manuell (4 Positionen) oder aus der Ferne mithilfe der dedizierten App einstellen. <em><br \/>\n  <strong>Bulbee Lamp<\/strong><br \/>\n<\/em> Die App kann kostenlos von Google Play und App Store heruntergeladen werden.<\/p>\n<p>Sein K\u00fchlk\u00f6rper aus messingfarben eloxiertem Aluminium verleiht ihm Eleganz und \u00c4sthetik.<\/p>\n<p>Das durchsichtige Bullauge, das die LED sch\u00fctzt, besteht aus Polycarbonat und ist <strong>sehr sto\u00df- und sturzfest<\/strong>.<\/p>\n<p>Sie ist wasserdicht, IP 65, und eignet sich f\u00fcr die Umgebung von Teichen und Meeresufern.<\/p>\n<p>Die Bulbee-Lampe wird geliefert mit :<\/p>\n<ul>\n<li>eine Schachtel Etui<\/li>\n<li>ein Mikro-USB-Kabel<\/li>\n<li>ein 5-V-Ladeger\u00e4t 2 A<\/li>\n<li>eine Anleitung<\/li>\n<\/ul>\n<p><b class=\"color-black\">Leistung: <\/b>500 lm<\/p>\n<p><b class=\"color-black\">Effektive Beleuchtungsfl\u00e4che: <\/b>30 m\u00b2<\/p>\n<p><b class=\"color-black\">Akkulaufzeit: <\/b>8,5 Stunden<\/p>\n<p><b class=\"color-black\">Abmessungen: <\/b>L 100 x B 98 x H 90 mm<\/p>\n<p><b class=\"color-black\">Gewicht: <\/b>430 g<\/p>\n","protected":false},"excerpt":{"rendered":"<p>Bulbee ist eine innovative kabellose LED-Gl\u00fchbirne; Design, wiederaufladbar und vernetzt, vereinfacht sie die Beleuchtung im Freien und in Innenr\u00e4umen.<\/p>\n<p>Sie ist kompakt, leistungsstark und sehr dekorativ und bietet 30 m\u00b2 effektives 360\u00b0-Licht.<\/p>\n<p>Dank seines opalfarbenen Bullauges kann er allein stehen oder dank des verstellbaren Gurts, der an der Oberseite angeschraubt wird (separat erh\u00e4ltlich), aufgeh\u00e4ngt werden.<\/p>\n<p>In den gro\u00dfen Diffusor der Paranocta-Leuchte eingesetzt, wird sie zur Tisch- oder Pendellaterne.<\/p>\n","protected":false},"featured_media":11069,"template":"","meta":[],"product_brand":[],"product_cat":[338,313],"product_tag":[],"class_list":{"0":"post-11228","1":"product","2":"type-product","3":"status-publish","4":"has-post-thumbnail","6":"product_cat-bulbee-lampe","7":"product_cat-paranocta-de","9":"first","10":"instock","11":"taxable","12":"shipping-taxable","13":"purchasable","14":"product-type-simple"},"_links":{"self":[{"href":"https:\/\/solutionscustom.ch\/de\/wp-json\/wp\/v2\/product\/11228","targetHints":{"allow":["GET"]}}],"collection":[{"href":"https:\/\/solutionscustom.ch\/de\/wp-json\/wp\/v2\/product"}],"about":[{"href":"https:\/\/solutionscustom.ch\/de\/wp-json\/wp\/v2\/types\/product"}],"wp:featuredmedia":[{"embeddable":true,"href":"https:\/\/solutionscustom.ch\/de\/wp-json\/wp\/v2\/media\/11069"}],"wp:attachment":[{"href":"https:\/\/solutionscustom.ch\/de\/wp-json\/wp\/v2\/media?parent=11228"}],"wp:term":[{"taxonomy":"product_brand","embeddable":true,"href":"https:\/\/solutionscustom.ch\/de\/wp-json\/wp\/v2\/product_brand?post=11228"},{"taxonomy":"product_cat","embeddable":true,"href":"https:\/\/solutionscustom.ch\/de\/wp-json\/wp\/v2\/product_cat?post=11228"},{"taxonomy":"product_tag","embeddable":true,"href":"https:\/\/solutionscustom.ch\/de\/wp-json\/wp\/v2\/product_tag?post=11228"}],"curies":[{"name":"wp","href":"https:\/\/api.w.org\/{rel}","templated":true}]}}