{"id":11204,"date":"2023-03-07T08:44:40","date_gmt":"2023-03-07T07:44:40","guid":{"rendered":"https:\/\/prod.solutionscustom.ch\/produit\/p6-air-weiss\/"},"modified":"2024-12-09T09:06:37","modified_gmt":"2024-12-09T08:06:37","slug":"p6-air-white","status":"publish","type":"product","link":"https:\/\/solutionscustom.ch\/de\/produit\/p6-air-white\/","title":{"rendered":"P6 AIR (Wei\u00df)"},"content":{"rendered":"<h2 class=\"mb-3 d-none d-md-block\">Entwickelt f\u00fcr maximale Flexibilit\u00e4t im Multiroom-Betrieb<\/h2>\n<p>Der <sup>Escape\u00ae<\/sup> P6 Air basiert auf der P6 BT-Plattform, bietet aber dank AirPlay 2, Chromecast Built-in und Roon die M\u00f6glichkeit, ein bestehendes WIFI-Netzwerk zu mehreren Lautsprechern zu nutzen, um drahtlos Musik zu streamen, ohne die Einschr\u00e4nkungen einer einzelnen Marke.<\/p>\n<p>Wie der P6 BT f\u00e4llt auch dieser audiophile tragbare Lautsprecher vor allem durch seine subtile Sch\u00f6nheit auf, die Ihrem Zuhause und weit dar\u00fcber hinaus auf unaufdringliche Weise Stil und Farbe verleiht.<\/p>\n","protected":false},"excerpt":{"rendered":"<p>Ein Multiroom-Lautsprecher, der f\u00fcr den Einsatz in Innenr\u00e4umen und weit dar\u00fcber hinaus konzipiert wurde.<\/p>\n","protected":false},"featured_media":11110,"template":"","meta":[],"product_brand":[],"product_cat":[310],"product_tag":[],"class_list":{"0":"post-11204","1":"product","2":"type-product","3":"status-publish","4":"has-post-thumbnail","6":"product_cat-escape","7":"pa_color-weis","9":"first","10":"instock","11":"featured","12":"taxable","13":"shipping-taxable","14":"purchasable","15":"product-type-simple"},"_links":{"self":[{"href":"https:\/\/solutionscustom.ch\/de\/wp-json\/wp\/v2\/product\/11204","targetHints":{"allow":["GET"]}}],"collection":[{"href":"https:\/\/solutionscustom.ch\/de\/wp-json\/wp\/v2\/product"}],"about":[{"href":"https:\/\/solutionscustom.ch\/de\/wp-json\/wp\/v2\/types\/product"}],"wp:featuredmedia":[{"embeddable":true,"href":"https:\/\/solutionscustom.ch\/de\/wp-json\/wp\/v2\/media\/11110"}],"wp:attachment":[{"href":"https:\/\/solutionscustom.ch\/de\/wp-json\/wp\/v2\/media?parent=11204"}],"wp:term":[{"taxonomy":"product_brand","embeddable":true,"href":"https:\/\/solutionscustom.ch\/de\/wp-json\/wp\/v2\/product_brand?post=11204"},{"taxonomy":"product_cat","embeddable":true,"href":"https:\/\/solutionscustom.ch\/de\/wp-json\/wp\/v2\/product_cat?post=11204"},{"taxonomy":"product_tag","embeddable":true,"href":"https:\/\/solutionscustom.ch\/de\/wp-json\/wp\/v2\/product_tag?post=11204"}],"curies":[{"name":"wp","href":"https:\/\/api.w.org\/{rel}","templated":true}]}}