{"id":11190,"date":"2023-02-08T09:37:07","date_gmt":"2023-02-08T08:37:07","guid":{"rendered":"https:\/\/prod.solutionscustom.ch\/produit\/paranocta-stehleuchte-rustig\/"},"modified":"2023-02-08T09:37:07","modified_gmt":"2023-02-08T08:37:07","slug":"stehlampe-paranocta-rost","status":"publish","type":"product","link":"https:\/\/solutionscustom.ch\/de\/produit\/stehlampe-paranocta-rost\/","title":{"rendered":"Paranocta Stehleuchte RUSTIG"},"content":{"rendered":"<p><b class=\"color-black\">Innovative, clevere und multifunktionale Leuchte<\/b><\/p>\n<p><em>3 in 1<\/em>, Paranocta ist wandelbar: Stehlampe, Laterne und Lampe in einem, ist sie nicht nur zu <em>Hause n\u00fctzlich<\/em><strong>.<\/strong><\/p>\n<p>Die Stehlampe umfasst :<\/p>\n<ul>\n<li>die kabellose, wiederaufladbare LED-Lampe Bulbee<\/li>\n<li>eine Laterne aus Polyethylen hoher Dichte (gro\u00dfer Diffusor L 37 x B 15 cm &#8211; 300 g),<\/li>\n<li>Ein Mast aus drei pulverbeschichteten Aluminiumrohren mit hoher UV-Best\u00e4ndigkeit und sandgestrahlter Oberfl\u00e4che zum Verbinden,<\/li>\n<li>ein 1 m langes Mikro-USB-Kabel und ein 5-V-Ladeger\u00e4t,<\/li>\n<li>eine Aufbewahrungs- und Transporttasche aus Neopren in Taucheranzugsqualit\u00e4t (L 53 x B 16 x H 16 cm &#8211; 368 g)<\/li>\n<\/ul>\n<p><b class=\"color-black\">Leistung: <\/b>500 lm<\/p>\n<p><b class=\"color-black\">Effektive Beleuchtungsfl\u00e4che: <\/b>30 m\u00b2<\/p>\n<p><b class=\"color-black\">Akkulaufzeit: <\/b>8,5 Stunden<\/p>\n<p><b class=\"color-black\">Ma\u00dfe der Stehleuchte: <\/b>H 185 x L 15 cm<\/p>\n<p><b class=\"color-black\">Gewicht der Stehleuchte allein: <\/b>1,500 kg<\/p>\n","protected":false},"excerpt":{"rendered":"<p>Mit der Silhouette einer <strong>\u00fcberarbeiteten Fackel<\/strong> steht die <strong>schnurlose Stehleuchte<\/strong> Paranocta auf der Terrasse, in einem Blumenkasten, auf dem Sand und passt zu jedem Stil im Au\u00dfenbereich.<\/p>\n<p>Am Abend nimmt er den Platz des Sonnenschirms in der Mitte des Tisches ein und bringt sein <strong>gem\u00fctliches, alles umschlie\u00dfendes Licht<\/strong>.<\/p>\n<p>Modular, ohne seine Matte, wird er zur Laterne oder Gl\u00fchbirne, zum Hinstellen oder Aufh\u00e4ngen.<\/p>\n<p>In ihrer Aufbewahrungs- und Tragetasche ist sie die unverzichtbare Leuchte, die \u00fcberall f\u00fcr das ideale Licht sorgt &#8211; zu <strong>Hause und dar\u00fcber hinaus<\/strong>.<\/p>\n<p>Seine matte Sandstrahloptik in Graphitschwarz passt besonders gut zu <strong>zeitgen\u00f6ssischer Architektur, Modernit\u00e4t und Chic<\/strong>.<\/p>\n","protected":false},"featured_media":11062,"template":"","meta":[],"product_brand":[],"product_cat":[313,330],"product_tag":[],"class_list":{"0":"post-11190","1":"product","2":"type-product","3":"status-publish","4":"has-post-thumbnail","6":"product_cat-paranocta-de","7":"product_cat-strasenlampen","9":"first","10":"instock","11":"featured","12":"taxable","13":"shipping-taxable","14":"purchasable","15":"product-type-simple"},"_links":{"self":[{"href":"https:\/\/solutionscustom.ch\/de\/wp-json\/wp\/v2\/product\/11190","targetHints":{"allow":["GET"]}}],"collection":[{"href":"https:\/\/solutionscustom.ch\/de\/wp-json\/wp\/v2\/product"}],"about":[{"href":"https:\/\/solutionscustom.ch\/de\/wp-json\/wp\/v2\/types\/product"}],"wp:featuredmedia":[{"embeddable":true,"href":"https:\/\/solutionscustom.ch\/de\/wp-json\/wp\/v2\/media\/11062"}],"wp:attachment":[{"href":"https:\/\/solutionscustom.ch\/de\/wp-json\/wp\/v2\/media?parent=11190"}],"wp:term":[{"taxonomy":"product_brand","embeddable":true,"href":"https:\/\/solutionscustom.ch\/de\/wp-json\/wp\/v2\/product_brand?post=11190"},{"taxonomy":"product_cat","embeddable":true,"href":"https:\/\/solutionscustom.ch\/de\/wp-json\/wp\/v2\/product_cat?post=11190"},{"taxonomy":"product_tag","embeddable":true,"href":"https:\/\/solutionscustom.ch\/de\/wp-json\/wp\/v2\/product_tag?post=11190"}],"curies":[{"name":"wp","href":"https:\/\/api.w.org\/{rel}","templated":true}]}}