{"id":11162,"date":"2023-02-07T14:26:56","date_gmt":"2023-02-07T13:26:56","guid":{"rendered":"https:\/\/prod.solutionscustom.ch\/produit\/fuss-basis-elfenbein-matt-sandgestrahlt\/"},"modified":"2024-02-09T15:13:17","modified_gmt":"2024-02-09T14:13:17","slug":"standfus","status":"publish","type":"product","link":"https:\/\/solutionscustom.ch\/de\/produit\/standfus\/","title":{"rendered":"Fu\u00df Basis Elfenbein matt sandgestrahlt"},"content":{"rendered":"<p><b class=\"color-black\">Fu\u00df Basis<\/b><\/p>\n<p>Ideal f\u00fcr harte B\u00f6den.<\/p>\n<p>Die aus Stahl und Aluminium gefertigte und mit einer hochfesten UV-Schutz-Pulverbeschichtung versehene Sandstrahloptik garantiert eine ganzj\u00e4hrige Nutzung im Freien.<\/p>\n<p>Die matte Sandstrahloberfl\u00e4che ist in vier Farben erh\u00e4ltlich: Elfenbein \/ Graphitschwarz \/ Rost und Schattengrau.<\/p>\n<p>Wird mit Inbusschl\u00fcssel und Edelstahlschrauben geliefert<\/p>\n<p><b class=\"color-black\">Durchmesser der Platine <\/b>: 37 cm<\/p>\n<p><b class=\"color-black\">H\u00f6he Muff <\/b>: 15 cm<\/p>\n<p><b class=\"color-black\">Durchmesser int. Muffe  <\/b>: 3 cm<\/p>\n<p><b class=\"color-black\">Gewicht <\/b>: 6 kg<\/p>\n","protected":false},"excerpt":{"rendered":"<p>Mit seiner schlichten Silhouette passt der Basisfu\u00df zu allen Outdoor-Stilen und ist f\u00fcr harte B\u00f6den geeignet.<\/p>\n<p>Koordiniert mit dem Mast erm\u00f6glicht er auch eine Verwendung im Innenbereich.<\/p>\n","protected":false},"featured_media":11043,"template":"","meta":[],"product_brand":[],"product_cat":[314,313],"product_tag":[],"class_list":{"0":"post-11162","1":"product","2":"type-product","3":"status-publish","4":"has-post-thumbnail","6":"product_cat-befestigungszubehor","7":"product_cat-paranocta-de","9":"first","10":"instock","11":"featured","12":"taxable","13":"shipping-taxable","14":"purchasable","15":"product-type-simple"},"_links":{"self":[{"href":"https:\/\/solutionscustom.ch\/de\/wp-json\/wp\/v2\/product\/11162","targetHints":{"allow":["GET"]}}],"collection":[{"href":"https:\/\/solutionscustom.ch\/de\/wp-json\/wp\/v2\/product"}],"about":[{"href":"https:\/\/solutionscustom.ch\/de\/wp-json\/wp\/v2\/types\/product"}],"wp:featuredmedia":[{"embeddable":true,"href":"https:\/\/solutionscustom.ch\/de\/wp-json\/wp\/v2\/media\/11043"}],"wp:attachment":[{"href":"https:\/\/solutionscustom.ch\/de\/wp-json\/wp\/v2\/media?parent=11162"}],"wp:term":[{"taxonomy":"product_brand","embeddable":true,"href":"https:\/\/solutionscustom.ch\/de\/wp-json\/wp\/v2\/product_brand?post=11162"},{"taxonomy":"product_cat","embeddable":true,"href":"https:\/\/solutionscustom.ch\/de\/wp-json\/wp\/v2\/product_cat?post=11162"},{"taxonomy":"product_tag","embeddable":true,"href":"https:\/\/solutionscustom.ch\/de\/wp-json\/wp\/v2\/product_tag?post=11162"}],"curies":[{"name":"wp","href":"https:\/\/api.w.org\/{rel}","templated":true}]}}