{"id":11159,"date":"2023-02-08T08:55:55","date_gmt":"2023-02-08T07:55:55","guid":{"rendered":"https:\/\/prod.solutionscustom.ch\/produit\/pro-koffer-x-6\/"},"modified":"2024-02-09T15:17:02","modified_gmt":"2024-02-09T14:17:02","slug":"koffer-pro-x-6","status":"publish","type":"product","link":"https:\/\/solutionscustom.ch\/de\/produit\/koffer-pro-x-6\/","title":{"rendered":"PRO-Koffer x 6"},"content":{"rendered":"<p><b class=\"color-black\">Aufbewahrungs- und Transportkoffer 6 Lampen<\/b><\/p>\n<p>Unentbehrlich f\u00fcr Gastronomie- oder Empfangsmitarbeiter, die Einrichtungen mit weitl\u00e4ufigen Au\u00dfenbereichen (Park, Strand) leiten oder f\u00fcr Catering-Aktivit\u00e4ten unterwegs sind.<\/p>\n<p>Innenpolsterung aus Schaumstoff 6 Pl\u00e4tze.<\/p>\n<p><b class=\"color-black\">Abmessungen: <\/b>L 36 x B 27 x H 15<\/p>\n<p><b class=\"color-black\">Gewicht: <\/b>1,350 kg<\/p>\n","protected":false},"excerpt":{"rendered":"<p>Dank der Schaumstoffeinlage und der 6 Steckpl\u00e4tze kann der Koffer allein mehrere Lampen gleichzeitig aufbewahren und transportieren.<\/p>\n","protected":false},"featured_media":11048,"template":"","meta":[],"product_brand":[],"product_cat":[328,313],"product_tag":[],"class_list":{"0":"post-11159","1":"product","2":"type-product","3":"status-publish","4":"has-post-thumbnail","6":"product_cat-ladezubehor","7":"product_cat-paranocta-de","8":"pa_color-beige-de","9":"pa_color-schwarz","10":"pa_color-weis","12":"first","13":"instock","14":"featured","15":"taxable","16":"shipping-taxable","17":"purchasable","18":"product-type-simple"},"_links":{"self":[{"href":"https:\/\/solutionscustom.ch\/de\/wp-json\/wp\/v2\/product\/11159","targetHints":{"allow":["GET"]}}],"collection":[{"href":"https:\/\/solutionscustom.ch\/de\/wp-json\/wp\/v2\/product"}],"about":[{"href":"https:\/\/solutionscustom.ch\/de\/wp-json\/wp\/v2\/types\/product"}],"wp:featuredmedia":[{"embeddable":true,"href":"https:\/\/solutionscustom.ch\/de\/wp-json\/wp\/v2\/media\/11048"}],"wp:attachment":[{"href":"https:\/\/solutionscustom.ch\/de\/wp-json\/wp\/v2\/media?parent=11159"}],"wp:term":[{"taxonomy":"product_brand","embeddable":true,"href":"https:\/\/solutionscustom.ch\/de\/wp-json\/wp\/v2\/product_brand?post=11159"},{"taxonomy":"product_cat","embeddable":true,"href":"https:\/\/solutionscustom.ch\/de\/wp-json\/wp\/v2\/product_cat?post=11159"},{"taxonomy":"product_tag","embeddable":true,"href":"https:\/\/solutionscustom.ch\/de\/wp-json\/wp\/v2\/product_tag?post=11159"}],"curies":[{"name":"wp","href":"https:\/\/api.w.org\/{rel}","templated":true}]}}