{"id":11158,"date":"2023-02-08T08:59:07","date_gmt":"2023-02-08T07:59:07","guid":{"rendered":"https:\/\/prod.solutionscustom.ch\/produit\/pro-ladekoffer-kit-x-6\/"},"modified":"2024-02-09T15:18:44","modified_gmt":"2024-02-09T14:18:44","slug":"koffer-auflade-kit-pro-x-6","status":"publish","type":"product","link":"https:\/\/solutionscustom.ch\/de\/produit\/koffer-auflade-kit-pro-x-6\/","title":{"rendered":"PRO-Ladekoffer-Kit x 6"},"content":{"rendered":"<p><b class=\"color-black\">Das ideale Ladezubeh\u00f6r f\u00fcr Berufst\u00e4tige<\/b><\/p>\n<p>Unerl\u00e4sslich f\u00fcr Gastronomen, Hoteliers, Campingpl\u00e4tze &#8230;, die Einrichtungen mit weitl\u00e4ufigen Au\u00dfenbereichen (Park, Strand &#8230;) betreiben, und f\u00fcr Caterer.<\/p>\n<p>Innenpolsterung aus Schaumstoff 6 Pl\u00e4tze.<\/p>\n<p>Das PRO X 6-Kofferset umfasst :<\/p>\n<ul>\n<li>1 Koffer zur Aufbewahrung und zum Transport<\/li>\n<li>6 magnetische Kabel mit magnetisierten Mikro-USB-Adaptern l 50 cm<\/li>\n<li>1 Steckdosenleiste mit 6 Steckdosen 1.50 m 220 V 16 A<\/li>\n<\/ul>\n<p><b class=\"color-black\">Abmessungen: <\/b>L 36 x B 27 x H 15<\/p>\n<p><b class=\"color-black\">Gewicht: <\/b>1,860 kg<\/p>\n","protected":false},"excerpt":{"rendered":"<p>In diesem PRO x 6 Koffer-Set k\u00f6nnen bis zu 6 Lampen gleichzeitig aufbewahrt, transportiert und aufgeladen werden.<\/p>\n<p>Unentbehrlich f\u00fcr Berufst\u00e4tige.<\/p>\n<p><em>Bulbee-Lampen sind in diesem Set nicht enthalten.<\/em><\/p>\n","protected":false},"featured_media":11049,"template":"","meta":[],"product_brand":[],"product_cat":[328,313],"product_tag":[],"class_list":{"0":"post-11158","1":"product","2":"type-product","3":"status-publish","4":"has-post-thumbnail","6":"product_cat-ladezubehor","7":"product_cat-paranocta-de","8":"pa_color-beige-de","9":"pa_color-schwarz","10":"pa_color-weis","12":"first","13":"instock","14":"featured","15":"taxable","16":"shipping-taxable","17":"purchasable","18":"product-type-simple"},"_links":{"self":[{"href":"https:\/\/solutionscustom.ch\/de\/wp-json\/wp\/v2\/product\/11158","targetHints":{"allow":["GET"]}}],"collection":[{"href":"https:\/\/solutionscustom.ch\/de\/wp-json\/wp\/v2\/product"}],"about":[{"href":"https:\/\/solutionscustom.ch\/de\/wp-json\/wp\/v2\/types\/product"}],"wp:featuredmedia":[{"embeddable":true,"href":"https:\/\/solutionscustom.ch\/de\/wp-json\/wp\/v2\/media\/11049"}],"wp:attachment":[{"href":"https:\/\/solutionscustom.ch\/de\/wp-json\/wp\/v2\/media?parent=11158"}],"wp:term":[{"taxonomy":"product_brand","embeddable":true,"href":"https:\/\/solutionscustom.ch\/de\/wp-json\/wp\/v2\/product_brand?post=11158"},{"taxonomy":"product_cat","embeddable":true,"href":"https:\/\/solutionscustom.ch\/de\/wp-json\/wp\/v2\/product_cat?post=11158"},{"taxonomy":"product_tag","embeddable":true,"href":"https:\/\/solutionscustom.ch\/de\/wp-json\/wp\/v2\/product_tag?post=11158"}],"curies":[{"name":"wp","href":"https:\/\/api.w.org\/{rel}","templated":true}]}}