{"id":11145,"date":"2023-03-07T19:50:40","date_gmt":"2023-03-07T18:50:40","guid":{"rendered":"https:\/\/prod.solutionscustom.ch\/produit\/p9-tan\/"},"modified":"2024-12-09T09:05:10","modified_gmt":"2024-12-09T08:05:10","slug":"p9-tan","status":"publish","type":"product","link":"https:\/\/solutionscustom.ch\/de\/produit\/p9-tan\/","title":{"rendered":"P9 (Tan)"},"content":{"rendered":"<h2 class=\"mb-3 d-none d-md-block\">Ein kabelloses High-Fidelity-Musiksystem<\/h2>\n<p>Die <sup>Escape\u00ae<\/sup> P9 bietet eine \u00fcberragende Klangqualit\u00e4t durch f\u00fcnf hochwertige Lautsprecher mit einer Kernabdeckung aus Aluminium, einem optimierten tiefen Konus aus Polypropylen (PP), einer linearen Spinne und einer bel\u00fcfteten Schwingspule, die von einem starken Magneten angetrieben wird. Der 20-cm-Subwoofer verf\u00fcgt \u00fcber ein ma\u00dfgeschneidertes glasfaserverst\u00e4rktes Verbundstoffchassis, das den \u00fcbergro\u00dfen Magneten tr\u00e4gt. Die lineare Spinne und die bel\u00fcftete Schwingspule sorgen f\u00fcr eine tiefe, kraftvolle und pr\u00e4zise Wiedergabe der tiefsten Frequenzen. Zwei leistungsstarke 24-Bit-DSP-Prozessoren steuern die digitale Signalverarbeitung und verschiedene Equalizer-Algorithmen. Der eingebaute audiophile Verst\u00e4rker mit einer Leistung von 100 Watt RMS und einem Frequenzgang von 20Hz-20KHz ist vollst\u00e4ndig auf die 5 Lautsprecher abgestimmt. Das fortschrittliche Bassmanagement bietet Musikliebhabern das ultimative Klangerlebnis.<\/p>\n","protected":false},"excerpt":{"rendered":"<p>Eine Referenz unter den tragbaren HIFI-Lautsprechern.<\/p>\n","protected":false},"featured_media":11089,"template":"","meta":[],"product_brand":[],"product_cat":[310],"product_tag":[],"class_list":{"0":"post-11145","1":"product","2":"type-product","3":"status-publish","4":"has-post-thumbnail","6":"product_cat-escape","7":"pa_color-schwarz","9":"first","10":"instock","11":"featured","12":"taxable","13":"shipping-taxable","14":"purchasable","15":"product-type-simple"},"_links":{"self":[{"href":"https:\/\/solutionscustom.ch\/de\/wp-json\/wp\/v2\/product\/11145","targetHints":{"allow":["GET"]}}],"collection":[{"href":"https:\/\/solutionscustom.ch\/de\/wp-json\/wp\/v2\/product"}],"about":[{"href":"https:\/\/solutionscustom.ch\/de\/wp-json\/wp\/v2\/types\/product"}],"wp:featuredmedia":[{"embeddable":true,"href":"https:\/\/solutionscustom.ch\/de\/wp-json\/wp\/v2\/media\/11089"}],"wp:attachment":[{"href":"https:\/\/solutionscustom.ch\/de\/wp-json\/wp\/v2\/media?parent=11145"}],"wp:term":[{"taxonomy":"product_brand","embeddable":true,"href":"https:\/\/solutionscustom.ch\/de\/wp-json\/wp\/v2\/product_brand?post=11145"},{"taxonomy":"product_cat","embeddable":true,"href":"https:\/\/solutionscustom.ch\/de\/wp-json\/wp\/v2\/product_cat?post=11145"},{"taxonomy":"product_tag","embeddable":true,"href":"https:\/\/solutionscustom.ch\/de\/wp-json\/wp\/v2\/product_tag?post=11145"}],"curies":[{"name":"wp","href":"https:\/\/api.w.org\/{rel}","templated":true}]}}