{"id":11144,"date":"2023-03-08T07:53:50","date_gmt":"2023-03-08T06:53:50","guid":{"rendered":"https:\/\/prod.solutionscustom.ch\/produit\/p6-bt-tan\/"},"modified":"2024-12-09T09:05:00","modified_gmt":"2024-12-09T08:05:00","slug":"p6-bt-tan","status":"publish","type":"product","link":"https:\/\/solutionscustom.ch\/de\/produit\/p6-bt-tan\/","title":{"rendered":"P6 BT (Tan)"},"content":{"rendered":"<h2 class=\"mb-3 d-none d-md-block\">Ein Lautsprecher mit einem un\u00fcbertroffenen Klangbild und einem gro\u00dfz\u00fcgigen Niederfrequenzbereich<\/h2>\n<p>Der Escape \u00ae P6 BT teilt viele der einzigartigen Merkmale des P9.<\/p>\n<p>Hergestellt aus den besten Materialien, damit Sie Ihre Lieblingsmusik mit Stil h\u00f6ren k\u00f6nnen.<\/p>\n<p>Das P6 BT ist die perfekte Balance zwischen Design und Leistung. Genie\u00dfen Sie das harmonische Zusammenspiel von B\u00e4ssen, Mitten und H\u00f6hen mit zwei exklusiven, individuell angepassten Lautsprechern (vom gleichen Typ wie der P9) und einem Subwoofer mit 17 cm Durchmesser.<\/p>\n<p>Ein digitaler Hochleistungsverst\u00e4rker mit 60 Watt RMS und ein leistungsstarker 24-Bit-DSP-Prozessor sorgen f\u00fcr eine 360\u00b0-Klangwiedergabe, die unserer Philosophie &#8211; der Leidenschaft f\u00fcr Musik &#8211; entspricht.<\/p>\n","protected":false},"excerpt":{"rendered":"<p>Leistungsstark &#8211; musikalisch &#8211; \u00fcberraschend erschwinglich &#8211; 100% Escape.<\/p>\n","protected":false},"featured_media":11102,"template":"","meta":[],"product_brand":[],"product_cat":[310],"product_tag":[],"class_list":{"0":"post-11144","1":"product","2":"type-product","3":"status-publish","4":"has-post-thumbnail","6":"product_cat-escape","7":"pa_color-beige-de","9":"first","10":"instock","11":"featured","12":"taxable","13":"shipping-taxable","14":"product-type-external"},"_links":{"self":[{"href":"https:\/\/solutionscustom.ch\/de\/wp-json\/wp\/v2\/product\/11144","targetHints":{"allow":["GET"]}}],"collection":[{"href":"https:\/\/solutionscustom.ch\/de\/wp-json\/wp\/v2\/product"}],"about":[{"href":"https:\/\/solutionscustom.ch\/de\/wp-json\/wp\/v2\/types\/product"}],"wp:featuredmedia":[{"embeddable":true,"href":"https:\/\/solutionscustom.ch\/de\/wp-json\/wp\/v2\/media\/11102"}],"wp:attachment":[{"href":"https:\/\/solutionscustom.ch\/de\/wp-json\/wp\/v2\/media?parent=11144"}],"wp:term":[{"taxonomy":"product_brand","embeddable":true,"href":"https:\/\/solutionscustom.ch\/de\/wp-json\/wp\/v2\/product_brand?post=11144"},{"taxonomy":"product_cat","embeddable":true,"href":"https:\/\/solutionscustom.ch\/de\/wp-json\/wp\/v2\/product_cat?post=11144"},{"taxonomy":"product_tag","embeddable":true,"href":"https:\/\/solutionscustom.ch\/de\/wp-json\/wp\/v2\/product_tag?post=11144"}],"curies":[{"name":"wp","href":"https:\/\/api.w.org\/{rel}","templated":true}]}}