{"id":11143,"date":"2023-02-07T10:50:53","date_gmt":"2023-02-07T09:50:53","guid":{"rendered":"https:\/\/prod.solutionscustom.ch\/produit\/m1-air\/"},"modified":"2024-12-09T09:07:28","modified_gmt":"2024-12-09T08:07:28","slug":"m1-luft","status":"publish","type":"product","link":"https:\/\/solutionscustom.ch\/de\/produit\/m1-luft\/","title":{"rendered":"M1 AIR"},"content":{"rendered":"<h2 class=\"mt-0\">M1 Air Wenn ein Problem zu einer Idee wird<\/h2>\n<p>Hochwertige Hi-Fi-Systeme werden gekauft, um jahrelang Freude an ihnen zu haben. Viele Menschen wollen sich nicht von ihren Ger\u00e4ten trennen, auch wenn sie nicht auf dem neuesten Stand sind, was drahtloses Audiostreaming in hoher Aufl\u00f6sung angeht.<\/p>\n<p>Aus diesem Grund haben wir den M1 Air streaming DAC entwickelt. Ein Universalmodul, das sich problemlos an die meisten HI-FI-Systeme anschlie\u00dfen l\u00e4sst und hochaufl\u00f6sende Audiodateien mit 192kHz \/ 24 Bit unterst\u00fctzt.<\/p>\n<p>Der M1 Air ist mit Chromecast Built-in, AirPlay 2, Roon, Spotify Connect und Bluetooth 5.0 ausgestattet. So k\u00f6nnen Sie ganz einfach Musikstreamingdienste wie Spotify, Apple Music, Tidal, Qobuz, das airable Internetradio oder Podcasts von einem Smartphone oder einem anderen mobilen Ger\u00e4t streamen.<\/p>\n","protected":false},"excerpt":{"rendered":"<p>Der P9, das Spitzenmodell der P-Serie, kann auch mit dem Modul M1 AIR erg\u00e4nzt werden. Zu diesem Zweck wurde ein spezielles Fach unter der Tastatur vorgesehen, die bereits mit einem separaten Audioeingang (AUX2) und einem USB-Stromversorgungsanschluss ausgestattet ist.<\/p>\n<p>Auf dem P9 muss eine neue Firmware-Version (MCU 3.19) installiert werden, um mit dem M1 Air kompatibel zu sein. Laden Sie die untenstehende Datei herunter und installieren Sie sie auf einem leeren USB-Stick. Schalten Sie den P9 ein. Stecken Sie den USB-Stick mit der Softwareaktualisierung in das USB-Laufwerk des P9. Der P9 schaltet sich aus und wieder ein (alle LEDs auf der Tastatur leuchten wieder auf). Das Ger\u00e4t wird aktualisiert.<\/p>\n","protected":false},"featured_media":11119,"template":"","meta":[],"product_brand":[],"product_cat":[310,341],"product_tag":[],"class_list":{"0":"post-11143","1":"product","2":"type-product","3":"status-publish","4":"has-post-thumbnail","6":"product_cat-escape","7":"product_cat-zubehor","8":"pa_color-beige-de","9":"pa_color-schwarz","10":"pa_color-weis","12":"first","13":"instock","14":"featured","15":"taxable","16":"shipping-taxable","17":"purchasable","18":"product-type-simple"},"_links":{"self":[{"href":"https:\/\/solutionscustom.ch\/de\/wp-json\/wp\/v2\/product\/11143","targetHints":{"allow":["GET"]}}],"collection":[{"href":"https:\/\/solutionscustom.ch\/de\/wp-json\/wp\/v2\/product"}],"about":[{"href":"https:\/\/solutionscustom.ch\/de\/wp-json\/wp\/v2\/types\/product"}],"wp:featuredmedia":[{"embeddable":true,"href":"https:\/\/solutionscustom.ch\/de\/wp-json\/wp\/v2\/media\/11119"}],"wp:attachment":[{"href":"https:\/\/solutionscustom.ch\/de\/wp-json\/wp\/v2\/media?parent=11143"}],"wp:term":[{"taxonomy":"product_brand","embeddable":true,"href":"https:\/\/solutionscustom.ch\/de\/wp-json\/wp\/v2\/product_brand?post=11143"},{"taxonomy":"product_cat","embeddable":true,"href":"https:\/\/solutionscustom.ch\/de\/wp-json\/wp\/v2\/product_cat?post=11143"},{"taxonomy":"product_tag","embeddable":true,"href":"https:\/\/solutionscustom.ch\/de\/wp-json\/wp\/v2\/product_tag?post=11143"}],"curies":[{"name":"wp","href":"https:\/\/api.w.org\/{rel}","templated":true}]}}