{"id":11142,"date":"2023-02-07T12:56:43","date_gmt":"2023-02-07T11:56:43","guid":{"rendered":"https:\/\/prod.solutionscustom.ch\/produit\/p9-travel-case\/"},"modified":"2024-03-23T22:42:14","modified_gmt":"2024-03-23T21:42:14","slug":"p9-travel-case","status":"publish","type":"product","link":"https:\/\/solutionscustom.ch\/de\/produit\/p9-travel-case\/","title":{"rendered":"P9 Travel Case"},"content":{"rendered":"<h1>Ma\u00dfgeschneiderter Koffer zum Transport des P9<\/h1>\n<p>Hellgraue Ausf\u00fchrung ABS\/PVC-Material.<\/p>\n","protected":false},"excerpt":{"rendered":"<p>F\u00fcr die P9 Reisetruhe gilt eine 12-monatige beschr\u00e4nkte Garantie.<br \/>\nab dem Kaufdatum. F\u00fcr den Fall, dass Ihre Truhe defekt ist an<br \/>\nEscape BVBA wird nach eigenem Ermessen die R\u00fcckgabe der Ware veranlassen, wenn diese auf einen Herstellungsfehler zur\u00fcckzuf\u00fchren ist.<br \/>\neigenen Ermessen entweder zu einer Reparatur oder einem Austausch des Produkts<br \/>\ndie den Garantiefristen und -bedingungen entsprechen.<\/p>\n","protected":false},"featured_media":11028,"template":"","meta":[],"product_brand":[],"product_cat":[341],"product_tag":[],"class_list":{"0":"post-11142","1":"product","2":"type-product","3":"status-publish","4":"has-post-thumbnail","6":"product_cat-zubehor","7":"pa_color-beige-de","8":"pa_color-schwarz","9":"pa_color-weis","11":"first","12":"instock","13":"featured","14":"taxable","15":"shipping-taxable","16":"purchasable","17":"product-type-simple"},"_links":{"self":[{"href":"https:\/\/solutionscustom.ch\/de\/wp-json\/wp\/v2\/product\/11142","targetHints":{"allow":["GET"]}}],"collection":[{"href":"https:\/\/solutionscustom.ch\/de\/wp-json\/wp\/v2\/product"}],"about":[{"href":"https:\/\/solutionscustom.ch\/de\/wp-json\/wp\/v2\/types\/product"}],"wp:featuredmedia":[{"embeddable":true,"href":"https:\/\/solutionscustom.ch\/de\/wp-json\/wp\/v2\/media\/11028"}],"wp:attachment":[{"href":"https:\/\/solutionscustom.ch\/de\/wp-json\/wp\/v2\/media?parent=11142"}],"wp:term":[{"taxonomy":"product_brand","embeddable":true,"href":"https:\/\/solutionscustom.ch\/de\/wp-json\/wp\/v2\/product_brand?post=11142"},{"taxonomy":"product_cat","embeddable":true,"href":"https:\/\/solutionscustom.ch\/de\/wp-json\/wp\/v2\/product_cat?post=11142"},{"taxonomy":"product_tag","embeddable":true,"href":"https:\/\/solutionscustom.ch\/de\/wp-json\/wp\/v2\/product_tag?post=11142"}],"curies":[{"name":"wp","href":"https:\/\/api.w.org\/{rel}","templated":true}]}}