{"id":11141,"date":"2023-02-07T13:23:05","date_gmt":"2023-02-07T12:23:05","guid":{"rendered":"https:\/\/prod.solutionscustom.ch\/produit\/p9-flash-drive\/"},"modified":"2024-12-09T09:07:43","modified_gmt":"2024-12-09T08:07:43","slug":"p9-flash-drive","status":"publish","type":"product","link":"https:\/\/solutionscustom.ch\/de\/produit\/p9-flash-drive\/","title":{"rendered":"P9 Flash Drive"},"content":{"rendered":"<h1>P9 Flash Drive<\/h1>\n<p>USB-Flash-Laufwerk in kompaktem Aluminiumgeh\u00e4use &#8211; 32 GB Kapazit\u00e4t<\/p>\n","protected":false},"excerpt":{"rendered":"<p>          <strong><br \/>\n            <em>WICHTIGE INFORMATIONEN ZUR GARANTIE: Achten Sie darauf, dass Sie einen USB-Stick verwenden, der klein genug ist, um die Tastaturabdeckung zu schlie\u00dfen. Die Gesamth\u00f6he des Schl\u00fcssels darf 27 mm nicht \u00fcberschreiten. Sch\u00e4den am USB-Anschluss und\/oder an anderen elektronischen Schaltkreisen, die durch das Eindringen von Wasser durch die Tastatur verursacht werden, sind nicht durch die Garantie abgedeckt. Wenn das USB-Fach Wasser ausgesetzt ist, ist es wichtig, dass der USB-Anschluss vollst\u00e4ndig trocken ist, bevor Sie ein Kabel oder einen USB-Stick einstecken.<\/em><br \/>\n          <\/strong><\/p>\n","protected":false},"featured_media":11034,"template":"","meta":[],"product_brand":[],"product_cat":[310,341],"product_tag":[],"class_list":{"0":"post-11141","1":"product","2":"type-product","3":"status-publish","4":"has-post-thumbnail","6":"product_cat-escape","7":"product_cat-zubehor","8":"pa_color-beige-de","9":"pa_color-schwarz","10":"pa_color-weis","12":"first","13":"instock","14":"featured","15":"taxable","16":"shipping-taxable","17":"purchasable","18":"product-type-simple"},"_links":{"self":[{"href":"https:\/\/solutionscustom.ch\/de\/wp-json\/wp\/v2\/product\/11141","targetHints":{"allow":["GET"]}}],"collection":[{"href":"https:\/\/solutionscustom.ch\/de\/wp-json\/wp\/v2\/product"}],"about":[{"href":"https:\/\/solutionscustom.ch\/de\/wp-json\/wp\/v2\/types\/product"}],"wp:featuredmedia":[{"embeddable":true,"href":"https:\/\/solutionscustom.ch\/de\/wp-json\/wp\/v2\/media\/11034"}],"wp:attachment":[{"href":"https:\/\/solutionscustom.ch\/de\/wp-json\/wp\/v2\/media?parent=11141"}],"wp:term":[{"taxonomy":"product_brand","embeddable":true,"href":"https:\/\/solutionscustom.ch\/de\/wp-json\/wp\/v2\/product_brand?post=11141"},{"taxonomy":"product_cat","embeddable":true,"href":"https:\/\/solutionscustom.ch\/de\/wp-json\/wp\/v2\/product_cat?post=11141"},{"taxonomy":"product_tag","embeddable":true,"href":"https:\/\/solutionscustom.ch\/de\/wp-json\/wp\/v2\/product_tag?post=11141"}],"curies":[{"name":"wp","href":"https:\/\/api.w.org\/{rel}","templated":true}]}}