{"id":11140,"date":"2023-02-07T14:02:25","date_gmt":"2023-02-07T13:02:25","guid":{"rendered":"https:\/\/prod.solutionscustom.ch\/produit\/haengegurt\/"},"modified":"2024-12-09T09:07:41","modified_gmt":"2024-12-09T08:07:41","slug":"aufhangegurt","status":"publish","type":"product","link":"https:\/\/solutionscustom.ch\/de\/produit\/aufhangegurt\/","title":{"rendered":"H\u00e4ngegurt"},"content":{"rendered":"<p><b class=\"color-black\">Unentbehrlich!<\/b><\/p>\n<p>Mit diesem \u00e4sthetischen Gurt aus zweifarbigem PU k\u00f6nnen Sie die Lampe Bulbee oder die Laterne Paranocta aufh\u00e4ngen. Seine H\u00f6he l\u00e4sst sich in 5 Stufen verstellen (13 bis 21 cm).<\/p>\n<p>Sie wird mithilfe einer abnehmbaren Messingschraube an der Bulbee-LED-Lampe befestigt.<\/p>\n<p><b class=\"color-black\">Abmessungen: <\/b>L 50 x B 2,6 cm<\/p>\n<p><b class=\"color-black\">Gewicht: <\/b>91 g<\/p>\n","protected":false},"excerpt":{"rendered":"<p>Mit diesem dekorativen, verstellbaren Gurt kann die Bulbee-Lampe allein wie eine Gl\u00fchbirne aufgeh\u00e4ngt werden. Sie erm\u00f6glicht es auch, die Paranocta-Laterne in eine H\u00e4ngeleuchte zu verwandeln.<\/p>\n<p>Ideal, um sie unter einer Pergola, unter einem Sonnenschirm oder am Ast einer sch\u00fctzenden Pflanze zu befestigen.<\/p>\n","protected":false},"featured_media":11036,"template":"","meta":[],"product_brand":[],"product_cat":[314,313],"product_tag":[],"class_list":{"0":"post-11140","1":"product","2":"type-product","3":"status-publish","4":"has-post-thumbnail","6":"product_cat-befestigungszubehor","7":"product_cat-paranocta-de","8":"pa_color-beige-de","9":"pa_color-schwarz","10":"pa_color-weis","12":"first","13":"instock","14":"featured","15":"taxable","16":"shipping-taxable","17":"purchasable","18":"product-type-simple"},"_links":{"self":[{"href":"https:\/\/solutionscustom.ch\/de\/wp-json\/wp\/v2\/product\/11140","targetHints":{"allow":["GET"]}}],"collection":[{"href":"https:\/\/solutionscustom.ch\/de\/wp-json\/wp\/v2\/product"}],"about":[{"href":"https:\/\/solutionscustom.ch\/de\/wp-json\/wp\/v2\/types\/product"}],"wp:featuredmedia":[{"embeddable":true,"href":"https:\/\/solutionscustom.ch\/de\/wp-json\/wp\/v2\/media\/11036"}],"wp:attachment":[{"href":"https:\/\/solutionscustom.ch\/de\/wp-json\/wp\/v2\/media?parent=11140"}],"wp:term":[{"taxonomy":"product_brand","embeddable":true,"href":"https:\/\/solutionscustom.ch\/de\/wp-json\/wp\/v2\/product_brand?post=11140"},{"taxonomy":"product_cat","embeddable":true,"href":"https:\/\/solutionscustom.ch\/de\/wp-json\/wp\/v2\/product_cat?post=11140"},{"taxonomy":"product_tag","embeddable":true,"href":"https:\/\/solutionscustom.ch\/de\/wp-json\/wp\/v2\/product_tag?post=11140"}],"curies":[{"name":"wp","href":"https:\/\/api.w.org\/{rel}","templated":true}]}}