{"id":11139,"date":"2023-02-07T14:21:20","date_gmt":"2023-02-07T13:21:20","guid":{"rendered":"https:\/\/prod.solutionscustom.ch\/produit\/tischklemme\/"},"modified":"2024-12-09T09:06:39","modified_gmt":"2024-12-09T08:06:39","slug":"tischklemme","status":"publish","type":"product","link":"https:\/\/solutionscustom.ch\/de\/produit\/tischklemme\/","title":{"rendered":"Tischklemme"},"content":{"rendered":"<p><b class=\"color-black\">Tischklemme oder Gel\u00e4nder<\/b><\/p>\n<p>Die Tischklemme ist ideal, um Platz zu sparen oder auf eine Bodenplatte zu verzichten. Dank der Messingschraube passt sie sich an jede Dicke des Untergrunds oder der Tischplatte an.<\/p>\n<p>Nach der Befestigung wird der Mast der Stra\u00dfenlaterne in die F\u00fchrungsh\u00fclse eingef\u00fchrt; die Spitze des Mastes ruht somit auf dem Boden.<\/p>\n<p>Aus Zink und Aluminium gefertigt, garantiert die hochfeste, UV-best\u00e4ndige Pulverbeschichtung mit sandgestrahlter Oberfl\u00e4che eine ganzj\u00e4hrige Nutzung im Freien.<\/p>\n<p><b class=\"color-black\">Abmessungen: <\/b>L 12 x B 4 x H 8 cm<\/p>\n<p><b class=\"color-black\">Durchmesser F\u00fchrungsh\u00fclse: <\/b>3 cm<\/p>\n<p><b class=\"color-black\">Dicke der Tischplatte: <\/b>von 2 bis 6 cm<\/p>\n<p><b class=\"color-black\">Gewicht: <\/b>560 g<\/p>\n","protected":false},"excerpt":{"rendered":"<p>Dank der Tischklemme l\u00e4sst sich die Stehleuchte Paranocta leicht an der Platte eines <strong>Tisches<\/strong>, eines <strong>Stehtischs<\/strong> oder am Gel\u00e4nder einer Terrasse, eines <strong>Bootes<\/strong>, aber auch an der Platte eines Feuerkorbs befestigen.<\/p>\n","protected":false},"featured_media":11040,"template":"","meta":[],"product_brand":[],"product_cat":[314,313],"product_tag":[],"class_list":{"0":"post-11139","1":"product","2":"type-product","3":"status-publish","4":"has-post-thumbnail","6":"product_cat-befestigungszubehor","7":"product_cat-paranocta-de","8":"pa_color-beige-de","9":"pa_color-schwarz","10":"pa_color-weis","12":"first","13":"instock","14":"featured","15":"taxable","16":"shipping-taxable","17":"purchasable","18":"product-type-simple"},"_links":{"self":[{"href":"https:\/\/solutionscustom.ch\/de\/wp-json\/wp\/v2\/product\/11139","targetHints":{"allow":["GET"]}}],"collection":[{"href":"https:\/\/solutionscustom.ch\/de\/wp-json\/wp\/v2\/product"}],"about":[{"href":"https:\/\/solutionscustom.ch\/de\/wp-json\/wp\/v2\/types\/product"}],"wp:featuredmedia":[{"embeddable":true,"href":"https:\/\/solutionscustom.ch\/de\/wp-json\/wp\/v2\/media\/11040"}],"wp:attachment":[{"href":"https:\/\/solutionscustom.ch\/de\/wp-json\/wp\/v2\/media?parent=11139"}],"wp:term":[{"taxonomy":"product_brand","embeddable":true,"href":"https:\/\/solutionscustom.ch\/de\/wp-json\/wp\/v2\/product_brand?post=11139"},{"taxonomy":"product_cat","embeddable":true,"href":"https:\/\/solutionscustom.ch\/de\/wp-json\/wp\/v2\/product_cat?post=11139"},{"taxonomy":"product_tag","embeddable":true,"href":"https:\/\/solutionscustom.ch\/de\/wp-json\/wp\/v2\/product_tag?post=11139"}],"curies":[{"name":"wp","href":"https:\/\/api.w.org\/{rel}","templated":true}]}}