{"id":12224,"date":"2024-01-24T12:26:12","date_gmt":"2024-01-24T11:26:12","guid":{"rendered":"https:\/\/prod.solutionscustom.ch\/schutz-der-daten\/"},"modified":"2024-03-13T20:54:17","modified_gmt":"2024-03-13T19:54:17","slug":"schutz-der-daten","status":"publish","type":"page","link":"https:\/\/solutionscustom.ch\/de\/schutz-der-daten\/","title":{"rendered":"Schutz der Daten"},"content":{"rendered":"\n<div class=\"row\"  id=\"row-992372935\">\n\n\n\t<div id=\"col-976759397\" class=\"col small-12 large-12\"  >\n\t\t\t\t<div class=\"col-inner\"  >\n\t\t\t\n\t\t\t\n\n<p> <\/p>\n<p><strong>DATENSCHUTZBESTIMMUNGEN<\/strong><\/p>\n<p>Schutz personenbezogener Daten bei Solutions Custom Made<\/p>\n<p><strong>Verpflichtung zur Vertraulichkeit :<\/strong><br>&#8211; Wir respektieren Ihre Privatsph\u00e4re und behandeln Ihre pers\u00f6nlichen Daten in \u00dcbereinstimmung mit den Schweizer Gesetzen.<br>&#8211; Unsere Datenschutzrichtlinie kann ohne vorherige Ank\u00fcndigung aktualisiert werden.<\/p>\n<p><strong>Verwendung von Daten :<\/strong><br>&#8211; Ihre Daten werden verwendet, um Ihre Bestellungen, Lieferungen, Zahlungen und den Kundenservice zu verwalten.<br>&#8211; Mit Ihrer Zustimmung k\u00f6nnen sie f\u00fcr Marketingmitteilungen verwendet werden.<\/p>\n<p><strong>Datenfreigabe :<\/strong><br>&#8211; Wir geben Ihre Daten an unsere Tochtergesellschaften und Dienstleister f\u00fcr bestimmte Dienstleistungen weiter, wenn Sie Ihre Zustimmung dazu gegeben haben.<\/p>\n<p><strong>Datensicherheit :<\/strong><br>&#8211; Es werden Ma\u00dfnahmen ergriffen, um Ihre Daten zu sch\u00fctzen. Sie werden nur so lange aufbewahrt, wie es f\u00fcr die Erbringung unserer Dienstleistungen erforderlich ist.<\/p>\n<p><strong>Rechte der Nutzer :<\/strong><br>&#8211; Sie haben das Recht, auf Ihre Daten zuzugreifen, sie zu korrigieren, zu l\u00f6schen oder sich ihrer Verwendung zu Marketingzwecken zu widersetzen.<\/p>\n<p><strong>Internationaler Transfer :<\/strong><br>&#8211; Ihre Daten k\u00f6nnen trotz Restrisiken mit angemessenen Schutzma\u00dfnahmen ins Ausland \u00fcbermittelt werden.<\/p>\n<p><strong>Haltbarkeitsdauer :<\/strong><br>&#8211; Die Daten werden so aufbewahrt, wie es f\u00fcr die Dienstleistungen, die legitimen Interessen oder die gesetzlichen Verpflichtungen erforderlich ist.<\/p>\n<p><strong>Cookies und \u00c4hnliche Technologien :<\/strong><br>&#8211; Cookies verbessern die Nutzererfahrung und die Sicherheit unserer Website.<br>&#8211; Sie haben die Wahl, Cookies zu akzeptieren oder abzulehnen, was sich auf die Funktionsweise der Website auswirken kann.<\/p>\n<p><strong>Arten von Cookies :<\/strong><br>&#8211; Wesentlich: f\u00fcr den Betrieb der Website erforderlich.<br>&#8211; Funktional und analytisch: um die Nutzung der Website zu verbessern.<br>&#8211; Marketing: f\u00fcr personalisierte Werbung mit Ihrer Zustimmung.<\/p>\n<p><strong>Analysetools und Plugins :<\/strong><br>&#8211; Wir verwenden Cookies f\u00fcr die Analyse und Verbesserung der Website, mit der M\u00f6glichkeit, ihre Verwendung abzulehnen.<br>&#8211; Google Analytics und Facebook Custom Audiences werden mit Ihrer Zustimmung f\u00fcr die Analyse und gezielte Werbung verwendet.<\/p>\n<p><strong>Sicherheit und Datenschutz :<\/strong><br>&#8211; Wir verwenden SSL-Verschl\u00fcsselung f\u00fcr die Sicherheit von Online-Daten.<br>&#8211; Wir sind nicht f\u00fcr die Datensicherheit auf externen Seiten verantwortlich.<\/p>\n<p><strong>Ihre Wahlm\u00f6glichkeiten und Rechte :<\/strong><br>&#8211; Sie k\u00f6nnen Ihre Cookie-Einstellungen verwalten und Ihre Rechte in Bezug auf Ihre personenbezogenen Daten aus\u00fcben.<\/p>\n<p><strong>Politik-Updates :<\/strong><br>&#8211; \u00dcberpr\u00fcfen Sie unsere Richtlinien regelm\u00e4\u00dfig, um \u00fcber m\u00f6gliche Aktualisierungen informiert zu bleiben.<\/p>\n\n\t\t<\/div>\n\t\t\t\t\t<\/div>\n\n\t\n\n<\/div>\n\n","protected":false},"excerpt":{"rendered":"","protected":false},"author":4,"featured_media":0,"parent":0,"menu_order":0,"comment_status":"closed","ping_status":"closed","template":"page-blank.php","meta":{"footnotes":""},"class_list":["post-12224","page","type-page","status-publish","hentry"],"_links":{"self":[{"href":"https:\/\/solutionscustom.ch\/de\/wp-json\/wp\/v2\/pages\/12224","targetHints":{"allow":["GET"]}}],"collection":[{"href":"https:\/\/solutionscustom.ch\/de\/wp-json\/wp\/v2\/pages"}],"about":[{"href":"https:\/\/solutionscustom.ch\/de\/wp-json\/wp\/v2\/types\/page"}],"author":[{"embeddable":true,"href":"https:\/\/solutionscustom.ch\/de\/wp-json\/wp\/v2\/users\/4"}],"replies":[{"embeddable":true,"href":"https:\/\/solutionscustom.ch\/de\/wp-json\/wp\/v2\/comments?post=12224"}],"version-history":[{"count":4,"href":"https:\/\/solutionscustom.ch\/de\/wp-json\/wp\/v2\/pages\/12224\/revisions"}],"predecessor-version":[{"id":12371,"href":"https:\/\/solutionscustom.ch\/de\/wp-json\/wp\/v2\/pages\/12224\/revisions\/12371"}],"wp:attachment":[{"href":"https:\/\/solutionscustom.ch\/de\/wp-json\/wp\/v2\/media?parent=12224"}],"curies":[{"name":"wp","href":"https:\/\/api.w.org\/{rel}","templated":true}]}}