{"id":12068,"date":"2024-01-23T11:25:32","date_gmt":"2024-01-23T10:25:32","guid":{"rendered":"https:\/\/prod.solutionscustom.ch\/anfrage-fuer-haendler\/"},"modified":"2024-03-13T20:55:20","modified_gmt":"2024-03-13T19:55:20","slug":"anfrage-fuer-haendler","status":"publish","type":"page","link":"https:\/\/solutionscustom.ch\/de\/anfrage-fuer-haendler\/","title":{"rendered":"H\u00e4ndler werden"},"content":{"rendered":"\n\n  <div class=\"banner has-hover\" id=\"banner-1130820688\">\n          <div class=\"banner-inner fill\">\n        <div class=\"banner-bg fill\" >\n            <img loading=\"lazy\" decoding=\"async\" width=\"1920\" height=\"1080\" src=\"https:\/\/solutionscustom.ch\/wp-content\/uploads\/2024\/02\/Design-sans-titre.jpg\" class=\"bg attachment-original size-original\" alt=\"\" \/>                                    \n                    <\/div>\n\t\t\n        <div class=\"banner-layers container\">\n            <div class=\"fill banner-link\"><\/div>            \n\n   <div id=\"text-box-539689433\" class=\"text-box banner-layer x5 md-x5 lg-x5 y90 md-y50 lg-y50 res-text\">\n                                <div class=\"text-box-content text box-shadow-1 dark\">\n              \n              <div class=\"text-inner text-left\">\n                  \n\n<h3><span style=\"font-size: 120%;\">Schlie\u00dfen Sie sich als H\u00e4ndler dem Abenteuer mit Custom Made Solutions an<\/span><\/h3>\n<p>Sie begeistern sich f\u00fcr die Welt des Designs und m\u00f6chten Ihre Produktpalette mit hochwertigem Material erweitern? Solution Custom Made, Experte f\u00fcr Grill- und Outdoor-L\u00f6sungen, l\u00e4dt Sie ein, Partner in seinem Vertriebsnetz zu werden.<\/p>\n\n              <\/div>\n           <\/div>\n                            \n<style>\n#text-box-539689433 .text-box-content {\n  background-color: rgba(0, 0, 0, 0.57);\n  font-size: 100%;\n}\n#text-box-539689433 .text-inner {\n  padding: 30px 30px 30px 30px;\n}\n#text-box-539689433 {\n  width: 88%;\n}\n@media (min-width:550px) {\n  #text-box-539689433 {\n    width: 41%;\n  }\n}\n<\/style>\n    <\/div>\n \n\n        <\/div>\n      <\/div>\n\n            \n<style>\n#banner-1130820688 {\n  padding-top: 500px;\n}\n#banner-1130820688 .banner-bg img {\n  object-position: 58% 45%;\n}\n<\/style>\n  <\/div>\n\n\n\n\t<section class=\"section\" id=\"section_1230078263\">\n\t\t<div class=\"section-bg fill\" >\n\t\t\t\t\t\t\t\t\t<div class=\"section-bg-overlay absolute fill\"><\/div>\n\t\t\t\n\t<div class=\"is-border\"\n\t\tstyle=\"border-width:1px 0px 1px 0px;\">\n\t<\/div>\n\n\t\t<\/div>\n\n\t\t\n\n\t\t<div class=\"section-content relative\">\n\t\t\t\n\n<div class=\"row row-large align-middle\"  id=\"row-976064746\">\n\n\n\t<div id=\"col-2084286545\" class=\"col medium-6 small-12 large-6\"  >\n\t\t\t\t<div class=\"col-inner text-left\"  >\n\t\t\t\n\t\t\t\n\n<h2><span style=\"font-size: 120%;\"><strong>Warum sollte man H\u00e4ndler werden?<\/strong><\/span><\/h2>\n<p><strong>Anerkannte Expertise :<\/strong> <br>Verbinden Sie sich mit einer Marke, die auf Innovation spezialisiert ist.<\/p>\n<p><strong>Engagierter Support :<\/strong> <br>Profitieren Sie von unseren Medienmaterialien und einer Begleitung, um die Bed\u00fcrfnisse Ihrer Kunden bestm\u00f6glich zu erf\u00fcllen. (unter bestimmten Bedingungen, Verkaufsdisplay und TEGO-Pr\u00e4sentation)<\/p>\n<p><strong>Qualit\u00e4tsprodukte :<\/strong> <br>Bieten Sie Ihren Kunden innovative, ergonomische und elegante Produkte an, die alle in der Schweiz auf Lager sind. Profitieren Sie au\u00dferdem von einem engagierten Kundendienst-Support<\/p>\n<p><strong>Kontaktieren Sie uns<\/strong> noch heute, um herauszufinden, wie wir zusammenarbeiten k\u00f6nnen, um Ihre Produktpalette zu erweitern und Ihre Kunden zu begeistern.<\/p>\n\n\t\t<\/div>\n\t\t\t\t\t<\/div>\n\n\t\n\n\t<div id=\"col-1346241764\" class=\"col medium-6 small-12 large-6\"  >\n\t\t\t\t<div class=\"col-inner\"  >\n\t\t\t\n\t\t\t\n\n\t<div class=\"img has-hover x md-x lg-x y md-y lg-y\" id=\"image_1358046724\">\n\t\t\t\t\t\t\t\t<div class=\"img-inner box-shadow-2 dark\" >\n\t\t\t\t\t\t\t\t\t\n\t\t\t\t\t<\/div>\n\t\t\t\t\t\t\t\t\n<style>\n#image_1358046724 {\n  width: 100%;\n}\n<\/style>\n\t<\/div>\n\t\n\n\t<div class=\"img has-hover x md-x lg-x y md-y lg-y\" id=\"image_574397057\">\n\t\t\t\t\t\t\t\t<div class=\"img-inner dark\" >\n\t\t\t\t\t\t\t\t\t\n\t\t\t\t\t<\/div>\n\t\t\t\t\t\t\t\t\n<style>\n#image_574397057 {\n  width: 100%;\n}\n<\/style>\n\t<\/div>\n\t\n\n<div class=\"wpforms-container wpforms-container-full\" id=\"wpforms-12250\"><form id=\"wpforms-form-12250\" class=\"wpforms-validate wpforms-form wpforms-ajax-form\" data-formid=\"12250\" method=\"post\" enctype=\"multipart\/form-data\" action=\"\/de\/wp-json\/wp\/v2\/pages\/12068\" data-token=\"4dfb40c7d9d51dd8ece94e9019a83422\" data-token-time=\"1776247224\"><noscript class=\"wpforms-error-noscript\">Bitte aktiviere JavaScript in deinem Browser, um dieses Formular fertigzustellen.<\/noscript><div class=\"wpforms-field-container\"><div id=\"wpforms-12250-field_3-container\" class=\"wpforms-field wpforms-field-text\" data-field-id=\"3\"><label class=\"wpforms-field-label\" for=\"wpforms-12250-field_3\">Nom de votre entreprise<\/label><input type=\"text\" id=\"wpforms-12250-field_3\" class=\"wpforms-field-medium\" name=\"wpforms[fields][3]\" ><\/div><div id=\"wpforms-12250-field_0-container\" class=\"wpforms-field wpforms-field-name\" data-field-id=\"0\"><label class=\"wpforms-field-label\">Nom <span class=\"wpforms-required-label\">*<\/span><\/label><div class=\"wpforms-field-row wpforms-field-medium\"><div class=\"wpforms-field-row-block wpforms-first wpforms-one-half\"><input type=\"text\" id=\"wpforms-12250-field_0\" class=\"wpforms-field-name-first wpforms-field-required\" name=\"wpforms[fields][0][first]\" required><label for=\"wpforms-12250-field_0\" class=\"wpforms-field-sublabel after\">Vorname<\/label><\/div><div class=\"wpforms-field-row-block wpforms-one-half\"><input type=\"text\" id=\"wpforms-12250-field_0-last\" class=\"wpforms-field-name-last wpforms-field-required\" name=\"wpforms[fields][0][last]\" required><label for=\"wpforms-12250-field_0-last\" class=\"wpforms-field-sublabel after\">Nachname<\/label><\/div><\/div><\/div><div id=\"wpforms-12250-field_1-container\" class=\"wpforms-field wpforms-field-email\" data-field-id=\"1\"><label class=\"wpforms-field-label\" for=\"wpforms-12250-field_1\">E-mail <span class=\"wpforms-required-label\">*<\/span><\/label><input type=\"email\" id=\"wpforms-12250-field_1\" class=\"wpforms-field-medium wpforms-field-required\" name=\"wpforms[fields][1]\" spellcheck=\"false\" required><\/div><div id=\"wpforms-12250-field_5-container\" class=\"wpforms-field wpforms-field-text\" data-field-id=\"5\"><label class=\"wpforms-field-label\" for=\"wpforms-12250-field_5\">T\u00e9l\u00e9phone<\/label><input type=\"text\" id=\"wpforms-12250-field_5\" class=\"wpforms-field-medium\" name=\"wpforms[fields][5]\" ><\/div><div id=\"wpforms-12250-field_4-container\" class=\"wpforms-field wpforms-field-text\" data-field-id=\"4\"><label class=\"wpforms-field-label\" for=\"wpforms-12250-field_4\">Adresse<\/label><input type=\"text\" id=\"wpforms-12250-field_4\" class=\"wpforms-field-medium\" name=\"wpforms[fields][4]\" ><\/div><div id=\"wpforms-12250-field_7-container\" class=\"wpforms-field wpforms-field-select wpforms-field-select-style-classic\" data-field-id=\"7\"><label class=\"wpforms-field-label\" for=\"wpforms-12250-field_7\">Quel est d&#039;apr\u00e8s vous votre potentiel de ventes<\/label><select id=\"wpforms-12250-field_7\" class=\"wpforms-field-medium\" name=\"wpforms[fields][7]\"><option value=\"de 10 \u00e0 20\"  class=\"choice-1 depth-1\"  >de 10 \u00e0 20<\/option><option value=\"de 20 \u00e0 50\"  class=\"choice-2 depth-1\"  >de 20 \u00e0 50<\/option><option value=\"Plus de 50\"  class=\"choice-3 depth-1\"  >Plus de 50<\/option><\/select><\/div><div id=\"wpforms-12250-field_2-container\" class=\"wpforms-field wpforms-field-textarea\" data-field-id=\"2\"><label class=\"wpforms-field-label\" for=\"wpforms-12250-field_2\">Commentaire ou message<\/label><textarea id=\"wpforms-12250-field_2\" class=\"wpforms-field-medium\" name=\"wpforms[fields][2]\" ><\/textarea><\/div><\/div><!-- .wpforms-field-container --><div class=\"wpforms-submit-container\" ><input type=\"hidden\" name=\"wpforms[id]\" value=\"12250\"><input type=\"hidden\" name=\"page_title\" value=\"\"><input type=\"hidden\" name=\"page_url\" value=\"https:\/\/solutionscustom.ch\/de\/wp-json\/wp\/v2\/pages\/12068\"><input type=\"hidden\" name=\"url_referer\" value=\"\"><button type=\"submit\" name=\"wpforms[submit]\" id=\"wpforms-submit-12250\" class=\"wpforms-submit\" data-alt-text=\"Envoi...\" data-submit-text=\"Envoyer\" aria-live=\"assertive\" value=\"wpforms-submit\">Envoyer<\/button><img loading=\"lazy\" decoding=\"async\" src=\"https:\/\/solutionscustom.ch\/wp-content\/plugins\/wpforms-lite\/assets\/images\/submit-spin.svg\" class=\"wpforms-submit-spinner\" style=\"display: none;\" width=\"26\" height=\"26\" alt=\"Wird geladen\"><\/div><\/form><\/div>  <!-- .wpforms-container -->\n\n\t\t<\/div>\n\t\t\t\t\t<\/div>\n\n\t\n\n<\/div>\n\n\t\t<\/div>\n\n\t\t\n<style>\n#section_1230078263 {\n  padding-top: 60px;\n  padding-bottom: 60px;\n  background-color: rgb(193, 193, 193);\n}\n#section_1230078263 .section-bg-overlay {\n  background-color: rgba(255, 255, 255, 0.85);\n}\n<\/style>\n\t<\/section>\n\t\n\n<div class=\"message-box relative dark\" style=\"padding-top:36px;padding-bottom:36px;\"><div class=\"message-box-bg-image bg-fill fill\" ><\/div><div class=\"message-box-bg-overlay bg-fill fill\" style=\"background-color:rgb(74, 74, 74);\"><\/div><div class=\"container relative\"><div class=\"inner last-reset\">\n\n<div class=\"row align-middle\"  id=\"row-174701431\">\n\n\n\t<div id=\"col-321268071\" class=\"col medium-6 small-12 large-6\"  >\n\t\t\t\t<div class=\"col-inner\"  >\n\t\t\t\n\t\t\t\n\n<h2 class=\"uppercase\">Z\u00d6GERN SIE NICHT, UNS ZU KONTAKTIEREN<\/h2>\n<p>Wir stehen Ihnen gerne mit Rat und Tat zur Seite und beantworten alle Ihre Fragen oder kontaktieren einen unserer H\u00e4ndler.<\/p>\n\t<div id=\"gap-1079951945\" class=\"gap-element clearfix\" style=\"display:block; height:auto;\">\n\t\t\n<style>\n#gap-1079951945 {\n  padding-top: 30px;\n}\n<\/style>\n\t<\/div>\n\t\n\n<a data-animate=\"flipInY\" href=\"https:\/\/solutionscustom.ch\/de\/kontakt\/\" class=\"button white is-outline lowercase\"  >\n\t\t<span>Kontaktieren Sie uns<\/span>\n\t<\/a>\n\n\n\n\t\t<\/div>\n\t\t\t\t\t<\/div>\n\n\t\n\n\t<div id=\"col-799044367\" class=\"col medium-6 small-12 large-6\"  >\n\t\t\t\t<div class=\"col-inner\"  >\n\t\t\t\n\t\t\t\n\n\t<div id=\"gap-2083781863\" class=\"gap-element clearfix show-for-small\" style=\"display:block; height:auto;\">\n\t\t\n<style>\n#gap-2083781863 {\n  padding-top: 30px;\n}\n<\/style>\n\t<\/div>\n\t\n\n<h2 class=\"uppercase\">Schlie\u00dfen Sie sich UNS als Wiederverk\u00e4ufer an<\/h2>\n<p>M\u00f6chten Sie Ihr Sortiment mit einer Vielfalt an qualitativ hochwertigen Produkten bereichern? Solutions Custom Spezialist in der Bereitstellung von verschiedenen L\u00f6sungen, l\u00e4dt Sie ein, ein Vertriebspartner in unserem umfangreichen Netzwerk zu werden<\/p>\n\t<div id=\"gap-1276211955\" class=\"gap-element clearfix\" style=\"display:block; height:auto;\">\n\t\t\n<style>\n#gap-1276211955 {\n  padding-top: 30px;\n}\n<\/style>\n\t<\/div>\n\t\n\n<a data-animate=\"flipInY\" href=\"https:\/\/solutionscustom.ch\/de\/anfrage-fuer-haendler\/\" class=\"button white is-outline lowercase\"  >\n\t\t<span>H\u00e4ndler werden<\/span>\n\t<\/a>\n\n\n\n\t\t<\/div>\n\t\t\t\t\t<\/div>\n\n\t\n\n<\/div>\n\n<\/div><\/div><\/div>\n\n\n","protected":false},"excerpt":{"rendered":"","protected":false},"author":4,"featured_media":0,"parent":0,"menu_order":0,"comment_status":"closed","ping_status":"closed","template":"page-blank.php","meta":{"footnotes":""},"class_list":["post-12068","page","type-page","status-publish","hentry"],"_links":{"self":[{"href":"https:\/\/solutionscustom.ch\/de\/wp-json\/wp\/v2\/pages\/12068","targetHints":{"allow":["GET"]}}],"collection":[{"href":"https:\/\/solutionscustom.ch\/de\/wp-json\/wp\/v2\/pages"}],"about":[{"href":"https:\/\/solutionscustom.ch\/de\/wp-json\/wp\/v2\/types\/page"}],"author":[{"embeddable":true,"href":"https:\/\/solutionscustom.ch\/de\/wp-json\/wp\/v2\/users\/4"}],"replies":[{"embeddable":true,"href":"https:\/\/solutionscustom.ch\/de\/wp-json\/wp\/v2\/comments?post=12068"}],"version-history":[{"count":5,"href":"https:\/\/solutionscustom.ch\/de\/wp-json\/wp\/v2\/pages\/12068\/revisions"}],"predecessor-version":[{"id":12384,"href":"https:\/\/solutionscustom.ch\/de\/wp-json\/wp\/v2\/pages\/12068\/revisions\/12384"}],"wp:attachment":[{"href":"https:\/\/solutionscustom.ch\/de\/wp-json\/wp\/v2\/media?parent=12068"}],"curies":[{"name":"wp","href":"https:\/\/api.w.org\/{rel}","templated":true}]}}