{"id":11814,"date":"2024-01-19T17:01:23","date_gmt":"2024-01-19T16:01:23","guid":{"rendered":"https:\/\/prod.solutionscustom.ch\/unsere-escape-speakers-haendler\/"},"modified":"2024-03-13T20:55:16","modified_gmt":"2024-03-13T19:55:16","slug":"unsere-escape-speakers-haendler","status":"publish","type":"page","link":"https:\/\/solutionscustom.ch\/de\/unsere-escape-speakers-haendler\/","title":{"rendered":"Informationsanfrage Escape Speakers"},"content":{"rendered":"\n\n\t<section class=\"section\" id=\"section_610873119\">\n\t\t<div class=\"section-bg fill\" >\n\t\t\t\t\t\t\t\t\t\n\t\t\t\n\n\t\t<\/div>\n\n\t\t\n\n\t\t<div class=\"section-content relative\">\n\t\t\t\n\n\n  <div class=\"banner has-hover\" id=\"banner-1750941018\">\n          <div class=\"banner-inner fill\">\n        <div class=\"banner-bg fill\" >\n                                                \n                    <\/div>\n\t\t\n        <div class=\"banner-layers container\">\n            <div class=\"fill banner-link\"><\/div>            \n\n   <div id=\"text-box-2096445835\" class=\"text-box banner-layer x50 md-x50 lg-x50 y50 md-y50 lg-y50 res-text\">\n                                <div class=\"text-box-content text dark\">\n              \n              <div class=\"text-inner text-center\">\n                  \n\n<h1 style=\"text-align: center;\"><span style=\"color: #000000;\">Kontaktieren Sie uns &#8211; Escape Speakers<\/span><\/h1>\n\t<div id=\"text-2761009296\" class=\"text\">\n\t\t\n\n<p><span style=\"font-size: 100%;\">Wir bei Escape Speakers haben es uns zur Aufgabe gemacht, ein unvergleichliches Klangerlebnis zu bieten. Wenn Sie sich f\u00fcr unsere Produkte interessieren oder Fragen haben, helfen wir Ihnen gerne weiter.<\/span><\/p>\n\t\t\n<style>\n#text-2761009296 {\n  font-size: 1.15rem;\n  text-align: center;\n  color: rgb(0,0,0);\n}\n#text-2761009296 > * {\n  color: rgb(0,0,0);\n}\n@media (min-width:550px) {\n  #text-2761009296 {\n    font-size: 1.45rem;\n  }\n}\n<\/style>\n\t<\/div>\n\t\n\n              <\/div>\n           <\/div>\n                            \n<style>\n#text-box-2096445835 {\n  width: 88%;\n}\n#text-box-2096445835 .text-box-content {\n  font-size: 100%;\n}\n<\/style>\n    <\/div>\n \n\n        <\/div>\n      <\/div>\n\n            \n<style>\n#banner-1750941018 {\n  padding-top: 300px;\n  background-color: rgb(230, 230, 230);\n}\n<\/style>\n  <\/div>\n\n\n\n\t\t<\/div>\n\n\t\t\n<style>\n#section_610873119 {\n  padding-top: 30px;\n  padding-bottom: 30px;\n}\n<\/style>\n\t<\/section>\n\t\n\n\t<section class=\"section\" id=\"section_815326107\">\n\t\t<div class=\"section-bg fill\" >\n\t\t\t\t\t\t\t\t\t<div class=\"section-bg-overlay absolute fill\"><\/div>\n\t\t\t\n\n\t\t<\/div>\n\n\t\t\n\n\t\t<div class=\"section-content relative\">\n\t\t\t\n\n<div class=\"row row-large align-middle\"  id=\"row-401037177\">\n\n\n\t<div id=\"col-1125150247\" class=\"col medium-6 small-12 large-6\"  >\n\t\t\t\t<div class=\"col-inner text-left\"  >\n\t\t\t\n\t\t\t\n\n<p>Ihre Musik verdient das Beste. Wenn Sie von der Qualit\u00e4t und der Leistung unserer Produkte gefesselt sind, z\u00f6gern Sie nicht, uns zu kontaktieren. Wir haben eine Leidenschaft f\u00fcr Klang und widmen uns der Bereicherung Ihres H\u00f6rerlebnisses. F\u00fcllen Sie das folgende Formular aus und teilen Sie uns Ihr Interesse an Escape Speakers mit. Unser Team wird Ihnen gerne Rede und Antwort stehen und Sie auf Ihrer Audio-Reise begleiten.<\/p>\n\n\t\t<\/div>\n\t\t\t\t\t<\/div>\n\n\t\n\n\t<div id=\"col-1722090995\" class=\"col medium-6 small-12 large-6\"  >\n\t\t\t\t<div class=\"col-inner\"  >\n\t\t\t\n\t\t\t\n\n\t<div class=\"img has-hover x md-x lg-x y md-y lg-y\" id=\"image_930640482\">\n\t\t\t\t\t\t\t\t<div class=\"img-inner box-shadow-2 dark\" >\n\t\t\t<img loading=\"lazy\" decoding=\"async\" width=\"1020\" height=\"681\" src=\"https:\/\/solutionscustom.ch\/wp-content\/uploads\/2023\/02\/P6-BT-outdoors-1024x684.jpg\" class=\"attachment-large size-large\" alt=\"\" srcset=\"https:\/\/solutionscustom.ch\/wp-content\/uploads\/2023\/02\/P6-BT-outdoors-1024x684.jpg 1024w, https:\/\/solutionscustom.ch\/wp-content\/uploads\/2023\/02\/P6-BT-outdoors-300x200.jpg 300w, https:\/\/solutionscustom.ch\/wp-content\/uploads\/2023\/02\/P6-BT-outdoors-768x513.jpg 768w, https:\/\/solutionscustom.ch\/wp-content\/uploads\/2023\/02\/P6-BT-outdoors-510x340.jpg 510w, https:\/\/solutionscustom.ch\/wp-content\/uploads\/2023\/02\/P6-BT-outdoors.jpg 1444w\" sizes=\"auto, (max-width: 1020px) 100vw, 1020px\" \/>\t\t\t\t\t\t\n\t\t\t\t\t<\/div>\n\t\t\t\t\t\t\t\t\n<style>\n#image_930640482 {\n  width: 100%;\n}\n<\/style>\n\t<\/div>\n\t\n\n\n\t\t<\/div>\n\t\t\t\t\t<\/div>\n\n\t\n\n<\/div>\n<div class=\"row\"  id=\"row-948993589\">\n\n\n\t<div id=\"col-1013401966\" class=\"col medium-2 small-12 large-2\"  >\n\t\t\t\t<div class=\"col-inner\"  >\n\t\t\t\n\t\t\t\n\n\n\t\t<\/div>\n\t\t\t\t\t<\/div>\n\n\t\n\n\t<div id=\"col-1940822678\" class=\"col medium-8 small-12 large-8\"  >\n\t\t\t\t<div class=\"col-inner\"  >\n\t\t\t\n\t\t\t\n\n<div class=\"wpforms-container wpforms-container-full\" id=\"wpforms-8784\"><form id=\"wpforms-form-8784\" class=\"wpforms-validate wpforms-form wpforms-ajax-form\" data-formid=\"8784\" method=\"post\" enctype=\"multipart\/form-data\" action=\"\/de\/wp-json\/wp\/v2\/pages\/11814\" data-token=\"353fd17eb6a1bdb3d135a80c7d797039\" data-token-time=\"1775570906\"><noscript class=\"wpforms-error-noscript\">Bitte aktiviere JavaScript in deinem Browser, um dieses Formular fertigzustellen.<\/noscript><div class=\"wpforms-field-container\"><div id=\"wpforms-8784-field_0-container\" class=\"wpforms-field wpforms-field-name\" data-field-id=\"0\"><label class=\"wpforms-field-label\">Nom <span class=\"wpforms-required-label\">*<\/span><\/label><div class=\"wpforms-field-row wpforms-field-medium\"><div class=\"wpforms-field-row-block wpforms-first wpforms-one-half\"><input type=\"text\" id=\"wpforms-8784-field_0\" class=\"wpforms-field-name-first wpforms-field-required\" name=\"wpforms[fields][0][first]\" required><label for=\"wpforms-8784-field_0\" class=\"wpforms-field-sublabel after\">Vorname<\/label><\/div><div class=\"wpforms-field-row-block wpforms-one-half\"><input type=\"text\" id=\"wpforms-8784-field_0-last\" class=\"wpforms-field-name-last wpforms-field-required\" name=\"wpforms[fields][0][last]\" required><label for=\"wpforms-8784-field_0-last\" class=\"wpforms-field-sublabel after\">Nachname<\/label><\/div><\/div><\/div><div id=\"wpforms-8784-field_1-container\" class=\"wpforms-field wpforms-field-email\" data-field-id=\"1\"><label class=\"wpforms-field-label\" for=\"wpforms-8784-field_1\">E-mail <span class=\"wpforms-required-label\">*<\/span><\/label><input type=\"email\" id=\"wpforms-8784-field_1\" class=\"wpforms-field-medium wpforms-field-required\" name=\"wpforms[fields][1]\" spellcheck=\"false\" required><\/div><div id=\"wpforms-8784-field_2-container\" class=\"wpforms-field wpforms-field-textarea\" data-field-id=\"2\"><label class=\"wpforms-field-label\" for=\"wpforms-8784-field_2\">Commentaire ou message<\/label><textarea id=\"wpforms-8784-field_2\" class=\"wpforms-field-medium\" name=\"wpforms[fields][2]\" ><\/textarea><\/div><\/div><!-- .wpforms-field-container --><div class=\"wpforms-recaptcha-container wpforms-is-recaptcha wpforms-is-recaptcha-type-v3\" ><input type=\"hidden\" name=\"wpforms[recaptcha]\" value=\"\"><\/div><div class=\"wpforms-submit-container\" ><input type=\"hidden\" name=\"wpforms[id]\" value=\"8784\"><input type=\"hidden\" name=\"page_title\" value=\"\"><input type=\"hidden\" name=\"page_url\" value=\"https:\/\/solutionscustom.ch\/de\/wp-json\/wp\/v2\/pages\/11814\"><input type=\"hidden\" name=\"url_referer\" value=\"\"><button type=\"submit\" name=\"wpforms[submit]\" id=\"wpforms-submit-8784\" class=\"wpforms-submit\" data-alt-text=\"Send...\" data-submit-text=\"Send\" aria-live=\"assertive\" value=\"wpforms-submit\">Send<\/button><img loading=\"lazy\" decoding=\"async\" src=\"https:\/\/solutionscustom.ch\/wp-content\/plugins\/wpforms-lite\/assets\/images\/submit-spin.svg\" class=\"wpforms-submit-spinner\" style=\"display: none;\" width=\"26\" height=\"26\" alt=\"Wird geladen\"><\/div><\/form><\/div>  <!-- .wpforms-container -->\n\n\t\t<\/div>\n\t\t\t\t\t<\/div>\n\n\t\n\n\t<div id=\"col-294449863\" class=\"col medium-2 small-12 large-2\"  >\n\t\t\t\t<div class=\"col-inner\"  >\n\t\t\t\n\t\t\t\n\n\n\t\t<\/div>\n\t\t\t\t\t<\/div>\n\n\t\n\n<\/div>\n\n\t\t<\/div>\n\n\t\t\n<style>\n#section_815326107 {\n  padding-top: 60px;\n  padding-bottom: 60px;\n  background-color: rgb(255, 255, 255);\n}\n#section_815326107 .section-bg-overlay {\n  background-color: rgba(255, 255, 255, 0.85);\n}\n<\/style>\n\t<\/section>\n\t\n\n","protected":false},"excerpt":{"rendered":"","protected":false},"author":4,"featured_media":0,"parent":0,"menu_order":0,"comment_status":"closed","ping_status":"closed","template":"page-blank.php","meta":{"footnotes":""},"class_list":["post-11814","page","type-page","status-publish","hentry"],"_links":{"self":[{"href":"https:\/\/solutionscustom.ch\/de\/wp-json\/wp\/v2\/pages\/11814","targetHints":{"allow":["GET"]}}],"collection":[{"href":"https:\/\/solutionscustom.ch\/de\/wp-json\/wp\/v2\/pages"}],"about":[{"href":"https:\/\/solutionscustom.ch\/de\/wp-json\/wp\/v2\/types\/page"}],"author":[{"embeddable":true,"href":"https:\/\/solutionscustom.ch\/de\/wp-json\/wp\/v2\/users\/4"}],"replies":[{"embeddable":true,"href":"https:\/\/solutionscustom.ch\/de\/wp-json\/wp\/v2\/comments?post=11814"}],"version-history":[{"count":5,"href":"https:\/\/solutionscustom.ch\/de\/wp-json\/wp\/v2\/pages\/11814\/revisions"}],"predecessor-version":[{"id":11832,"href":"https:\/\/solutionscustom.ch\/de\/wp-json\/wp\/v2\/pages\/11814\/revisions\/11832"}],"wp:attachment":[{"href":"https:\/\/solutionscustom.ch\/de\/wp-json\/wp\/v2\/media?parent=11814"}],"curies":[{"name":"wp","href":"https:\/\/api.w.org\/{rel}","templated":true}]}}