{"id":11268,"date":"2023-01-30T14:26:42","date_gmt":"2023-01-30T13:26:42","guid":{"rendered":"https:\/\/prod.solutionscustom.ch\/inneneinrichtung-architektur\/kaufmaennisch\/"},"modified":"2024-03-13T20:54:49","modified_gmt":"2024-03-13T19:54:49","slug":"kaufmaennisch","status":"publish","type":"page","link":"https:\/\/solutionscustom.ch\/de\/inneneinrichtung-architektur\/kaufmaennisch\/","title":{"rendered":"Kaufm\u00e4nnisch"},"content":{"rendered":"\n  <div id=\"page-header-1418984210\" class=\"page-header-wrapper\">\n  <div class=\"page-title dark featured-title\">\n\n    \n    <div class=\"page-title-inner container align-center text-center flex-row-col medium-flex-wrap\" >\n              <div class=\"title-wrapper flex-col\">\n          <h1 class=\"entry-title mb-0\">\n            Kaufm\u00e4nnisch          <\/h1>\n        <\/div>\n                    <div class=\"title-content flex-col\">\n        <div class=\"title-breadcrumbs pb-half pt-half\"><\/div>      <\/div>\n    <\/div>\n\n       <\/div>\n    <\/div>\n  \n\n\n\t<section class=\"section\" id=\"section_1181992684\">\n\t\t<div class=\"section-bg fill\" >\n\t\t\t\t\t\t\t\t\t<div class=\"section-bg-overlay absolute fill\"><\/div>\n\t\t\t\n\n\t\t<\/div>\n\n\t\t\n\n\t\t<div class=\"section-content relative\">\n\t\t\t\n\n<div class=\"row row-large align-middle\"  id=\"row-578534249\">\n\n\n\t<div id=\"col-1640755337\" class=\"col medium-6 small-12 large-6\"  >\n\t\t\t\t<div class=\"col-inner text-left\"  >\n\t\t\t\n\t\t\t\n\n<h1 class=\"uppercase\">Kaufm\u00e4nnisch<\/h1>\n<hr width=\"50px\">\n<p><strong>M\u00f6chten Sie einen Gesch\u00e4ftsraum schaffen, der Ihnen \u00e4hnlich ist, Ihre Identit\u00e4t vermittelt&nbsp;und den Bed\u00fcrfnissen Ihrer Kunden entspricht?<\/strong><\/p>\n<p>Solutions custom made schl\u00e4gt Orte vor, die Ihrem Image, Ihren Werten und Ihren Bed\u00fcrfnissen entsprechen, indem sie sich auf innovative und qualitative Ressourcen st\u00fctzen und gleichzeitig die technischen Zw\u00e4nge ber\u00fccksichtigen, die mit den Besucherstr\u00f6men verbunden sind.<\/p>\n<p>Egal, ob es sich um B\u00fcros, Empfangsbereiche oder Gesch\u00e4ftsr\u00e4ume handelt. Custom Made Solutions bietet einen nachhaltigen, designorientierten, spielerischen und funktionalen Ansatz.<\/p>\n<p>Custom made Solutions bietet eine nicht allt\u00e4gliche Atmosph\u00e4re mit einer einzigartigen Identit\u00e4t. Arbeitswelten, die eine besondere Energie vermitteln und in denen sich Ihre Kunden willkommen f\u00fchlen, indem sie jedes Mal eine individuelle Erfahrung machen.<\/p>\n<p>Schaffen Sie die Welt, die zu Ihnen passt, indem Sie Ihren Kunden einen unvergleichlichen Rahmen und eine unvergleichliche Atmosph\u00e4re bieten.<\/p>\n<p>Wir h\u00f6ren Ihnen gerne zu,&nbsp;<a href=\"https:\/\/solutionscustom.ch\/contact-us\/\">erz\u00e4hlen Sie uns von Ihrem Projekt<\/a>.<\/p>\n\n\t\t<\/div>\n\t\t\t\t\t<\/div>\n\n\t\n\n\t<div id=\"col-1283738897\" class=\"col medium-6 small-12 large-6\"  >\n\t\t\t\t<div class=\"col-inner\"  >\n\t\t\t\n\t\t\t\n\n\t<div class=\"img has-hover x md-x lg-x y md-y lg-y\" id=\"image_1132682948\">\n\t\t\t\t\t\t\t\t<div class=\"img-inner image-cover box-shadow-2 dark\" style=\"padding-top:100%;\">\n\t\t\t<img loading=\"lazy\" decoding=\"async\" width=\"1020\" height=\"718\" src=\"https:\/\/solutionscustom.ch\/wp-content\/uploads\/2023\/01\/CVI_instagram_actualite_modele3-uai-1032x727-1-1024x721.jpg\" class=\"attachment-large size-large\" alt=\"\" srcset=\"https:\/\/solutionscustom.ch\/wp-content\/uploads\/2023\/01\/CVI_instagram_actualite_modele3-uai-1032x727-1-1024x721.jpg 1024w, https:\/\/solutionscustom.ch\/wp-content\/uploads\/2023\/01\/CVI_instagram_actualite_modele3-uai-1032x727-1-300x211.jpg 300w, https:\/\/solutionscustom.ch\/wp-content\/uploads\/2023\/01\/CVI_instagram_actualite_modele3-uai-1032x727-1-768x541.jpg 768w, https:\/\/solutionscustom.ch\/wp-content\/uploads\/2023\/01\/CVI_instagram_actualite_modele3-uai-1032x727-1-510x359.jpg 510w, https:\/\/solutionscustom.ch\/wp-content\/uploads\/2023\/01\/CVI_instagram_actualite_modele3-uai-1032x727-1.jpg 1032w\" sizes=\"auto, (max-width: 1020px) 100vw, 1020px\" \/>\t\t\t\t\t\t\n\t\t\t\t\t<\/div>\n\t\t\t\t\t\t\t\t\n<style>\n#image_1132682948 {\n  width: 100%;\n}\n<\/style>\n\t<\/div>\n\t\n\n\n\t\t<\/div>\n\t\t\t\t\t<\/div>\n\n\t\n\n<\/div>\n<div id=\"portfolio-1577162002\" class=\"portfolio-element-wrapper has-filtering\">\n  \n    <div class=\"row large-columns-4 medium-columns-3 small-columns-2 row-small slider row-slider slider-nav-reveal\"  data-flickity-options='{&quot;imagesLoaded&quot;: true, &quot;groupCells&quot;: &quot;100%&quot;, &quot;dragThreshold&quot; : 5, &quot;cellAlign&quot;: &quot;left&quot;,&quot;wrapAround&quot;: true,&quot;prevNextButtons&quot;: true,&quot;percentPosition&quot;: true,&quot;pageDots&quot;: false, &quot;rightToLeft&quot;: false, &quot;autoPlay&quot; : false}' >\n\n    <div class=\"col\" data-terms=\"[&quot;Kaufm\u00e4nnisch&quot;]\" >\n          <div class=\"col-inner\" >\n          <a href=\"https:\/\/solutionscustom.ch\/de\/featured_item\/tourismusbuero\/\" class=\"plain \">\n          <div class=\"portfolio-box box has-hover box-shade dark\">\n            <div class=\"box-image\" >\n                <div class=\"image-zoom image-grayscale image-cover\" style=\"padding-top:100%;\">\n                <img loading=\"lazy\" decoding=\"async\" width=\"274\" height=\"300\" src=\"https:\/\/solutionscustom.ch\/wp-content\/uploads\/2023\/01\/Crans-Montana_0-274x300.jpg\" class=\"attachment-medium size-medium\" alt=\"\" srcset=\"https:\/\/solutionscustom.ch\/wp-content\/uploads\/2023\/01\/Crans-Montana_0-274x300.jpg 274w, https:\/\/solutionscustom.ch\/wp-content\/uploads\/2023\/01\/Crans-Montana_0-768x839.jpg 768w, https:\/\/solutionscustom.ch\/wp-content\/uploads\/2023\/01\/Crans-Montana_0-510x557.jpg 510w, https:\/\/solutionscustom.ch\/wp-content\/uploads\/2023\/01\/Crans-Montana_0.jpg 925w\" sizes=\"auto, (max-width: 274px) 100vw, 274px\" \/>                                <div class=\"shade\"><\/div>                <\/div>\n            <\/div>\n            <div class=\"box-text text-center\" >\n                  <div class=\"box-text-inner\">\n                      <h6 class=\"uppercase portfolio-box-title\">Tourismusb\u00fcro<\/h6>\n                      <p class=\"uppercase portfolio-box-category is-xsmall op-6\">\n                        <span class=\"show-on-hover\">\n                         Kaufm\u00e4nnisch                        <\/span>\n                      <\/p>\n                  <\/div>\n            <\/div>\n           <\/div>\n           <\/a>\n           <\/div>\n           <\/div><div class=\"col\" data-terms=\"[&quot;Kaufm\u00e4nnisch&quot;]\" >\n          <div class=\"col-inner\" >\n          <a href=\"https:\/\/solutionscustom.ch\/de\/featured_item\/saal-metropole-lausanne\/\" class=\"plain \">\n          <div class=\"portfolio-box box has-hover box-shade dark\">\n            <div class=\"box-image\" >\n                <div class=\"image-zoom image-grayscale image-cover\" style=\"padding-top:100%;\">\n                <img loading=\"lazy\" decoding=\"async\" width=\"232\" height=\"300\" src=\"https:\/\/solutionscustom.ch\/wp-content\/uploads\/2023\/01\/Salle_Metropole_Lausanne_0-uai-1032x1337-1-232x300.jpg\" class=\"attachment-medium size-medium\" alt=\"\" srcset=\"https:\/\/solutionscustom.ch\/wp-content\/uploads\/2023\/01\/Salle_Metropole_Lausanne_0-uai-1032x1337-1-232x300.jpg 232w, https:\/\/solutionscustom.ch\/wp-content\/uploads\/2023\/01\/Salle_Metropole_Lausanne_0-uai-1032x1337-1-790x1024.jpg 790w, https:\/\/solutionscustom.ch\/wp-content\/uploads\/2023\/01\/Salle_Metropole_Lausanne_0-uai-1032x1337-1-768x995.jpg 768w, https:\/\/solutionscustom.ch\/wp-content\/uploads\/2023\/01\/Salle_Metropole_Lausanne_0-uai-1032x1337-1-510x661.jpg 510w, https:\/\/solutionscustom.ch\/wp-content\/uploads\/2023\/01\/Salle_Metropole_Lausanne_0-uai-1032x1337-1.jpg 1032w\" sizes=\"auto, (max-width: 232px) 100vw, 232px\" \/>                                <div class=\"shade\"><\/div>                <\/div>\n            <\/div>\n            <div class=\"box-text text-center\" >\n                  <div class=\"box-text-inner\">\n                      <h6 class=\"uppercase portfolio-box-title\">Saal M\u00e9tropole Lausanne<\/h6>\n                      <p class=\"uppercase portfolio-box-category is-xsmall op-6\">\n                        <span class=\"show-on-hover\">\n                         Kaufm\u00e4nnisch                        <\/span>\n                      <\/p>\n                  <\/div>\n            <\/div>\n           <\/div>\n           <\/a>\n           <\/div>\n           <\/div><div class=\"col\" data-terms=\"[&quot;Kaufm\u00e4nnisch&quot;]\" >\n          <div class=\"col-inner\" >\n          <a href=\"https:\/\/solutionscustom.ch\/de\/featured_item\/chambre-vaudoise-de-limmobilier-waadtlaendische-immobilienkammer\/\" class=\"plain \">\n          <div class=\"portfolio-box box has-hover box-shade dark\">\n            <div class=\"box-image\" >\n                <div class=\"image-zoom image-grayscale image-cover\" style=\"padding-top:100%;\">\n                <img loading=\"lazy\" decoding=\"async\" width=\"300\" height=\"300\" src=\"https:\/\/solutionscustom.ch\/wp-content\/uploads\/2023\/01\/CVI_instagram_actualite_modele2-uai-516x516-1-300x300.jpg\" class=\"attachment-medium size-medium\" alt=\"\" srcset=\"https:\/\/solutionscustom.ch\/wp-content\/uploads\/2023\/01\/CVI_instagram_actualite_modele2-uai-516x516-1-300x300.jpg 300w, https:\/\/solutionscustom.ch\/wp-content\/uploads\/2023\/01\/CVI_instagram_actualite_modele2-uai-516x516-1-150x150.jpg 150w, https:\/\/solutionscustom.ch\/wp-content\/uploads\/2023\/01\/CVI_instagram_actualite_modele2-uai-516x516-1-510x510.jpg 510w, https:\/\/solutionscustom.ch\/wp-content\/uploads\/2023\/01\/CVI_instagram_actualite_modele2-uai-516x516-1-100x100.jpg 100w, https:\/\/solutionscustom.ch\/wp-content\/uploads\/2023\/01\/CVI_instagram_actualite_modele2-uai-516x516-1-50x50.jpg 50w, https:\/\/solutionscustom.ch\/wp-content\/uploads\/2023\/01\/CVI_instagram_actualite_modele2-uai-516x516-1.jpg 516w\" sizes=\"auto, (max-width: 300px) 100vw, 300px\" \/>                                <div class=\"shade\"><\/div>                <\/div>\n            <\/div>\n            <div class=\"box-text text-center\" >\n                  <div class=\"box-text-inner\">\n                      <h6 class=\"uppercase portfolio-box-title\">Chambre vaudoise de l&#8217;immobilier (Waadtl\u00e4ndische Immobilienkammer)<\/h6>\n                      <p class=\"uppercase portfolio-box-category is-xsmall op-6\">\n                        <span class=\"show-on-hover\">\n                         Kaufm\u00e4nnisch                        <\/span>\n                      <\/p>\n                  <\/div>\n            <\/div>\n           <\/div>\n           <\/a>\n           <\/div>\n           <\/div><\/div><\/div>\n\n\n\t\t<\/div>\n\n\t\t\n<style>\n#section_1181992684 {\n  padding-top: 60px;\n  padding-bottom: 60px;\n  background-color: rgb(255, 255, 255);\n}\n#section_1181992684 .section-bg-overlay {\n  background-color: rgba(255, 255, 255, 0.85);\n}\n<\/style>\n\t<\/section>\n\t\n<div class=\"message-box relative dark\" style=\"padding-top:36px;padding-bottom:36px;\"><div class=\"message-box-bg-image bg-fill fill\" ><\/div><div class=\"message-box-bg-overlay bg-fill fill\" style=\"background-color:rgb(74, 74, 74);\"><\/div><div class=\"container relative\"><div class=\"inner last-reset\">\n\n<div class=\"row\"  id=\"row-382725709\">\n\n\n\t<div id=\"col-1614364364\" class=\"col medium-7 small-12 large-7\"  >\n\t\t\t\t<div class=\"col-inner\"  >\n\t\t\t\n\t\t\t\n\n<h2 class=\"uppercase\">Z\u00d6GERN SIE NICHT, UNS ZU KONTAKTIEREN<\/h2>\n<p>Wir stehen Ihnen gerne mit Rat und Tat zur Seite und beantworten alle Ihre Fragen oder kontaktieren einen unserer H\u00e4ndler.<\/p>\n\t<div id=\"gap-1789000431\" class=\"gap-element clearfix\" style=\"display:block; height:auto;\">\n\t\t\n<style>\n#gap-1789000431 {\n  padding-top: 30px;\n}\n<\/style>\n\t<\/div>\n\t\n\n<a data-animate=\"flipInY\" class=\"button white is-outline is-xsmall\"  >\n\t\t<span>Kontaktieren Sie uns<\/span>\n\t<\/a>\n\n\n\n\t\t<\/div>\n\t\t\t\t\t<\/div>\n\n\t\n\n\t<div id=\"col-864425834\" class=\"col medium-5 small-12 large-5\"  >\n\t\t\t\t<div class=\"col-inner text-right\"  >\n\t\t\t\n\t\t\t\n\n<p><span class=\"widget-title\">KONTAKT<\/span><\/p>\n<div class=\"textwidget\">\n<p>Custom Made Solutions S\u00e0rl<br>Rue de Combremont 4 - 1908 Riddes<br>T +41 79 226 76 31<br><a href=\"mailto:info@solutions.best\" target=\"_blank\" rel=\"noopener noreferrer\">info@solutions.best<\/a><\/p>\n<\/div>\n\t<div id=\"gap-1505723644\" class=\"gap-element clearfix\" style=\"display:block; height:auto;\">\n\t\t\n<style>\n#gap-1505723644 {\n  padding-top: 10px;\n}\n<\/style>\n\t<\/div>\n\t\n\n\n\t\t<\/div>\n\t\t\t\t\t<\/div>\n\n\t\n\n<\/div>\n\n<\/div><\/div><\/div>\n\n\n","protected":false},"excerpt":{"rendered":"","protected":false},"author":4,"featured_media":0,"parent":11253,"menu_order":0,"comment_status":"closed","ping_status":"closed","template":"page-blank.php","meta":{"footnotes":""},"class_list":["post-11268","page","type-page","status-publish","hentry"],"_links":{"self":[{"href":"https:\/\/solutionscustom.ch\/de\/wp-json\/wp\/v2\/pages\/11268","targetHints":{"allow":["GET"]}}],"collection":[{"href":"https:\/\/solutionscustom.ch\/de\/wp-json\/wp\/v2\/pages"}],"about":[{"href":"https:\/\/solutionscustom.ch\/de\/wp-json\/wp\/v2\/types\/page"}],"author":[{"embeddable":true,"href":"https:\/\/solutionscustom.ch\/de\/wp-json\/wp\/v2\/users\/4"}],"replies":[{"embeddable":true,"href":"https:\/\/solutionscustom.ch\/de\/wp-json\/wp\/v2\/comments?post=11268"}],"version-history":[{"count":2,"href":"https:\/\/solutionscustom.ch\/de\/wp-json\/wp\/v2\/pages\/11268\/revisions"}],"predecessor-version":[{"id":12379,"href":"https:\/\/solutionscustom.ch\/de\/wp-json\/wp\/v2\/pages\/11268\/revisions\/12379"}],"up":[{"embeddable":true,"href":"https:\/\/solutionscustom.ch\/de\/wp-json\/wp\/v2\/pages\/11253"}],"wp:attachment":[{"href":"https:\/\/solutionscustom.ch\/de\/wp-json\/wp\/v2\/media?parent=11268"}],"curies":[{"name":"wp","href":"https:\/\/api.w.org\/{rel}","templated":true}]}}