{"id":11253,"date":"2023-01-30T08:44:30","date_gmt":"2023-01-30T07:44:30","guid":{"rendered":"https:\/\/prod.solutionscustom.ch\/inneneinrichtung-architektur\/"},"modified":"2024-03-13T20:56:40","modified_gmt":"2024-03-13T19:56:40","slug":"inneneinrichtung-architektur","status":"publish","type":"page","link":"https:\/\/solutionscustom.ch\/de\/inneneinrichtung-architektur\/","title":{"rendered":"Inneneinrichtung\/Architektur"},"content":{"rendered":"\n\n\t<section class=\"section\" id=\"section_1302963048\">\n\t\t<div class=\"section-bg fill\" >\n\t\t\t\t\t\t\t\t\t\n\t\t\t\n\n\t\t<\/div>\n\n\t\t\n\n\t\t<div class=\"section-content relative\">\n\t\t\t\n\n\n  <div class=\"banner has-hover\" id=\"banner-1097122454\">\n          <div class=\"banner-inner fill\">\n        <div class=\"banner-bg fill\" >\n                                                \n                    <\/div>\n\t\t\n        <div class=\"banner-layers container\">\n            <div class=\"fill banner-link\"><\/div>            \n\n   <div id=\"text-box-83324539\" class=\"text-box banner-layer x50 md-x50 lg-x50 y50 md-y50 lg-y50 res-text\">\n                                <div class=\"text-box-content text dark\">\n              \n              <div class=\"text-inner text-center\">\n                  \n\n<h1><span style=\"color: #000000; font-size: 90%;\">Innenarchitektur<\/span><\/h1>\n\t<div id=\"text-1732088246\" class=\"text\">\n\t\t\n\n<p><span style=\"font-size: 100%;\">Innenarchitektur ist ein starker Vektor f\u00fcr Emotionen und das beste Mittel, um ein eigenes Universum zu schaffen.Anordnen, arrangieren eines Ensembles, um eine Einheit zu schaffen, die perfekt zu Ihrem Raum passt, ohne dabei technische, operative und \u00e4sthetische Zw\u00e4nge zu vernachl\u00e4ssigen.<\/span><\/p>\n\t\t\n<style>\n#text-1732088246 {\n  font-size: 1.1rem;\n  text-align: center;\n  color: rgb(0,0,0);\n}\n#text-1732088246 > * {\n  color: rgb(0,0,0);\n}\n@media (min-width:550px) {\n  #text-1732088246 {\n    font-size: 1.3rem;\n  }\n}\n<\/style>\n\t<\/div>\n\t\n\n              <\/div>\n           <\/div>\n                            \n<style>\n#text-box-83324539 {\n  width: 88%;\n}\n#text-box-83324539 .text-box-content {\n  font-size: 100%;\n}\n<\/style>\n    <\/div>\n \n\n        <\/div>\n      <\/div>\n\n            \n<style>\n#banner-1097122454 {\n  padding-top: 300px;\n  background-color: rgb(230, 230, 230);\n}\n<\/style>\n  <\/div>\n\n\n\n\t\t<\/div>\n\n\t\t\n<style>\n#section_1302963048 {\n  padding-top: 30px;\n  padding-bottom: 30px;\n}\n<\/style>\n\t<\/section>\n\t\n<div class=\"slider-wrapper relative\" id=\"slider-1679563139\" >\n    <div class=\"slider slider-nav-circle slider-nav-large slider-nav-light slider-style-normal slider-show-nav\"\n        data-flickity-options='{\n            \"cellAlign\": \"center\",\n            \"imagesLoaded\": true,\n            \"lazyLoad\": 1,\n            \"freeScroll\": false,\n            \"wrapAround\": true,\n            \"autoPlay\": 2000,\n            \"pauseAutoPlayOnHover\" : true,\n            \"prevNextButtons\": true,\n            \"contain\" : true,\n            \"adaptiveHeight\" : true,\n            \"dragThreshold\" : 10,\n            \"percentPosition\": true,\n            \"pageDots\": true,\n            \"rightToLeft\": false,\n            \"draggable\": true,\n            \"selectedAttraction\": 0.1,\n            \"parallax\" : 0,\n            \"friction\": 0.6        }'\n        >\n        \n\n\n  <div class=\"banner has-hover\" id=\"banner-1465541233\">\n          <div class=\"banner-inner fill\">\n        <div class=\"banner-bg fill\" >\n            <img loading=\"lazy\" decoding=\"async\" width=\"2064\" height=\"1238\" src=\"https:\/\/solutionscustom.ch\/wp-content\/uploads\/2023\/01\/APPART_CRANS_SEJOUR_06-uai-2064x1238-1.jpg\" class=\"bg attachment-original size-original\" alt=\"\" \/>                        <div class=\"overlay\"><\/div>            \n                    <\/div>\n\t\t\n        <div class=\"banner-layers container\">\n            <div class=\"fill banner-link\"><\/div>            \n\n   <div id=\"text-box-816778000\" class=\"text-box banner-layer x50 md-x50 lg-x50 y50 md-y50 lg-y50 res-text\">\n                                <div class=\"text-box-content text dark\">\n              \n              <div class=\"text-inner text-center\">\n                  \n\n<h2 class=\"uppercase\">RESIDENTIAL<\/h2>\n\n              <\/div>\n           <\/div>\n                            \n<style>\n#text-box-816778000 {\n  width: 60%;\n}\n#text-box-816778000 .text-box-content {\n  font-size: 100%;\n}\n@media (min-width:550px) {\n  #text-box-816778000 {\n    width: 44%;\n  }\n}\n<\/style>\n    <\/div>\n \n\n        <\/div>\n      <\/div>\n\n            \n<style>\n#banner-1465541233 {\n  padding-top: 380px;\n}\n#banner-1465541233 .overlay {\n  background-color: rgba(0, 0, 0, 0.285);\n}\n#banner-1465541233 .banner-bg img {\n  object-position: 49% 28%;\n}\n<\/style>\n  <\/div>\n\n\n\n  <div class=\"banner has-hover has-slide-effect slide-zoom-in-fast\" id=\"banner-1261598677\">\n          <div class=\"banner-inner fill\">\n        <div class=\"banner-bg fill\" >\n            <img loading=\"lazy\" decoding=\"async\" width=\"2064\" height=\"1548\" src=\"https:\/\/solutionscustom.ch\/wp-content\/uploads\/2023\/01\/agencement-dinterieur.jpg\" class=\"bg attachment-original size-original\" alt=\"\" \/>                                    \n                    <\/div>\n\t\t\n        <div class=\"banner-layers container\">\n            <div class=\"fill banner-link\"><\/div>            \n\n   <div id=\"text-box-270626719\" class=\"text-box banner-layer x50 md-x50 lg-x50 y50 md-y50 lg-y50 res-text\">\n                                <div class=\"text-box-content text dark\">\n              \n              <div class=\"text-inner text-center\">\n                  \n\n<h2 class=\"uppercase\">HOTEL- UND GASTST\u00c4TTENGEWERBE<\/h2>\n\n              <\/div>\n           <\/div>\n                            \n<style>\n#text-box-270626719 {\n  width: 60%;\n}\n#text-box-270626719 .text-box-content {\n  font-size: 100%;\n}\n@media (min-width:550px) {\n  #text-box-270626719 {\n    width: 71%;\n  }\n}\n<\/style>\n    <\/div>\n \n\n        <\/div>\n      <\/div>\n\n            \n<style>\n#banner-1261598677 {\n  padding-top: 380px;\n}\n#banner-1261598677 .banner-bg img {\n  object-position: 49% 60%;\n}\n<\/style>\n  <\/div>\n\n\n\n  <div class=\"banner has-hover has-slide-effect slide-zoom-in-fast\" id=\"banner-600174431\">\n          <div class=\"banner-inner fill\">\n        <div class=\"banner-bg fill\" >\n            <img loading=\"lazy\" decoding=\"async\" width=\"1844\" height=\"1124\" src=\"https:\/\/solutionscustom.ch\/wp-content\/uploads\/2023\/01\/Crans-Montana_3.jpg\" class=\"bg attachment-original size-original\" alt=\"\" \/>                                    \n                    <\/div>\n\t\t\n        <div class=\"banner-layers container\">\n            <div class=\"fill banner-link\"><\/div>            \n\n   <div id=\"text-box-963662361\" class=\"text-box banner-layer x50 md-x50 lg-x50 y50 md-y50 lg-y50 res-text\">\n                                <div class=\"text-box-content text dark\">\n              \n              <div class=\"text-inner text-center\">\n                  \n\n<h2 class=\"uppercase\">COMMERCIALE<\/h2>\n\n              <\/div>\n           <\/div>\n                            \n<style>\n#text-box-963662361 {\n  width: 60%;\n}\n#text-box-963662361 .text-box-content {\n  font-size: 100%;\n}\n@media (min-width:550px) {\n  #text-box-963662361 {\n    width: 44%;\n  }\n}\n<\/style>\n    <\/div>\n \n\n        <\/div>\n      <\/div>\n\n            \n<style>\n#banner-600174431 {\n  padding-top: 380px;\n}\n#banner-600174431 .banner-bg img {\n  object-position: 49% 60%;\n}\n<\/style>\n  <\/div>\n\n\n\n     <\/div>\n\n     <div class=\"loading-spin dark large centered\"><\/div>\n\n\t<\/div>\n\n\n<div class=\"row\"  id=\"row-1984206993\">\n\n\n\t<div id=\"col-18120674\" class=\"col medium-4 small-12 large-4\"  >\n\t\t\t\t<div class=\"col-inner text-center\"  >\n\t\t\t\n\t\t\t\n\n\t<div id=\"text-793750829\" class=\"text\">\n\t\t\n\n<h2><span style=\"color: #000000;\">Hotelgewerbe \/ Gastst\u00e4ttengewerbe<\/span><\/h2>\n<p>Sie planen, den Empfangsbereich Ihrer Einrichtung zu renovieren, neu zu gestalten?<\/p>\n\t\t\n<style>\n#text-793750829 {\n  text-align: center;\n}\n<\/style>\n\t<\/div>\n\t\n<a href=\"https:\/\/solutionscustom.ch\/de\/inneneinrichtung-architektur\/hotel-und-gaststaettengewerbe\/\" class=\"button alert lowercase\"  style=\"border-radius:10px;\">\n\t\t<span>Mehr erfahren<\/span>\n\t<\/a>\n\n\n\n\t\t<\/div>\n\t\t\t\t\t<\/div>\n\n\t\n\n\t<div id=\"col-1509407544\" class=\"col medium-4 small-12 large-4\"  >\n\t\t\t\t<div class=\"col-inner text-center\"  >\n\t\t\t\n\t\t\t\n\n\t<div id=\"text-315146366\" class=\"text\">\n\t\t\n\n<h2><span style=\"color: #000000;\">Kaufm\u00e4nnisch<\/span><\/h2>\n<p>M\u00f6chten Sie einen Verkaufsraum einrichten?<\/p>\n\t\t\n<style>\n#text-315146366 {\n  text-align: center;\n}\n<\/style>\n\t<\/div>\n\t\n<a href=\"https:\/\/solutionscustom.ch\/de\/inneneinrichtung-architektur\/kaufmaennisch\/\" class=\"button alert lowercase\"  style=\"border-radius:10px;\">\n\t\t<span>Mehr erfahren<\/span>\n\t<\/a>\n\n\n\n\t\t<\/div>\n\t\t\t\t\t<\/div>\n\n\t\n\n\t<div id=\"col-548426290\" class=\"col medium-4 small-12 large-4\"  >\n\t\t\t\t<div class=\"col-inner text-center\"  >\n\t\t\t\n\t\t\t\n\n\t<div id=\"text-4224887445\" class=\"text\">\n\t\t\n\n<h2><span style=\"color: #000000;\">Wohngebiet<\/span><\/h2>\n<p>M\u00f6chten Sie in Ihrem Zuhause eine neue Atmosph\u00e4re schaffen?<\/p>\n\t\t\n<style>\n#text-4224887445 {\n  text-align: center;\n}\n<\/style>\n\t<\/div>\n\t\n<a href=\"https:\/\/solutionscustom.ch\/de\/inneneinrichtung-architektur\/wohngebiet\/\" class=\"button alert lowercase\"  style=\"border-radius:10px;\">\n\t\t<span>Mehr erfahren<\/span>\n\t<\/a>\n\n\n\n\t\t<\/div>\n\t\t\t\t\t<\/div>\n\n\t\n\n<\/div>\n<div class=\"message-box relative dark\" style=\"padding-top:36px;padding-bottom:36px;\"><div class=\"message-box-bg-image bg-fill fill\" ><\/div><div class=\"message-box-bg-overlay bg-fill fill\" style=\"background-color:rgb(74, 74, 74);\"><\/div><div class=\"container relative\"><div class=\"inner last-reset\">\n\n<div class=\"row\"  id=\"row-1227347154\">\n\n\n\t<div id=\"col-629652734\" class=\"col medium-7 small-12 large-7\"  >\n\t\t\t\t<div class=\"col-inner\"  >\n\t\t\t\n\t\t\t\n\n<h2 class=\"uppercase\">Z\u00d6GERN SIE NICHT, UNS ZU KONTAKTIEREN<\/h2>\n<p>Wir stehen Ihnen gerne mit Rat und Tat zur Seite und beantworten alle Ihre Fragen oder kontaktieren einen unserer H\u00e4ndler.<\/p>\n\t<div id=\"gap-1492866714\" class=\"gap-element clearfix\" style=\"display:block; height:auto;\">\n\t\t\n<style>\n#gap-1492866714 {\n  padding-top: 30px;\n}\n<\/style>\n\t<\/div>\n\t\n\n<a data-animate=\"flipInY\" class=\"button white is-outline is-xsmall\"  >\n\t\t<span>Kontaktieren Sie uns<\/span>\n\t<\/a>\n\n\n\n\t\t<\/div>\n\t\t\t\t\t<\/div>\n\n\t\n\n\t<div id=\"col-2017059624\" class=\"col medium-5 small-12 large-5\"  >\n\t\t\t\t<div class=\"col-inner text-right\"  >\n\t\t\t\n\t\t\t\n\n<p><span class=\"widget-title\">KONTAKT<\/span><\/p>\n<div class=\"textwidget\">\n<p>Custom Made Solutions S\u00e0rl<br>Rue de Combremont 4 - 1908 Riddes<br>T +41 79 226 76 31<br><a href=\"mailto:info@solutions.best\" target=\"_blank\" rel=\"noopener noreferrer\">info@solutions.best<\/a><\/p>\n<\/div>\n\t<div id=\"gap-1161234771\" class=\"gap-element clearfix\" style=\"display:block; height:auto;\">\n\t\t\n<style>\n#gap-1161234771 {\n  padding-top: 10px;\n}\n<\/style>\n\t<\/div>\n\t\n\n\n\t\t<\/div>\n\t\t\t\t\t<\/div>\n\n\t\n\n<\/div>\n\n<\/div><\/div><\/div>\n\n\n","protected":false},"excerpt":{"rendered":"","protected":false},"author":4,"featured_media":0,"parent":0,"menu_order":0,"comment_status":"closed","ping_status":"closed","template":"page-blank.php","meta":{"footnotes":""},"class_list":["post-11253","page","type-page","status-publish","hentry"],"_links":{"self":[{"href":"https:\/\/solutionscustom.ch\/de\/wp-json\/wp\/v2\/pages\/11253","targetHints":{"allow":["GET"]}}],"collection":[{"href":"https:\/\/solutionscustom.ch\/de\/wp-json\/wp\/v2\/pages"}],"about":[{"href":"https:\/\/solutionscustom.ch\/de\/wp-json\/wp\/v2\/types\/page"}],"author":[{"embeddable":true,"href":"https:\/\/solutionscustom.ch\/de\/wp-json\/wp\/v2\/users\/4"}],"replies":[{"embeddable":true,"href":"https:\/\/solutionscustom.ch\/de\/wp-json\/wp\/v2\/comments?post=11253"}],"version-history":[{"count":2,"href":"https:\/\/solutionscustom.ch\/de\/wp-json\/wp\/v2\/pages\/11253\/revisions"}],"predecessor-version":[{"id":12393,"href":"https:\/\/solutionscustom.ch\/de\/wp-json\/wp\/v2\/pages\/11253\/revisions\/12393"}],"wp:attachment":[{"href":"https:\/\/solutionscustom.ch\/de\/wp-json\/wp\/v2\/media?parent=11253"}],"curies":[{"name":"wp","href":"https:\/\/api.w.org\/{rel}","templated":true}]}}