{"id":11234,"date":"2023-01-31T09:52:54","date_gmt":"2023-01-31T08:52:54","guid":{"rendered":"https:\/\/prod.solutionscustom.ch\/kurzlebige-struktur\/kurzlebige-raeume\/"},"modified":"2024-03-13T20:54:36","modified_gmt":"2024-03-13T19:54:36","slug":"kurzlebige-raeume","status":"publish","type":"page","link":"https:\/\/solutionscustom.ch\/de\/kurzlebige-struktur\/kurzlebige-raeume\/","title":{"rendered":"Verg\u00e4nglicher Raum"},"content":{"rendered":"\n  <div id=\"page-header-1004428640\" class=\"page-header-wrapper\">\n  <div class=\"page-title dark featured-title\">\n\n    \n    <div class=\"page-title-inner container align-center text-center flex-row-col medium-flex-wrap\" >\n              <div class=\"title-wrapper flex-col\">\n          <h1 class=\"entry-title mb-0\">\n            Verg\u00e4nglicher Raum          <\/h1>\n        <\/div>\n                    <div class=\"title-content flex-col\">\n        <div class=\"title-breadcrumbs pb-half pt-half\"><\/div>      <\/div>\n    <\/div>\n\n       <\/div>\n    <\/div>\n  \n\n\n\t<section class=\"section\" id=\"section_402063900\">\n\t\t<div class=\"section-bg fill\" >\n\t\t\t\t\t\t\t\t\t<div class=\"section-bg-overlay absolute fill\"><\/div>\n\t\t\t\n\n\t\t<\/div>\n\n\t\t\n\n\t\t<div class=\"section-content relative\">\n\t\t\t\n\n<div class=\"row row-large align-middle\"  id=\"row-781983446\">\n\n\n\t<div id=\"col-1861077708\" class=\"col medium-6 small-12 large-6\"  >\n\t\t\t\t<div class=\"col-inner text-left\"  >\n\t\t\t\n\t\t\t\n\n<h1 class=\"uppercase\">Kurzlebige R\u00e4ume<\/h1>\n<hr width=\"50px\">\n<p><strong>\u00dcberraschen Sie Ihre Kunden, indem Sie einen verg\u00e4nglichen Raum nach Ihrem Bild gestalten, und vermitteln Sie Ihre Werte durch ein architektonisches und einzigartiges Konzept.<\/strong><\/p>\n<p>Solutions Custom made bietet Ihnen an, Ihren pers\u00f6nlichen Raum vollst\u00e4ndig zu gestalten, einen Ort zu beleben oder zu dramatisieren, anl\u00e4sslich eines Kongresses, einer Produkteinf\u00fchrung, eines Festivals oder im Rahmen einer \u00f6ffentlichen oder privaten Veranstaltung unter Ber\u00fccksichtigung der technischen und sicherheitsrelevanten Auflagen.<br>Wir liefern Ihnen ma\u00dfgeschneiderte Leistungen, die Ihren Anforderungen entsprechen und Ihre eigene Identit\u00e4t einbeziehen.<\/p>\n<p><a href=\"https:\/\/solutionscustom.ch\/contact-us\/\">Erz\u00e4hlen Sie uns von Ihrem Projekt.<\/a><\/p>\n\n\t\t<\/div>\n\t\t\t\t\t<\/div>\n\n\t\n\n\t<div id=\"col-1836103102\" class=\"col medium-6 small-12 large-6\"  >\n\t\t\t\t<div class=\"col-inner\"  >\n\t\t\t\n\t\t\t\n\n\t<div class=\"img has-hover x md-x lg-x y md-y lg-y\" id=\"image_206679782\">\n\t\t\t\t\t\t\t\t<div class=\"img-inner image-cover box-shadow-2 dark\" style=\"padding-top:100%;\">\n\t\t\t<img loading=\"lazy\" decoding=\"async\" width=\"633\" height=\"886\" src=\"https:\/\/solutionscustom.ch\/wp-content\/uploads\/2023\/01\/stand_intro.jpg\" class=\"attachment-large size-large\" alt=\"\" srcset=\"https:\/\/solutionscustom.ch\/wp-content\/uploads\/2023\/01\/stand_intro.jpg 633w, https:\/\/solutionscustom.ch\/wp-content\/uploads\/2023\/01\/stand_intro-214x300.jpg 214w, https:\/\/solutionscustom.ch\/wp-content\/uploads\/2023\/01\/stand_intro-510x714.jpg 510w\" sizes=\"auto, (max-width: 633px) 100vw, 633px\" \/>\t\t\t\t\t\t\n\t\t\t\t\t<\/div>\n\t\t\t\t\t\t\t\t\n<style>\n#image_206679782 {\n  width: 100%;\n}\n<\/style>\n\t<\/div>\n\t\n\n\n\t\t<\/div>\n\t\t\t\t\t<\/div>\n\n\t\n\n<\/div>\n<div id=\"portfolio-131123182\" class=\"portfolio-element-wrapper has-filtering\">\n  \n    <div class=\"row large-columns-4 medium-columns-3 small-columns-2 row-small slider row-slider slider-nav-reveal\"  data-flickity-options='{&quot;imagesLoaded&quot;: true, &quot;groupCells&quot;: &quot;100%&quot;, &quot;dragThreshold&quot; : 5, &quot;cellAlign&quot;: &quot;left&quot;,&quot;wrapAround&quot;: true,&quot;prevNextButtons&quot;: true,&quot;percentPosition&quot;: true,&quot;pageDots&quot;: false, &quot;rightToLeft&quot;: false, &quot;autoPlay&quot; : false}' >\n\n    <div class=\"col\" data-terms=\"[&quot;Verg\u00e4nglicher Raum&quot;]\" >\n          <div class=\"col-inner\" >\n          <a href=\"https:\/\/solutionscustom.ch\/de\/featured_item\/montreux-jazz-festival\/\" class=\"plain \">\n          <div class=\"portfolio-box box has-hover box-shade dark\">\n            <div class=\"box-image\" >\n                <div class=\"image-zoom image-grayscale image-cover\" style=\"padding-top:100%;\">\n                <img loading=\"lazy\" decoding=\"async\" width=\"300\" height=\"300\" src=\"https:\/\/solutionscustom.ch\/wp-content\/uploads\/2023\/01\/MJ_intro-uai-516x516-1-300x300.jpg\" class=\"attachment-medium size-medium\" alt=\"\" srcset=\"https:\/\/solutionscustom.ch\/wp-content\/uploads\/2023\/01\/MJ_intro-uai-516x516-1-300x300.jpg 300w, https:\/\/solutionscustom.ch\/wp-content\/uploads\/2023\/01\/MJ_intro-uai-516x516-1-150x150.jpg 150w, https:\/\/solutionscustom.ch\/wp-content\/uploads\/2023\/01\/MJ_intro-uai-516x516-1-510x510.jpg 510w, https:\/\/solutionscustom.ch\/wp-content\/uploads\/2023\/01\/MJ_intro-uai-516x516-1-100x100.jpg 100w, https:\/\/solutionscustom.ch\/wp-content\/uploads\/2023\/01\/MJ_intro-uai-516x516-1-50x50.jpg 50w, https:\/\/solutionscustom.ch\/wp-content\/uploads\/2023\/01\/MJ_intro-uai-516x516-1.jpg 516w\" sizes=\"auto, (max-width: 300px) 100vw, 300px\" \/>                                <div class=\"shade\"><\/div>                <\/div>\n            <\/div>\n            <div class=\"box-text text-center\" >\n                  <div class=\"box-text-inner\">\n                      <h6 class=\"uppercase portfolio-box-title\">Montreux jazz festival<\/h6>\n                      <p class=\"uppercase portfolio-box-category is-xsmall op-6\">\n                        <span class=\"show-on-hover\">\n                         Verg\u00e4nglicher Raum                        <\/span>\n                      <\/p>\n                  <\/div>\n            <\/div>\n           <\/div>\n           <\/a>\n           <\/div>\n           <\/div><div class=\"col\" data-terms=\"[&quot;Verg\u00e4nglicher Raum&quot;]\" >\n          <div class=\"col-inner\" >\n          <a href=\"https:\/\/solutionscustom.ch\/de\/featured_item\/mad-gallery\/\" class=\"plain \">\n          <div class=\"portfolio-box box has-hover box-shade dark\">\n            <div class=\"box-image\" >\n                <div class=\"image-zoom image-grayscale image-cover\" style=\"padding-top:100%;\">\n                <img loading=\"lazy\" decoding=\"async\" width=\"300\" height=\"300\" src=\"https:\/\/solutionscustom.ch\/wp-content\/uploads\/2023\/01\/MAD_Gallery_2-uai-516x516-1-300x300.jpg\" class=\"attachment-medium size-medium\" alt=\"\" srcset=\"https:\/\/solutionscustom.ch\/wp-content\/uploads\/2023\/01\/MAD_Gallery_2-uai-516x516-1-300x300.jpg 300w, https:\/\/solutionscustom.ch\/wp-content\/uploads\/2023\/01\/MAD_Gallery_2-uai-516x516-1-150x150.jpg 150w, https:\/\/solutionscustom.ch\/wp-content\/uploads\/2023\/01\/MAD_Gallery_2-uai-516x516-1-510x510.jpg 510w, https:\/\/solutionscustom.ch\/wp-content\/uploads\/2023\/01\/MAD_Gallery_2-uai-516x516-1-100x100.jpg 100w, https:\/\/solutionscustom.ch\/wp-content\/uploads\/2023\/01\/MAD_Gallery_2-uai-516x516-1-50x50.jpg 50w, https:\/\/solutionscustom.ch\/wp-content\/uploads\/2023\/01\/MAD_Gallery_2-uai-516x516-1.jpg 516w\" sizes=\"auto, (max-width: 300px) 100vw, 300px\" \/>                                <div class=\"shade\"><\/div>                <\/div>\n            <\/div>\n            <div class=\"box-text text-center\" >\n                  <div class=\"box-text-inner\">\n                      <h6 class=\"uppercase portfolio-box-title\">MAD GALLERY<\/h6>\n                      <p class=\"uppercase portfolio-box-category is-xsmall op-6\">\n                        <span class=\"show-on-hover\">\n                         Verg\u00e4nglicher Raum                        <\/span>\n                      <\/p>\n                  <\/div>\n            <\/div>\n           <\/div>\n           <\/a>\n           <\/div>\n           <\/div><\/div><\/div>\n\n\n\t\t<\/div>\n\n\t\t\n<style>\n#section_402063900 {\n  padding-top: 60px;\n  padding-bottom: 60px;\n  background-color: rgb(255, 255, 255);\n}\n#section_402063900 .section-bg-overlay {\n  background-color: rgba(255, 255, 255, 0.85);\n}\n<\/style>\n\t<\/section>\n\t\n\n","protected":false},"excerpt":{"rendered":"","protected":false},"author":4,"featured_media":0,"parent":11199,"menu_order":0,"comment_status":"closed","ping_status":"closed","template":"page-blank.php","meta":{"footnotes":""},"class_list":["post-11234","page","type-page","status-publish","hentry"],"_links":{"self":[{"href":"https:\/\/solutionscustom.ch\/de\/wp-json\/wp\/v2\/pages\/11234","targetHints":{"allow":["GET"]}}],"collection":[{"href":"https:\/\/solutionscustom.ch\/de\/wp-json\/wp\/v2\/pages"}],"about":[{"href":"https:\/\/solutionscustom.ch\/de\/wp-json\/wp\/v2\/types\/page"}],"author":[{"embeddable":true,"href":"https:\/\/solutionscustom.ch\/de\/wp-json\/wp\/v2\/users\/4"}],"replies":[{"embeddable":true,"href":"https:\/\/solutionscustom.ch\/de\/wp-json\/wp\/v2\/comments?post=11234"}],"version-history":[{"count":2,"href":"https:\/\/solutionscustom.ch\/de\/wp-json\/wp\/v2\/pages\/11234\/revisions"}],"predecessor-version":[{"id":12378,"href":"https:\/\/solutionscustom.ch\/de\/wp-json\/wp\/v2\/pages\/11234\/revisions\/12378"}],"up":[{"embeddable":true,"href":"https:\/\/solutionscustom.ch\/de\/wp-json\/wp\/v2\/pages\/11199"}],"wp:attachment":[{"href":"https:\/\/solutionscustom.ch\/de\/wp-json\/wp\/v2\/media?parent=11234"}],"curies":[{"name":"wp","href":"https:\/\/api.w.org\/{rel}","templated":true}]}}