{"id":11223,"date":"2022-08-15T14:26:05","date_gmt":"2022-08-15T12:26:05","guid":{"rendered":"https:\/\/prod.solutionscustom.ch\/allgemeine-geschaeftsbedingungen\/"},"modified":"2024-03-13T20:56:19","modified_gmt":"2024-03-13T19:56:19","slug":"allgemeine-geschaeftsbedingungen","status":"publish","type":"page","link":"https:\/\/solutionscustom.ch\/de\/allgemeine-geschaeftsbedingungen\/","title":{"rendered":"Allgemeine Gesch\u00e4ftsbedingungen"},"content":{"rendered":"\n<div class=\"row\"  id=\"row-584336285\">\n\n\n\t<div id=\"col-1771590683\" class=\"col small-12 large-12\"  >\n\t\t\t\t<div class=\"col-inner\"  >\n\t\t\t\n\t\t\t\n\n<div class=\"container section-title-container\" ><h3 class=\"section-title section-title-normal\"><b><\/b><span class=\"section-title-main\" >Allgemeine Gesch\u00e4ftsbedingungen<\/span><b><\/b><\/h3><\/div>\n\n<p><strong>Allgemeine Gesch\u00e4ftsbedingungen (AGB) von Solutions Custom Made Sarl<\/strong><\/p>\n<p><strong>1. Anwendungsbereich<\/strong><\/p>\n<p>&#8211; Diese AGB gelten f\u00fcr alle auf www.nomadiqbbq.ch aufgegebenen Bestellungen und regeln die Vertragsbeziehungen mit Solutions Custom Made Sarl.<br>&#8211; Jede vom Kunden gestellte Bedingung, die den vorliegenden AGB widerspricht, wird als nichtig betrachtet.<br>&#8211; Solutions Custom Made Sarl beh\u00e4lt sich das Recht vor, die AGB jederzeit und ohne Vorank\u00fcndigung zu \u00e4ndern. \u00c4nderungen werden sofort wirksam, nachdem sie online gestellt wurden.<\/p>\n<p><strong>2. Vorschl\u00e4ge und Zustandekommen des Vertrags<\/strong><\/p>\n<p>&#8211; Die Informationen in den Brosch\u00fcren und auf der Website sind unverbindlich und dienen der Orientierung.<br>&#8211; Die Bestellung wird vom Kunden durch die Nutzung des Online-Bestellbuttons best\u00e4tigt und stellt somit eine endg\u00fcltige Verpflichtung dar.<br>&#8211; Solutions Custom Made Sarl wird den Eingang der Bestellung unverz\u00fcglich best\u00e4tigen.<br>&#8211; Wenn die Lieferung nicht m\u00f6glich ist oder ein Fehler in der Preisgestaltung vorliegt, wird der Kunde kontaktiert, um eine Alternative zu finden.<br>&#8211; Produktspezifikationen (Zeichnungen, Ma\u00dfe, Gewichte usw.) dienen nur der Veranschaulichung und stellen keine Zusicherung von Eigenschaften dar, es sei denn, sie werden ausdr\u00fccklich angegeben.<\/p>\n<p><strong>3. Identit\u00e4t des Auftragnehmers<\/strong><\/p>\n<p>&#8211; Solutions Custom Made Sarl, Nomadiq Suisse, Rue de Combremont 4, CH-1908 Riddes. E-Mail: info@solutionscustom.ch<\/p>\n<p><strong>4. Lieferung<\/strong><\/p>\n<p>&#8211; Lieferung erfolgt durch DHL in der Schweiz und in Liechtenstein f\u00fcr Pakete bis 30 kg. Bei schwereren Paketen Lieferung per Spedition bis zum n\u00e4chstgelegenen B\u00fcrgersteig.<br>&#8211; Standardlieferzeit von 2 bis 4 Werktagen f\u00fcr Artikel auf Lager.<br>&#8211; Bei Sonderbestellungen wird die Frist gesondert mitgeteilt.<br>&#8211; Die Liefertermine sind unverbindlich, sofern nichts anderes vereinbart wurde.<br>&#8211; Solutions Custom Made Sarl haftet nur f\u00fcr Lieferungen, die von ihren Lieferanten korrekt und fristgerecht ausgef\u00fchrt werden.<br>&#8211; Bei einer Lieferung einschlie\u00dflich Montage muss der Kunde f\u00fcr die Zug\u00e4nglichkeit sorgen.<br>&#8211; Reklamationen wegen sichtbarer Sch\u00e4den oder besch\u00e4digter Verpackung m\u00fcssen sofort bei Erhalt gemeldet werden, verdeckte Reklamationen innerhalb von vier Tagen.<\/p>\n<p><strong>5. Zahlung und Eigentumsvorbehalt<\/strong><\/p>\n<p>&#8211; Akzeptierte Zahlungsarten: Kreditkarte, TWINT.<br>&#8211; Das Eigentum an den Waren bleibt bis zur vollst\u00e4ndigen Bezahlung bei Solutions Custom Made Sarl.<\/p>\n<p><strong>6. Kauf auf Rechnung<\/strong><\/p>\n<p>&#8211; Kauf auf Rechnung unter bestimmten Bedingungen m\u00f6glich, wird von einem Drittanbieterdienst verwaltet.<br>&#8211; Solutions Custom Made Sarl bleibt f\u00fcr die Erf\u00fcllung des Vertrags verantwortlich, mit Ausnahme der Erhebung und Verarbeitung von Zahlungen.<\/p>\n<p><strong>7. Eigentumsvorbehalt<br><\/strong><br>&#8211; Das Eigentum an den Artikeln bleibt bis zu ihrer vollst\u00e4ndigen Bezahlung bei Solutions Custom Made Sarl.<\/p>\n<p><strong>8. Garantie<\/strong><br><br>&#8211; Zweij\u00e4hrige Produktgarantie auf M\u00e4ngel und Funktionsf\u00e4higkeit, sofern nicht anders angegeben.<br>&#8211; Die Garantie gilt nicht bei Nichtbeachtung der Bedienungs- und Wartungsanweisungen, unsachgem\u00e4\u00dfen \u00c4nderungen oder Eingriffen durch Dritte.<br>&#8211; Geringf\u00fcgige Abweichungen sind nicht Gegenstand von Garantieanspr\u00fcchen.<\/p>\n<p><strong>9. Zur\u00fcck<br><\/strong><br>&#8211; R\u00fcckgabe von Waren ist unter bestimmten Bedingungen mit vorheriger Zustimmung von Solutions Custom Made Sarl m\u00f6glich.<br>&#8211; Die Artikel m\u00fcssen innerhalb von 10 Tagen im Originalzustand und in der Originalverpackung zur\u00fcckgeschickt werden.<br>&#8211; Die Kosten f\u00fcr die R\u00fccksendung tr\u00e4gt der Kunde.<br>&#8211; Der Kunde ist f\u00fcr eine angemessene Verpackung f\u00fcr die R\u00fccksendung verantwortlich.<\/p>\n<p><strong>10. Schutz der Daten<br><\/strong><br>&#8211; Verpflichtung von Solutions Custom Made Sarl zum Schutz personenbezogener Daten.<\/p>\n<p><strong>11. Verantwortung<br><\/strong><br>&#8211; Solutions Custom Made Sarl haftet nicht f\u00fcr indirekte Sch\u00e4den, die sich aus der Nutzung des Online-Shops oder der get\u00e4tigten Bestellungen ergeben.<\/p>\n<p><strong>12. Schlussbestimmungen<br><\/strong><br>&#8211; Der Gerichtsstand ist am Sitz von Solutions Custom Made Sarl. Es gilt das Schweizer Recht.<br>&#8211; Wenn eine Bestimmung f\u00fcr ung\u00fcltig befunden wird, werden die anderen<\/p>\n\n\t\t<\/div>\n\t\t\t\t\t<\/div>\n\n\t\n\n<\/div>\n\n","protected":false},"excerpt":{"rendered":"","protected":false},"author":4,"featured_media":0,"parent":0,"menu_order":0,"comment_status":"closed","ping_status":"closed","template":"","meta":{"footnotes":""},"class_list":["post-11223","page","type-page","status-publish","hentry"],"_links":{"self":[{"href":"https:\/\/solutionscustom.ch\/de\/wp-json\/wp\/v2\/pages\/11223","targetHints":{"allow":["GET"]}}],"collection":[{"href":"https:\/\/solutionscustom.ch\/de\/wp-json\/wp\/v2\/pages"}],"about":[{"href":"https:\/\/solutionscustom.ch\/de\/wp-json\/wp\/v2\/types\/page"}],"author":[{"embeddable":true,"href":"https:\/\/solutionscustom.ch\/de\/wp-json\/wp\/v2\/users\/4"}],"replies":[{"embeddable":true,"href":"https:\/\/solutionscustom.ch\/de\/wp-json\/wp\/v2\/comments?post=11223"}],"version-history":[{"count":2,"href":"https:\/\/solutionscustom.ch\/de\/wp-json\/wp\/v2\/pages\/11223\/revisions"}],"predecessor-version":[{"id":12218,"href":"https:\/\/solutionscustom.ch\/de\/wp-json\/wp\/v2\/pages\/11223\/revisions\/12218"}],"wp:attachment":[{"href":"https:\/\/solutionscustom.ch\/de\/wp-json\/wp\/v2\/media?parent=11223"}],"curies":[{"name":"wp","href":"https:\/\/api.w.org\/{rel}","templated":true}]}}