{"id":11218,"date":"2023-01-30T14:57:18","date_gmt":"2023-01-30T13:57:18","guid":{"rendered":"https:\/\/prod.solutionscustom.ch\/wohngebiet\/"},"modified":"2024-03-13T22:24:21","modified_gmt":"2024-03-13T21:24:21","slug":"wohngebiet","status":"publish","type":"page","link":"https:\/\/solutionscustom.ch\/de\/inneneinrichtung-architektur\/wohngebiet\/","title":{"rendered":"Wohngebiet"},"content":{"rendered":"\n  <div id=\"page-header-2020051760\" class=\"page-header-wrapper\">\n  <div class=\"page-title dark featured-title\">\n\n    \n    <div class=\"page-title-inner container align-center text-center flex-row-col medium-flex-wrap\" >\n              <div class=\"title-wrapper flex-col\">\n          <h1 class=\"entry-title mb-0\">\n            Wohngebiet          <\/h1>\n        <\/div>\n                    <div class=\"title-content flex-col\">\n        <div class=\"title-breadcrumbs pb-half pt-half\"><\/div>      <\/div>\n    <\/div>\n\n       <\/div>\n    <\/div>\n  \n\n\n\t<section class=\"section\" id=\"section_1086167920\">\n\t\t<div class=\"section-bg fill\" >\n\t\t\t\t\t\t\t\t\t<div class=\"section-bg-overlay absolute fill\"><\/div>\n\t\t\t\n\n\t\t<\/div>\n\n\t\t\n\n\t\t<div class=\"section-content relative\">\n\t\t\t\n\n<div class=\"row row-large align-middle\"  id=\"row-1058099788\">\n\n\n\t<div id=\"col-1255122716\" class=\"col medium-6 small-12 large-6\"  >\n\t\t\t\t<div class=\"col-inner text-left\"  >\n\t\t\t\n\t\t\t\n\n<h1 class=\"uppercase\">Wohngebiet<\/h1>\n<hr width=\"50px\" \/>\n<p>Schaffen Sie zu Hause das Universum, das Ihnen \u00e4hnelt und von dem Sie schon immer getr\u00e4umt haben.<\/p>\n<p>Mithilfe innovativer und qualitativ hochwertiger Ressourcen bietet Solutions Custom made einzigartige Lebensr\u00e4ume mit einer pers\u00f6nlichen Atmosph\u00e4re. Eine Welt f\u00fcr jeden Tag, die Ihnen eine besondere Energie verleiht und in der Sie gerne leben werden.<\/p>\n<p>Gestalten Sie das Interieur, das zu Ihnen passt.<\/p>\n<p>Ob es sich um eine Renovierung, einen Umbau, einen Neubau oder ein einfaches Makeover handelt, Solutions custom made bietet einen nachhaltigen, designorientierten, spielerischen und funktionalen Ansatz.<\/p>\n<p>Wir h\u00f6ren Ihnen gerne zu, sprechen Sie mit uns \u00fcber Ihr Projekt.<\/p>\n<p><a style=\"font-size: 14.4px;\" href=\"https:\/\/solutionscustom.ch\/contact-us\/\">erz\u00e4hlen Sie uns von Ihrem Projekt.<\/a><\/p>\n<p>\u00a0<\/p>\n\n\t\t<\/div>\n\t\t\t\t\t<\/div>\n\n\t\n\n\t<div id=\"col-2010163820\" class=\"col medium-6 small-12 large-6\"  >\n\t\t\t\t<div class=\"col-inner\"  >\n\t\t\t\n\t\t\t\n\n\t<div class=\"img has-hover x md-x lg-x y md-y lg-y\" id=\"image_1462678463\">\n\t\t\t\t\t\t\t\t<div class=\"img-inner image-cover box-shadow-2 dark\" style=\"padding-top:100%;\">\n\t\t\t<img loading=\"lazy\" decoding=\"async\" width=\"1020\" height=\"612\" src=\"https:\/\/solutionscustom.ch\/wp-content\/uploads\/2023\/01\/APPART_CRANS_SEJOUR_06-uai-2064x1238-2-1024x614.jpg\" class=\"attachment-large size-large\" alt=\"\" srcset=\"https:\/\/solutionscustom.ch\/wp-content\/uploads\/2023\/01\/APPART_CRANS_SEJOUR_06-uai-2064x1238-2-1024x614.jpg 1024w, https:\/\/solutionscustom.ch\/wp-content\/uploads\/2023\/01\/APPART_CRANS_SEJOUR_06-uai-2064x1238-2-300x180.jpg 300w, https:\/\/solutionscustom.ch\/wp-content\/uploads\/2023\/01\/APPART_CRANS_SEJOUR_06-uai-2064x1238-2-768x461.jpg 768w, https:\/\/solutionscustom.ch\/wp-content\/uploads\/2023\/01\/APPART_CRANS_SEJOUR_06-uai-2064x1238-2-1536x921.jpg 1536w, https:\/\/solutionscustom.ch\/wp-content\/uploads\/2023\/01\/APPART_CRANS_SEJOUR_06-uai-2064x1238-2-2048x1228.jpg 2048w, https:\/\/solutionscustom.ch\/wp-content\/uploads\/2023\/01\/APPART_CRANS_SEJOUR_06-uai-2064x1238-2-510x306.jpg 510w\" sizes=\"auto, (max-width: 1020px) 100vw, 1020px\" \/>\t\t\t\t\t\t\n\t\t\t\t\t<\/div>\n\t\t\t\t\t\t\t\t\n<style>\n#image_1462678463 {\n  width: 100%;\n}\n<\/style>\n\t<\/div>\n\t\n\n\n\t\t<\/div>\n\t\t\t\t\t<\/div>\n\n\t\n\n<\/div>\n<div id=\"portfolio-1923307913\" class=\"portfolio-element-wrapper has-filtering\">\n  \n    <div class=\"row large-columns-4 medium-columns-3 small-columns-2 row-small slider row-slider slider-nav-reveal\"  data-flickity-options='{&quot;imagesLoaded&quot;: true, &quot;groupCells&quot;: &quot;100%&quot;, &quot;dragThreshold&quot; : 5, &quot;cellAlign&quot;: &quot;left&quot;,&quot;wrapAround&quot;: true,&quot;prevNextButtons&quot;: true,&quot;percentPosition&quot;: true,&quot;pageDots&quot;: false, &quot;rightToLeft&quot;: false, &quot;autoPlay&quot; : false}' >\n\n    <div class=\"col\" data-terms=\"[&quot;Wohngebiet&quot;]\" >\n          <div class=\"col-inner\" >\n          <a href=\"https:\/\/solutionscustom.ch\/de\/featured_item\/crans-montana\/\" class=\"plain \">\n          <div class=\"portfolio-box box has-hover box-shade dark\">\n            <div class=\"box-image\" >\n                <div class=\"image-zoom image-grayscale image-cover\" style=\"padding-top:100%;\">\n                <img loading=\"lazy\" decoding=\"async\" width=\"300\" height=\"300\" src=\"https:\/\/solutionscustom.ch\/wp-content\/uploads\/2023\/01\/APPART_CRANS_SALON_14-uai-516x516-1-300x300.jpg\" class=\"attachment-medium size-medium\" alt=\"\" srcset=\"https:\/\/solutionscustom.ch\/wp-content\/uploads\/2023\/01\/APPART_CRANS_SALON_14-uai-516x516-1-300x300.jpg 300w, https:\/\/solutionscustom.ch\/wp-content\/uploads\/2023\/01\/APPART_CRANS_SALON_14-uai-516x516-1-150x150.jpg 150w, https:\/\/solutionscustom.ch\/wp-content\/uploads\/2023\/01\/APPART_CRANS_SALON_14-uai-516x516-1-510x510.jpg 510w, https:\/\/solutionscustom.ch\/wp-content\/uploads\/2023\/01\/APPART_CRANS_SALON_14-uai-516x516-1-100x100.jpg 100w, https:\/\/solutionscustom.ch\/wp-content\/uploads\/2023\/01\/APPART_CRANS_SALON_14-uai-516x516-1-50x50.jpg 50w, https:\/\/solutionscustom.ch\/wp-content\/uploads\/2023\/01\/APPART_CRANS_SALON_14-uai-516x516-1.jpg 516w\" sizes=\"auto, (max-width: 300px) 100vw, 300px\" \/>                                <div class=\"shade\"><\/div>                <\/div>\n            <\/div>\n            <div class=\"box-text text-center\" >\n                  <div class=\"box-text-inner\">\n                      <h6 class=\"uppercase portfolio-box-title\">Crans-Montana<\/h6>\n                      <p class=\"uppercase portfolio-box-category is-xsmall op-6\">\n                        <span class=\"show-on-hover\">\n                         Wohngebiet                        <\/span>\n                      <\/p>\n                  <\/div>\n            <\/div>\n           <\/div>\n           <\/a>\n           <\/div>\n           <\/div><\/div><\/div>\n\n\n\t\t<\/div>\n\n\t\t\n<style>\n#section_1086167920 {\n  padding-top: 60px;\n  padding-bottom: 60px;\n  background-color: rgb(255, 255, 255);\n}\n#section_1086167920 .section-bg-overlay {\n  background-color: rgba(255, 255, 255, 0.85);\n}\n<\/style>\n\t<\/section>\n\t\n<div class=\"message-box relative dark\" style=\"padding-top:36px;padding-bottom:36px;\"><div class=\"message-box-bg-image bg-fill fill\" ><\/div><div class=\"message-box-bg-overlay bg-fill fill\" style=\"background-color:rgb(74, 74, 74);\"><\/div><div class=\"container relative\"><div class=\"inner last-reset\">\n\n<div class=\"row\"  id=\"row-1789461966\">\n\n\n\t<div id=\"col-2111560688\" class=\"col medium-7 small-12 large-7\"  >\n\t\t\t\t<div class=\"col-inner\"  >\n\t\t\t\n\t\t\t\n\n<h2 class=\"uppercase\">Z\u00d6GERN SIE NICHT, UNS ZU KONTAKTIEREN<\/h2>\n<p>Wir stehen Ihnen gerne mit Rat und Tat zur Seite und beantworten alle Ihre Fragen oder kontaktieren einen unserer H\u00e4ndler.<\/p>\n\t<div id=\"gap-524611156\" class=\"gap-element clearfix\" style=\"display:block; height:auto;\">\n\t\t\n<style>\n#gap-524611156 {\n  padding-top: 30px;\n}\n<\/style>\n\t<\/div>\n\t\n\n<a data-animate=\"flipInY\" class=\"button white is-outline is-xsmall\"  >\n\t\t<span>Kontaktieren Sie uns<\/span>\n\t<\/a>\n\n\n\n\t\t<\/div>\n\t\t\t\t\t<\/div>\n\n\t\n\n\t<div id=\"col-68675060\" class=\"col medium-5 small-12 large-5\"  >\n\t\t\t\t<div class=\"col-inner text-right\"  >\n\t\t\t\n\t\t\t\n\n<p><span class=\"widget-title\">KONTAKT<\/span><\/p>\n<div class=\"textwidget\">\n<p>Custom Made Solutions S\u00e0rl<br>Rue de Combremont 4 - 1908 Riddes<br>T +41 79 226 76 31<br><a href=\"mailto:info@solutions.best\" target=\"_blank\" rel=\"noopener noreferrer\">info@solutions.best<\/a><\/p>\n<\/div>\n\t<div id=\"gap-1624747989\" class=\"gap-element clearfix\" style=\"display:block; height:auto;\">\n\t\t\n<style>\n#gap-1624747989 {\n  padding-top: 10px;\n}\n<\/style>\n\t<\/div>\n\t\n\n\n\t\t<\/div>\n\t\t\t\t\t<\/div>\n\n\t\n\n<\/div>\n\n<\/div><\/div><\/div>\n\n\n","protected":false},"excerpt":{"rendered":"","protected":false},"author":4,"featured_media":0,"parent":11253,"menu_order":0,"comment_status":"closed","ping_status":"closed","template":"page-blank.php","meta":{"footnotes":""},"class_list":["post-11218","page","type-page","status-publish","hentry"],"_links":{"self":[{"href":"https:\/\/solutionscustom.ch\/de\/wp-json\/wp\/v2\/pages\/11218","targetHints":{"allow":["GET"]}}],"collection":[{"href":"https:\/\/solutionscustom.ch\/de\/wp-json\/wp\/v2\/pages"}],"about":[{"href":"https:\/\/solutionscustom.ch\/de\/wp-json\/wp\/v2\/types\/page"}],"author":[{"embeddable":true,"href":"https:\/\/solutionscustom.ch\/de\/wp-json\/wp\/v2\/users\/4"}],"replies":[{"embeddable":true,"href":"https:\/\/solutionscustom.ch\/de\/wp-json\/wp\/v2\/comments?post=11218"}],"version-history":[{"count":3,"href":"https:\/\/solutionscustom.ch\/de\/wp-json\/wp\/v2\/pages\/11218\/revisions"}],"predecessor-version":[{"id":12435,"href":"https:\/\/solutionscustom.ch\/de\/wp-json\/wp\/v2\/pages\/11218\/revisions\/12435"}],"up":[{"embeddable":true,"href":"https:\/\/solutionscustom.ch\/de\/wp-json\/wp\/v2\/pages\/11253"}],"wp:attachment":[{"href":"https:\/\/solutionscustom.ch\/de\/wp-json\/wp\/v2\/media?parent=11218"}],"curies":[{"name":"wp","href":"https:\/\/api.w.org\/{rel}","templated":true}]}}