{"id":11206,"date":"2023-01-31T13:54:27","date_gmt":"2023-01-31T12:54:27","guid":{"rendered":"https:\/\/prod.solutionscustom.ch\/kurzlebige-struktur\/eco-tente\/"},"modified":"2024-03-13T20:54:37","modified_gmt":"2024-03-13T19:54:37","slug":"eco-tente","status":"publish","type":"page","link":"https:\/\/solutionscustom.ch\/de\/kurzlebige-struktur\/eco-tente\/","title":{"rendered":"ECO TENTE"},"content":{"rendered":"\n  <div id=\"page-header-999966311\" class=\"page-header-wrapper\">\n  <div class=\"page-title dark featured-title\">\n\n    \n    <div class=\"page-title-inner container align-center text-center flex-row-col medium-flex-wrap\" >\n              <div class=\"title-wrapper flex-col\">\n          <h1 class=\"entry-title mb-0\">\n            ECO TENTE          <\/h1>\n        <\/div>\n                    <div class=\"title-content flex-col\">\n        <div class=\"title-breadcrumbs pb-half pt-half\"><\/div>      <\/div>\n    <\/div>\n\n       <\/div>\n    <\/div>\n  \n\n\n\t<section class=\"section\" id=\"section_1270671179\">\n\t\t<div class=\"section-bg fill\" >\n\t\t\t\t\t\t\t\t\t<div class=\"section-bg-overlay absolute fill\"><\/div>\n\t\t\t\n\n\t\t<\/div>\n\n\t\t\n\n\t\t<div class=\"section-content relative\">\n\t\t\t\n\n<div class=\"row row-large\"  id=\"row-942241002\">\n\n\n\t<div id=\"col-600675754\" class=\"col medium-6 small-12 large-6\"  >\n\t\t\t\t<div class=\"col-inner text-left\"  >\n\t\t\t\n\t\t\t\n\n<h1 class=\"uppercase\">ECO TENTE<\/h1>\n<hr width=\"50px\">\n<h4>Wenn Verg\u00e4nglichkeit sich auf \u00d6kologie reimt.&nbsp;Setzen Sie auf ein revolution\u00e4res Konzept, indem Sie&nbsp;einen echten \u00f6kologischen und nachhaltigen Mehrwert f\u00fcr Ihre Veranstaltungen schaffen.<\/h4>\n<p>Unterscheiden Sie sich bei Ihrer Veranstaltung von herk\u00f6mmlichen Zelten, indem Sie Ihren G\u00e4sten einen nat\u00fcrlichen und nachhaltigen Raum bieten. Lassen Sie Ihre Kreativit\u00e4t bei Ihren Kunden aufleben und zeigen Sie ihnen, was nat\u00fcrliches Bauen bewirken kann.<\/p>\n<p>Zusammengesetzt aus modularen und individuell gestaltbaren Elementen, bietet dieses Eco Tent einen nat\u00fcrlichen Raum f\u00fcr alle Ihre festlichen Anl\u00e4sse.<\/p>\n<p>Mehr als nur ein Zelt: Diese \u00e4u\u00dferst stabile Struktur folgt der Form der Natur. Ab 35 m2 \u00fcberdachter Fl\u00e4che und erweiterbar auf bis zu 330 m2 bietet dieses Holzzelt im Sommer wie im Winter ein perfektes Raumklima.<\/p>\n<p>Eine breite Palette an Optionen erm\u00f6glicht es Ihnen, Ihr Eco Tent nach Ma\u00df zu gestalten.<\/p>\n<p>Wir k\u00f6nnen gemeinsam mit Ihnen Ihre Struktur entwerfen und Ihnen ma\u00dfgeschneiderte Leistungen anbieten, die Ihrem Anlass entsprechen.<\/p>\n\n\t\t<\/div>\n\t\t\t\t\t<\/div>\n\n\t\n\n\t<div id=\"col-88050390\" class=\"col medium-6 small-12 large-6\"  >\n\t\t\t\t<div class=\"col-inner\"  >\n\t\t\t\n\t\t\t\n\n\t<div class=\"img has-hover x md-x lg-x y md-y lg-y\" id=\"image_361475835\">\n\t\t\t\t\t\t\t\t<div class=\"img-inner image-cover box-shadow-2 dark\" style=\"padding-top:100%;\">\n\t\t\t<img loading=\"lazy\" decoding=\"async\" width=\"1020\" height=\"638\" src=\"https:\/\/solutionscustom.ch\/wp-content\/uploads\/2023\/01\/STROHBOID-3-Connect_240-m\u00b2_Winter-Showcase_41-uai-1032x645-1-1024x640.jpg\" class=\"attachment-large size-large\" alt=\"\" srcset=\"https:\/\/solutionscustom.ch\/wp-content\/uploads\/2023\/01\/STROHBOID-3-Connect_240-m\u00b2_Winter-Showcase_41-uai-1032x645-1-1024x640.jpg 1024w, https:\/\/solutionscustom.ch\/wp-content\/uploads\/2023\/01\/STROHBOID-3-Connect_240-m\u00b2_Winter-Showcase_41-uai-1032x645-1-300x188.jpg 300w, https:\/\/solutionscustom.ch\/wp-content\/uploads\/2023\/01\/STROHBOID-3-Connect_240-m\u00b2_Winter-Showcase_41-uai-1032x645-1-768x480.jpg 768w, https:\/\/solutionscustom.ch\/wp-content\/uploads\/2023\/01\/STROHBOID-3-Connect_240-m\u00b2_Winter-Showcase_41-uai-1032x645-1-510x319.jpg 510w, https:\/\/solutionscustom.ch\/wp-content\/uploads\/2023\/01\/STROHBOID-3-Connect_240-m\u00b2_Winter-Showcase_41-uai-1032x645-1.jpg 1032w\" sizes=\"auto, (max-width: 1020px) 100vw, 1020px\" \/>\t\t\t\t\t\t\n\t\t\t\t\t<\/div>\n\t\t\t\t\t\t\t\t\n<style>\n#image_361475835 {\n  width: 100%;\n}\n<\/style>\n\t<\/div>\n\t\n\n\t<div id=\"gap-161090899\" class=\"gap-element clearfix\" style=\"display:block; height:auto;\">\n\t\t\n<style>\n#gap-161090899 {\n  padding-top: 30px;\n}\n<\/style>\n\t<\/div>\n\t\n\n<a href=\"https:\/\/solutionscustom.ch\/contact\/\" class=\"button alert is-bevel is-small\"  style=\"border-radius:99px;\">\n\t\t<span>Kontaktieren Sie uns f\u00fcr ein individuelles Angebot.<\/span>\n\t<\/a>\n\n\n\n\t\t<\/div>\n\t\t\t\t\t<\/div>\n\n\t\n\n<\/div>\n<div class=\"row\"  id=\"row-1389261275\">\n\n\n\t<div id=\"col-1776911333\" class=\"col medium-6 small-12 large-6\"  >\n\t\t\t\t<div class=\"col-inner\"  >\n\t\t\t\n\t\t\t\n\n<h3>Technische Daten<\/h3>\n<p>Gr\u00f6\u00dfe &nbsp; &nbsp; &nbsp; &nbsp; &nbsp; &nbsp; &nbsp; &nbsp; &nbsp; &nbsp; &nbsp; &nbsp;ab 35 m\u00b2 bis 330 m\u00b2<\/p>\n<hr>\n<p>Kapazit\u00e4t &nbsp; &nbsp; &nbsp; &nbsp; &nbsp; &nbsp; &nbsp; &nbsp; &nbsp;Bis zu 35 Personen pro Modul<\/p>\n<hr>\n<p>Mietpreis&nbsp; &nbsp; &nbsp; &nbsp; Auf Anfrage<\/p>\n<hr>\n<p>Kaufpreis&nbsp; &nbsp; &nbsp; &nbsp; &nbsp; &nbsp; &nbsp; Auf Anfrage<\/p>\n<hr>\n<p><a href=\"https:\/\/solutionscustom.ch\/wp-content\/uploads\/2023\/01\/Solutions_Eco_tente.pdf\">KATALOG DOWNLOADEN<\/a><\/p>\n\n\t\t<\/div>\n\t\t\t\t\t<\/div>\n\n\t\n\n\t<div id=\"col-917232708\" class=\"col medium-6 small-12 large-6\"  >\n\t\t\t\t<div class=\"col-inner\"  >\n\t\t\t\n\t\t\t\n\n<h3>Beschreibung<\/h3>\n<h4><strong>Hauptmerkmale<\/strong><\/h4>\n<p>Eventzelt &#8211;&nbsp;Innovatives Zeltsystem &#8211; Nachhaltiges Gewebe&nbsp;ISO9001 &#8211; Anpassbare Stoffe &#8211; Elegant &#8211; Kosteng\u00fcnstig &#8211; Anpassungsf\u00e4hig &#8211; Einfache Installation &#8211; Unabh\u00e4ngiges Gel\u00e4nde &#8211;&nbsp;\u00d6kologisch &#8211; Kurzlebige Strukturen &#8211; Abmessungen&nbsp;Anpassbar &#8211; Nat\u00fcrliches Ambiente &#8211; Zeitlos<\/p>\n<h4><strong>Vorteile<\/strong><\/h4>\n<p>Wasserdicht &#8211; Anpassbare Oberfl\u00e4chen &#8211; Verbesserte&nbsp;Raumnutzung &#8211; Vielseitig einsetzbar &#8211; Produktivit\u00e4tssteigerung&nbsp;&#8211; Keine Baugenehmigung erforderlich &#8211; Zusammenbau&nbsp;manuell &#8211; Anpassbar an technische Einschr\u00e4nkungen &#8211; Widerstandsf\u00e4hig gegen Windst\u00e4rken von \u00fcber 100km\/h<\/p>\n<h4><strong>Individuelle Gestaltung<\/strong><\/h4>\n<p>Design Einrichtung und Dekoration &#8211; Audio &#8211; Branding &#8211; Beleuchtung &#8211; Modular &#8211; Boden &#8211; Eingangs-\/Ausgangst\u00fcr<\/p>\n<h4><strong>Nutzungen<\/strong><\/h4>\n<p>Cocktails &#8211; Buffets &#8211; Champagner-Bar &#8211; vor\u00fcbergehende Terrassen -.&nbsp;  VIP-\/Privilegienbereich &#8211; Empfangssaal &#8211; Veranstaltungen &#8211; Verkaufsstelle &#8211; Produkteinf\u00fchrung &#8211; R\u00e4ume&nbsp;semi permanent &#8211; Werbest\u00e4nde &#8211; Chill out &#8211; Pop&nbsp;up Showroom &#8211; Food and beverage &#8211; Summerlounge &#8211; Raucherbereich &#8211; Wellness &#8211; Kinderbereich &#8211; Festival &#8211; Hochzeit&nbsp;&#8211; Markt &#8211; Technische Regien<\/p>\n\n\t\t<\/div>\n\t\t\t\t\t<\/div>\n\n\t\n\n<\/div>\n<div class=\"row\"  id=\"row-1867286428\">\n\n\n\t<div id=\"col-1514254342\" class=\"col small-12 large-12\"  >\n\t\t\t\t<div class=\"col-inner\"  >\n\t\t\t\n\t\t\t\n\n\n  \n    <div class=\"row large-columns-4 medium-columns-3 small-columns-2\" >\n  <div class=\"gallery-col col\" >\n          <div class=\"col-inner\">\n            <a class=\"image-lightbox lightbox-gallery\" href=\"https:\/\/solutionscustom.ch\/wp-content\/uploads\/2023\/01\/STROHBOID@Schlossbergball_GrazAT_2-Connect-160-m\u00b2-13_1-1024x768.jpg\" title=\"\">            <div class=\"box has-hover gallery-box box-overlay dark\">\n              <div class=\"box-image image-cover\" style=\"padding-top:100%;\">\n                <img loading=\"lazy\" decoding=\"async\" width=\"300\" height=\"225\" src=\"https:\/\/solutionscustom.ch\/wp-content\/uploads\/2023\/01\/STROHBOID@Schlossbergball_GrazAT_2-Connect-160-m\u00b2-13_1-300x225.jpg\" class=\"attachment-medium size-medium\" alt=\"\" ids=\"9507,9509,9511,9513,9515,9519,9505,9503\" image_height=\"100%\" srcset=\"https:\/\/solutionscustom.ch\/wp-content\/uploads\/2023\/01\/STROHBOID@Schlossbergball_GrazAT_2-Connect-160-m\u00b2-13_1-300x225.jpg 300w, https:\/\/solutionscustom.ch\/wp-content\/uploads\/2023\/01\/STROHBOID@Schlossbergball_GrazAT_2-Connect-160-m\u00b2-13_1-1024x768.jpg 1024w, https:\/\/solutionscustom.ch\/wp-content\/uploads\/2023\/01\/STROHBOID@Schlossbergball_GrazAT_2-Connect-160-m\u00b2-13_1-768x576.jpg 768w, https:\/\/solutionscustom.ch\/wp-content\/uploads\/2023\/01\/STROHBOID@Schlossbergball_GrazAT_2-Connect-160-m\u00b2-13_1-1536x1152.jpg 1536w, https:\/\/solutionscustom.ch\/wp-content\/uploads\/2023\/01\/STROHBOID@Schlossbergball_GrazAT_2-Connect-160-m\u00b2-13_1-510x383.jpg 510w, https:\/\/solutionscustom.ch\/wp-content\/uploads\/2023\/01\/STROHBOID@Schlossbergball_GrazAT_2-Connect-160-m\u00b2-13_1.jpg 1600w\" sizes=\"auto, (max-width: 300px) 100vw, 300px\" \/>                                  <div class=\"overlay fill\"\n                      style=\"background-color: rgba(0,0,0,.15)\">\n                  <\/div>\n                                                              <\/div>\n              <div class=\"box-text text-left\" >\n                 <p><\/p>\n              <\/div>\n            <\/div>\n            <\/a>          <\/div>\n         <\/div><div class=\"gallery-col col\" >\n          <div class=\"col-inner\">\n            <a class=\"image-lightbox lightbox-gallery\" href=\"https:\/\/solutionscustom.ch\/wp-content\/uploads\/2023\/01\/STROHBOID@Schlossbergball_GrazAT_2-Connect-160-m\u00b2-20-1-1024x768.jpg\" title=\"\">            <div class=\"box has-hover gallery-box box-overlay dark\">\n              <div class=\"box-image image-cover\" style=\"padding-top:100%;\">\n                <img loading=\"lazy\" decoding=\"async\" width=\"300\" height=\"225\" src=\"https:\/\/solutionscustom.ch\/wp-content\/uploads\/2023\/01\/STROHBOID@Schlossbergball_GrazAT_2-Connect-160-m\u00b2-20-1-300x225.jpg\" class=\"attachment-medium size-medium\" alt=\"\" ids=\"9507,9509,9511,9513,9515,9519,9505,9503\" image_height=\"100%\" srcset=\"https:\/\/solutionscustom.ch\/wp-content\/uploads\/2023\/01\/STROHBOID@Schlossbergball_GrazAT_2-Connect-160-m\u00b2-20-1-300x225.jpg 300w, https:\/\/solutionscustom.ch\/wp-content\/uploads\/2023\/01\/STROHBOID@Schlossbergball_GrazAT_2-Connect-160-m\u00b2-20-1-1024x768.jpg 1024w, https:\/\/solutionscustom.ch\/wp-content\/uploads\/2023\/01\/STROHBOID@Schlossbergball_GrazAT_2-Connect-160-m\u00b2-20-1-768x576.jpg 768w, https:\/\/solutionscustom.ch\/wp-content\/uploads\/2023\/01\/STROHBOID@Schlossbergball_GrazAT_2-Connect-160-m\u00b2-20-1-1536x1152.jpg 1536w, https:\/\/solutionscustom.ch\/wp-content\/uploads\/2023\/01\/STROHBOID@Schlossbergball_GrazAT_2-Connect-160-m\u00b2-20-1-510x383.jpg 510w, https:\/\/solutionscustom.ch\/wp-content\/uploads\/2023\/01\/STROHBOID@Schlossbergball_GrazAT_2-Connect-160-m\u00b2-20-1.jpg 1600w\" sizes=\"auto, (max-width: 300px) 100vw, 300px\" \/>                                  <div class=\"overlay fill\"\n                      style=\"background-color: rgba(0,0,0,.15)\">\n                  <\/div>\n                                                              <\/div>\n              <div class=\"box-text text-left\" >\n                 <p><\/p>\n              <\/div>\n            <\/div>\n            <\/a>          <\/div>\n         <\/div><div class=\"gallery-col col\" >\n          <div class=\"col-inner\">\n            <a class=\"image-lightbox lightbox-gallery\" href=\"https:\/\/solutionscustom.ch\/wp-content\/uploads\/2023\/01\/STROHBOID@Schlossbergball_GrazAT_2-Connect-160-m\u00b2-26-1024x768.jpg\" title=\"\">            <div class=\"box has-hover gallery-box box-overlay dark\">\n              <div class=\"box-image image-cover\" style=\"padding-top:100%;\">\n                <img loading=\"lazy\" decoding=\"async\" width=\"300\" height=\"225\" src=\"https:\/\/solutionscustom.ch\/wp-content\/uploads\/2023\/01\/STROHBOID@Schlossbergball_GrazAT_2-Connect-160-m\u00b2-26-300x225.jpg\" class=\"attachment-medium size-medium\" alt=\"\" ids=\"9507,9509,9511,9513,9515,9519,9505,9503\" image_height=\"100%\" srcset=\"https:\/\/solutionscustom.ch\/wp-content\/uploads\/2023\/01\/STROHBOID@Schlossbergball_GrazAT_2-Connect-160-m\u00b2-26-300x225.jpg 300w, https:\/\/solutionscustom.ch\/wp-content\/uploads\/2023\/01\/STROHBOID@Schlossbergball_GrazAT_2-Connect-160-m\u00b2-26-1024x768.jpg 1024w, https:\/\/solutionscustom.ch\/wp-content\/uploads\/2023\/01\/STROHBOID@Schlossbergball_GrazAT_2-Connect-160-m\u00b2-26-768x576.jpg 768w, https:\/\/solutionscustom.ch\/wp-content\/uploads\/2023\/01\/STROHBOID@Schlossbergball_GrazAT_2-Connect-160-m\u00b2-26-1536x1152.jpg 1536w, https:\/\/solutionscustom.ch\/wp-content\/uploads\/2023\/01\/STROHBOID@Schlossbergball_GrazAT_2-Connect-160-m\u00b2-26-510x383.jpg 510w, https:\/\/solutionscustom.ch\/wp-content\/uploads\/2023\/01\/STROHBOID@Schlossbergball_GrazAT_2-Connect-160-m\u00b2-26.jpg 1600w\" sizes=\"auto, (max-width: 300px) 100vw, 300px\" \/>                                  <div class=\"overlay fill\"\n                      style=\"background-color: rgba(0,0,0,.15)\">\n                  <\/div>\n                                                              <\/div>\n              <div class=\"box-text text-left\" >\n                 <p><\/p>\n              <\/div>\n            <\/div>\n            <\/a>          <\/div>\n         <\/div><div class=\"gallery-col col\" >\n          <div class=\"col-inner\">\n            <a class=\"image-lightbox lightbox-gallery\" href=\"https:\/\/solutionscustom.ch\/wp-content\/uploads\/2023\/01\/STROHBOID_Eventzelt_Katalog_2019-uai-2064x1375-1-1024x682.jpg\" title=\"\">            <div class=\"box has-hover gallery-box box-overlay dark\">\n              <div class=\"box-image image-cover\" style=\"padding-top:100%;\">\n                <img loading=\"lazy\" decoding=\"async\" width=\"300\" height=\"200\" src=\"https:\/\/solutionscustom.ch\/wp-content\/uploads\/2023\/01\/STROHBOID_Eventzelt_Katalog_2019-uai-2064x1375-1-300x200.jpg\" class=\"attachment-medium size-medium\" alt=\"\" ids=\"9507,9509,9511,9513,9515,9519,9505,9503\" image_height=\"100%\" srcset=\"https:\/\/solutionscustom.ch\/wp-content\/uploads\/2023\/01\/STROHBOID_Eventzelt_Katalog_2019-uai-2064x1375-1-300x200.jpg 300w, https:\/\/solutionscustom.ch\/wp-content\/uploads\/2023\/01\/STROHBOID_Eventzelt_Katalog_2019-uai-2064x1375-1-1024x682.jpg 1024w, https:\/\/solutionscustom.ch\/wp-content\/uploads\/2023\/01\/STROHBOID_Eventzelt_Katalog_2019-uai-2064x1375-1-768x512.jpg 768w, https:\/\/solutionscustom.ch\/wp-content\/uploads\/2023\/01\/STROHBOID_Eventzelt_Katalog_2019-uai-2064x1375-1-1536x1023.jpg 1536w, https:\/\/solutionscustom.ch\/wp-content\/uploads\/2023\/01\/STROHBOID_Eventzelt_Katalog_2019-uai-2064x1375-1-2048x1364.jpg 2048w, https:\/\/solutionscustom.ch\/wp-content\/uploads\/2023\/01\/STROHBOID_Eventzelt_Katalog_2019-uai-2064x1375-1-510x340.jpg 510w\" sizes=\"auto, (max-width: 300px) 100vw, 300px\" \/>                                  <div class=\"overlay fill\"\n                      style=\"background-color: rgba(0,0,0,.15)\">\n                  <\/div>\n                                                              <\/div>\n              <div class=\"box-text text-left\" >\n                 <p><\/p>\n              <\/div>\n            <\/div>\n            <\/a>          <\/div>\n         <\/div><div class=\"gallery-col col\" >\n          <div class=\"col-inner\">\n            <a class=\"image-lightbox lightbox-gallery\" href=\"https:\/\/solutionscustom.ch\/wp-content\/uploads\/2023\/01\/STROHBOID-3-Connect_240-m\u00b2_Winter-Showcase_2-1024x640.jpg\" title=\"\">            <div class=\"box has-hover gallery-box box-overlay dark\">\n              <div class=\"box-image image-cover\" style=\"padding-top:100%;\">\n                <img loading=\"lazy\" decoding=\"async\" width=\"300\" height=\"188\" src=\"https:\/\/solutionscustom.ch\/wp-content\/uploads\/2023\/01\/STROHBOID-3-Connect_240-m\u00b2_Winter-Showcase_2-300x188.jpg\" class=\"attachment-medium size-medium\" alt=\"\" ids=\"9507,9509,9511,9513,9515,9519,9505,9503\" image_height=\"100%\" srcset=\"https:\/\/solutionscustom.ch\/wp-content\/uploads\/2023\/01\/STROHBOID-3-Connect_240-m\u00b2_Winter-Showcase_2-300x188.jpg 300w, https:\/\/solutionscustom.ch\/wp-content\/uploads\/2023\/01\/STROHBOID-3-Connect_240-m\u00b2_Winter-Showcase_2-1024x640.jpg 1024w, https:\/\/solutionscustom.ch\/wp-content\/uploads\/2023\/01\/STROHBOID-3-Connect_240-m\u00b2_Winter-Showcase_2-768x480.jpg 768w, https:\/\/solutionscustom.ch\/wp-content\/uploads\/2023\/01\/STROHBOID-3-Connect_240-m\u00b2_Winter-Showcase_2-1536x960.jpg 1536w, https:\/\/solutionscustom.ch\/wp-content\/uploads\/2023\/01\/STROHBOID-3-Connect_240-m\u00b2_Winter-Showcase_2-510x319.jpg 510w, https:\/\/solutionscustom.ch\/wp-content\/uploads\/2023\/01\/STROHBOID-3-Connect_240-m\u00b2_Winter-Showcase_2.jpg 1600w\" sizes=\"auto, (max-width: 300px) 100vw, 300px\" \/>                                  <div class=\"overlay fill\"\n                      style=\"background-color: rgba(0,0,0,.15)\">\n                  <\/div>\n                                                              <\/div>\n              <div class=\"box-text text-left\" >\n                 <p><\/p>\n              <\/div>\n            <\/div>\n            <\/a>          <\/div>\n         <\/div><div class=\"gallery-col col\" >\n          <div class=\"col-inner\">\n            <a class=\"image-lightbox lightbox-gallery\" href=\"https:\/\/solutionscustom.ch\/wp-content\/uploads\/2023\/01\/STROHBOID-Buhne_Eventzelt-70-m\u00b2-15-m-Aufstockung-8-1024x576.jpg\" title=\"\">            <div class=\"box has-hover gallery-box box-overlay dark\">\n              <div class=\"box-image image-cover\" style=\"padding-top:100%;\">\n                <img loading=\"lazy\" decoding=\"async\" width=\"300\" height=\"169\" src=\"https:\/\/solutionscustom.ch\/wp-content\/uploads\/2023\/01\/STROHBOID-Buhne_Eventzelt-70-m\u00b2-15-m-Aufstockung-8-300x169.jpg\" class=\"attachment-medium size-medium\" alt=\"\" ids=\"9507,9509,9511,9513,9515,9519,9505,9503\" image_height=\"100%\" srcset=\"https:\/\/solutionscustom.ch\/wp-content\/uploads\/2023\/01\/STROHBOID-Buhne_Eventzelt-70-m\u00b2-15-m-Aufstockung-8-300x169.jpg 300w, https:\/\/solutionscustom.ch\/wp-content\/uploads\/2023\/01\/STROHBOID-Buhne_Eventzelt-70-m\u00b2-15-m-Aufstockung-8-1024x576.jpg 1024w, https:\/\/solutionscustom.ch\/wp-content\/uploads\/2023\/01\/STROHBOID-Buhne_Eventzelt-70-m\u00b2-15-m-Aufstockung-8-768x432.jpg 768w, https:\/\/solutionscustom.ch\/wp-content\/uploads\/2023\/01\/STROHBOID-Buhne_Eventzelt-70-m\u00b2-15-m-Aufstockung-8-1536x864.jpg 1536w, https:\/\/solutionscustom.ch\/wp-content\/uploads\/2023\/01\/STROHBOID-Buhne_Eventzelt-70-m\u00b2-15-m-Aufstockung-8-510x287.jpg 510w, https:\/\/solutionscustom.ch\/wp-content\/uploads\/2023\/01\/STROHBOID-Buhne_Eventzelt-70-m\u00b2-15-m-Aufstockung-8.jpg 1600w\" sizes=\"auto, (max-width: 300px) 100vw, 300px\" \/>                                  <div class=\"overlay fill\"\n                      style=\"background-color: rgba(0,0,0,.15)\">\n                  <\/div>\n                                                              <\/div>\n              <div class=\"box-text text-left\" >\n                 <p><\/p>\n              <\/div>\n            <\/div>\n            <\/a>          <\/div>\n         <\/div><div class=\"gallery-col col\" >\n          <div class=\"col-inner\">\n            <a class=\"image-lightbox lightbox-gallery\" href=\"https:\/\/solutionscustom.ch\/wp-content\/uploads\/2023\/01\/STROHBOID@Schlossbergball_GrazAT_2-Connect-160-m\u00b2-8-1024x683.jpg\" title=\"\">            <div class=\"box has-hover gallery-box box-overlay dark\">\n              <div class=\"box-image image-cover\" style=\"padding-top:100%;\">\n                <img loading=\"lazy\" decoding=\"async\" width=\"300\" height=\"200\" src=\"https:\/\/solutionscustom.ch\/wp-content\/uploads\/2023\/01\/STROHBOID@Schlossbergball_GrazAT_2-Connect-160-m\u00b2-8-300x200.jpg\" class=\"attachment-medium size-medium\" alt=\"\" ids=\"9507,9509,9511,9513,9515,9519,9505,9503\" image_height=\"100%\" srcset=\"https:\/\/solutionscustom.ch\/wp-content\/uploads\/2023\/01\/STROHBOID@Schlossbergball_GrazAT_2-Connect-160-m\u00b2-8-300x200.jpg 300w, https:\/\/solutionscustom.ch\/wp-content\/uploads\/2023\/01\/STROHBOID@Schlossbergball_GrazAT_2-Connect-160-m\u00b2-8-1024x683.jpg 1024w, https:\/\/solutionscustom.ch\/wp-content\/uploads\/2023\/01\/STROHBOID@Schlossbergball_GrazAT_2-Connect-160-m\u00b2-8-768x512.jpg 768w, https:\/\/solutionscustom.ch\/wp-content\/uploads\/2023\/01\/STROHBOID@Schlossbergball_GrazAT_2-Connect-160-m\u00b2-8-1536x1024.jpg 1536w, https:\/\/solutionscustom.ch\/wp-content\/uploads\/2023\/01\/STROHBOID@Schlossbergball_GrazAT_2-Connect-160-m\u00b2-8-510x340.jpg 510w, https:\/\/solutionscustom.ch\/wp-content\/uploads\/2023\/01\/STROHBOID@Schlossbergball_GrazAT_2-Connect-160-m\u00b2-8.jpg 1600w\" sizes=\"auto, (max-width: 300px) 100vw, 300px\" \/>                                  <div class=\"overlay fill\"\n                      style=\"background-color: rgba(0,0,0,.15)\">\n                  <\/div>\n                                                              <\/div>\n              <div class=\"box-text text-left\" >\n                 <p><\/p>\n              <\/div>\n            <\/div>\n            <\/a>          <\/div>\n         <\/div><div class=\"gallery-col col\" >\n          <div class=\"col-inner\">\n            <a class=\"image-lightbox lightbox-gallery\" href=\"https:\/\/solutionscustom.ch\/wp-content\/uploads\/2023\/01\/STROHBOID@Electric-Love-Festival_-3-Connect-240-m\u00b2-13-1024x768.jpg\" title=\"\">            <div class=\"box has-hover gallery-box box-overlay dark\">\n              <div class=\"box-image image-cover\" style=\"padding-top:100%;\">\n                <img loading=\"lazy\" decoding=\"async\" width=\"300\" height=\"225\" src=\"https:\/\/solutionscustom.ch\/wp-content\/uploads\/2023\/01\/STROHBOID@Electric-Love-Festival_-3-Connect-240-m\u00b2-13-300x225.jpg\" class=\"attachment-medium size-medium\" alt=\"\" ids=\"9507,9509,9511,9513,9515,9519,9505,9503\" image_height=\"100%\" srcset=\"https:\/\/solutionscustom.ch\/wp-content\/uploads\/2023\/01\/STROHBOID@Electric-Love-Festival_-3-Connect-240-m\u00b2-13-300x225.jpg 300w, https:\/\/solutionscustom.ch\/wp-content\/uploads\/2023\/01\/STROHBOID@Electric-Love-Festival_-3-Connect-240-m\u00b2-13-1024x768.jpg 1024w, https:\/\/solutionscustom.ch\/wp-content\/uploads\/2023\/01\/STROHBOID@Electric-Love-Festival_-3-Connect-240-m\u00b2-13-768x576.jpg 768w, https:\/\/solutionscustom.ch\/wp-content\/uploads\/2023\/01\/STROHBOID@Electric-Love-Festival_-3-Connect-240-m\u00b2-13-1536x1152.jpg 1536w, https:\/\/solutionscustom.ch\/wp-content\/uploads\/2023\/01\/STROHBOID@Electric-Love-Festival_-3-Connect-240-m\u00b2-13-510x383.jpg 510w, https:\/\/solutionscustom.ch\/wp-content\/uploads\/2023\/01\/STROHBOID@Electric-Love-Festival_-3-Connect-240-m\u00b2-13.jpg 1600w\" sizes=\"auto, (max-width: 300px) 100vw, 300px\" \/>                                  <div class=\"overlay fill\"\n                      style=\"background-color: rgba(0,0,0,.15)\">\n                  <\/div>\n                                                              <\/div>\n              <div class=\"box-text text-left\" >\n                 <p><\/p>\n              <\/div>\n            <\/div>\n            <\/a>          <\/div>\n         <\/div><\/div>\n\n\n\t\t<\/div>\n\t\t\t\t\t<\/div>\n\n\t\n\n<\/div>\n\n\t\t<\/div>\n\n\t\t\n<style>\n#section_1270671179 {\n  padding-top: 60px;\n  padding-bottom: 60px;\n  background-color: rgb(255, 255, 255);\n}\n#section_1270671179 .section-bg-overlay {\n  background-color: rgba(255, 255, 255, 0.85);\n}\n<\/style>\n\t<\/section>\n\t\n<div class=\"message-box relative dark\" style=\"padding-top:36px;padding-bottom:36px;\"><div class=\"message-box-bg-image bg-fill fill\" ><\/div><div class=\"message-box-bg-overlay bg-fill fill\" style=\"background-color:rgb(74, 74, 74);\"><\/div><div class=\"container relative\"><div class=\"inner last-reset\">\n\n<div class=\"row align-middle\"  id=\"row-182519787\">\n\n\n\t<div id=\"col-667375721\" class=\"col medium-6 small-12 large-6\"  >\n\t\t\t\t<div class=\"col-inner\"  >\n\t\t\t\n\t\t\t\n\n<h2 class=\"uppercase\">Z\u00d6GERN SIE NICHT, UNS ZU KONTAKTIEREN<\/h2>\n<p>Wir stehen Ihnen gerne mit Rat und Tat zur Seite und beantworten alle Ihre Fragen oder kontaktieren einen unserer H\u00e4ndler.<\/p>\n\t<div id=\"gap-911217181\" class=\"gap-element clearfix\" style=\"display:block; height:auto;\">\n\t\t\n<style>\n#gap-911217181 {\n  padding-top: 30px;\n}\n<\/style>\n\t<\/div>\n\t\n\n<a data-animate=\"flipInY\" href=\"https:\/\/solutionscustom.ch\/de\/kontakt\/\" class=\"button white is-outline lowercase\"  >\n\t\t<span>Kontaktieren Sie uns<\/span>\n\t<\/a>\n\n\n\n\t\t<\/div>\n\t\t\t\t\t<\/div>\n\n\t\n\n\t<div id=\"col-653351943\" class=\"col medium-6 small-12 large-6\"  >\n\t\t\t\t<div class=\"col-inner\"  >\n\t\t\t\n\t\t\t\n\n\t<div id=\"gap-611172595\" class=\"gap-element clearfix show-for-small\" style=\"display:block; height:auto;\">\n\t\t\n<style>\n#gap-611172595 {\n  padding-top: 30px;\n}\n<\/style>\n\t<\/div>\n\t\n\n<h2 class=\"uppercase\">Schlie\u00dfen Sie sich UNS als Wiederverk\u00e4ufer an<\/h2>\n<p>M\u00f6chten Sie Ihr Sortiment mit einer Vielfalt an qualitativ hochwertigen Produkten bereichern? Solutions Custom Spezialist in der Bereitstellung von verschiedenen L\u00f6sungen, l\u00e4dt Sie ein, ein Vertriebspartner in unserem umfangreichen Netzwerk zu werden<\/p>\n\t<div id=\"gap-464690348\" class=\"gap-element clearfix\" style=\"display:block; height:auto;\">\n\t\t\n<style>\n#gap-464690348 {\n  padding-top: 30px;\n}\n<\/style>\n\t<\/div>\n\t\n\n<a data-animate=\"flipInY\" href=\"https:\/\/solutionscustom.ch\/de\/anfrage-fuer-haendler\/\" class=\"button white is-outline lowercase\"  >\n\t\t<span>H\u00e4ndler werden<\/span>\n\t<\/a>\n\n\n\n\t\t<\/div>\n\t\t\t\t\t<\/div>\n\n\t\n\n<\/div>\n\n<\/div><\/div><\/div>\n\n\n","protected":false},"excerpt":{"rendered":"","protected":false},"author":4,"featured_media":0,"parent":11199,"menu_order":0,"comment_status":"closed","ping_status":"closed","template":"page-blank.php","meta":{"footnotes":""},"class_list":["post-11206","page","type-page","status-publish","hentry"],"_links":{"self":[{"href":"https:\/\/solutionscustom.ch\/de\/wp-json\/wp\/v2\/pages\/11206","targetHints":{"allow":["GET"]}}],"collection":[{"href":"https:\/\/solutionscustom.ch\/de\/wp-json\/wp\/v2\/pages"}],"about":[{"href":"https:\/\/solutionscustom.ch\/de\/wp-json\/wp\/v2\/types\/page"}],"author":[{"embeddable":true,"href":"https:\/\/solutionscustom.ch\/de\/wp-json\/wp\/v2\/users\/4"}],"replies":[{"embeddable":true,"href":"https:\/\/solutionscustom.ch\/de\/wp-json\/wp\/v2\/comments?post=11206"}],"version-history":[{"count":3,"href":"https:\/\/solutionscustom.ch\/de\/wp-json\/wp\/v2\/pages\/11206\/revisions"}],"predecessor-version":[{"id":12376,"href":"https:\/\/solutionscustom.ch\/de\/wp-json\/wp\/v2\/pages\/11206\/revisions\/12376"}],"up":[{"embeddable":true,"href":"https:\/\/solutionscustom.ch\/de\/wp-json\/wp\/v2\/pages\/11199"}],"wp:attachment":[{"href":"https:\/\/solutionscustom.ch\/de\/wp-json\/wp\/v2\/media?parent=11206"}],"curies":[{"name":"wp","href":"https:\/\/api.w.org\/{rel}","templated":true}]}}