{"id":11199,"date":"2023-02-05T19:04:11","date_gmt":"2023-02-05T18:04:11","guid":{"rendered":"https:\/\/prod.solutionscustom.ch\/kurzlebige-struktur\/"},"modified":"2024-03-13T20:55:06","modified_gmt":"2024-03-13T19:55:06","slug":"kurzlebige-struktur","status":"publish","type":"page","link":"https:\/\/solutionscustom.ch\/de\/kurzlebige-struktur\/","title":{"rendered":"Kurzlebige Struktur"},"content":{"rendered":"\n\n\t<section class=\"section\" id=\"section_214643144\">\n\t\t<div class=\"section-bg fill\" >\n\t\t\t\t\t\t\t\t\t\n\t\t\t\n\n\t\t<\/div>\n\n\t\t\n\n\t\t<div class=\"section-content relative\">\n\t\t\t\n\n\n  <div class=\"banner has-hover\" id=\"banner-809154478\">\n          <div class=\"banner-inner fill\">\n        <div class=\"banner-bg fill\" >\n                                                \n                    <\/div>\n\t\t\n        <div class=\"banner-layers container\">\n            <div class=\"fill banner-link\"><\/div>            \n\n   <div id=\"text-box-657508606\" class=\"text-box banner-layer x50 md-x50 lg-x50 y50 md-y50 lg-y50 res-text\">\n                                <div class=\"text-box-content text dark\">\n              \n              <div class=\"text-inner text-center\">\n                  \n\n<h1 style=\"text-align: center;\"><span style=\"font-size: 90%; color: #000000;\">Ephemere Struktur<\/span><\/h1>\n\t<div id=\"text-2561581386\" class=\"text\">\n\t\t\n\n<p><span style=\"font-size: 100%;\">Unsere Spezialit\u00e4t ist das kurzlebige Bauen und bietet L\u00f6sungen, die auf Ihre Bed\u00fcrfnisse im Bereich der vor\u00fcbergehenden Unterbringung zugeschnitten sind. Ob in Schachteln, Tuben, Containern oder nach Ma\u00df &#8211; wir sind da, um Ihre Anforderungen zu erf\u00fcllen. Mit bew\u00e4hrtem Fachwissen bieten wir Ihnen zuverl\u00e4ssige und nachhaltige L\u00f6sungen f\u00fcr Ihre Projekte.<\/span><\/p>\n\t\t\n<style>\n#text-2561581386 {\n  font-size: 1.1rem;\n  text-align: center;\n  color: rgb(0,0,0);\n}\n#text-2561581386 > * {\n  color: rgb(0,0,0);\n}\n@media (min-width:550px) {\n  #text-2561581386 {\n    font-size: 1.3rem;\n  }\n}\n<\/style>\n\t<\/div>\n\t\n\n              <\/div>\n           <\/div>\n                            \n<style>\n#text-box-657508606 {\n  width: 88%;\n}\n#text-box-657508606 .text-box-content {\n  font-size: 100%;\n}\n<\/style>\n    <\/div>\n \n\n        <\/div>\n      <\/div>\n\n            \n<style>\n#banner-809154478 {\n  padding-top: 300px;\n  background-color: rgb(230, 230, 230);\n}\n<\/style>\n  <\/div>\n\n\n\n\t\t<\/div>\n\n\t\t\n<style>\n#section_214643144 {\n  padding-top: 30px;\n  padding-bottom: 30px;\n}\n<\/style>\n\t<\/section>\n\t\n<div class=\"slider-wrapper relative\" id=\"slider-1226944659\" >\n    <div class=\"slider slider-nav-circle slider-nav-large slider-nav-light slider-style-normal slider-show-nav\"\n        data-flickity-options='{\n            \"cellAlign\": \"center\",\n            \"imagesLoaded\": true,\n            \"lazyLoad\": 1,\n            \"freeScroll\": false,\n            \"wrapAround\": true,\n            \"autoPlay\": 2000,\n            \"pauseAutoPlayOnHover\" : true,\n            \"prevNextButtons\": true,\n            \"contain\" : true,\n            \"adaptiveHeight\" : true,\n            \"dragThreshold\" : 10,\n            \"percentPosition\": true,\n            \"pageDots\": true,\n            \"rightToLeft\": false,\n            \"draggable\": true,\n            \"selectedAttraction\": 0.1,\n            \"parallax\" : 0,\n            \"friction\": 0.6        }'\n        >\n        \n\n\n  <div class=\"banner has-hover\" id=\"banner-101485320\">\n          <div class=\"banner-inner fill\">\n        <div class=\"banner-bg fill\" >\n            <img loading=\"lazy\" decoding=\"async\" width=\"1440\" height=\"810\" src=\"https:\/\/solutionscustom.ch\/wp-content\/uploads\/2023\/01\/defquon.jpg\" class=\"bg attachment-original size-original\" alt=\"\" \/>                        <div class=\"overlay\"><\/div>            \n                    <\/div>\n\t\t\n        <div class=\"banner-layers container\">\n            <div class=\"fill banner-link\"><\/div>            \n\n   <div id=\"text-box-1106315842\" class=\"text-box banner-layer x50 md-x50 lg-x50 y50 md-y50 lg-y50 res-text\">\n                                <div class=\"text-box-content text dark\">\n              \n              <div class=\"text-inner text-center\">\n                  \n\n<h2 class=\"uppercase\">ECO TENTE<\/h2>\n\n              <\/div>\n           <\/div>\n                            \n<style>\n#text-box-1106315842 {\n  width: 60%;\n}\n#text-box-1106315842 .text-box-content {\n  font-size: 100%;\n}\n@media (min-width:550px) {\n  #text-box-1106315842 {\n    width: 44%;\n  }\n}\n<\/style>\n    <\/div>\n \n\n        <\/div>\n      <\/div>\n\n            \n<style>\n#banner-101485320 {\n  padding-top: 380px;\n}\n#banner-101485320 .overlay {\n  background-color: rgba(0, 0, 0, 0.285);\n}\n#banner-101485320 .banner-bg img {\n  object-position: 49% 28%;\n}\n<\/style>\n  <\/div>\n\n\n\n  <div class=\"banner has-hover has-slide-effect slide-zoom-in-fast\" id=\"banner-412377154\">\n          <div class=\"banner-inner fill\">\n        <div class=\"banner-bg fill\" >\n            <img loading=\"lazy\" decoding=\"async\" width=\"1032\" height=\"687\" src=\"https:\/\/solutionscustom.ch\/wp-content\/uploads\/2023\/01\/Eurotel_Noel_2018-_011-uai-1032x687-1.jpg\" class=\"bg attachment-original size-original\" alt=\"\" \/>                                    \n                    <\/div>\n\t\t\n        <div class=\"banner-layers container\">\n            <div class=\"fill banner-link\"><\/div>            \n\n   <div id=\"text-box-151159674\" class=\"text-box banner-layer x50 md-x50 lg-x50 y50 md-y50 lg-y50 res-text\">\n                                <div class=\"text-box-content text dark\">\n              \n              <div class=\"text-inner text-center\">\n                  \n\n<h2 class=\"uppercase\">TUBE<\/h2>\n\n              <\/div>\n           <\/div>\n                            \n<style>\n#text-box-151159674 {\n  width: 60%;\n}\n#text-box-151159674 .text-box-content {\n  font-size: 100%;\n}\n@media (min-width:550px) {\n  #text-box-151159674 {\n    width: 71%;\n  }\n}\n<\/style>\n    <\/div>\n \n\n        <\/div>\n      <\/div>\n\n            \n<style>\n#banner-412377154 {\n  padding-top: 380px;\n}\n#banner-412377154 .banner-bg img {\n  object-position: 49% 60%;\n}\n<\/style>\n  <\/div>\n\n\n\n  <div class=\"banner has-hover has-slide-effect slide-zoom-in-fast\" id=\"banner-1974039194\">\n          <div class=\"banner-inner fill\">\n        <div class=\"banner-bg fill\" >\n            <img loading=\"lazy\" decoding=\"async\" width=\"1032\" height=\"688\" src=\"https:\/\/solutionscustom.ch\/wp-content\/uploads\/2023\/01\/Canada-Goose-2018-02-uai-1032x688-1.jpg\" class=\"bg attachment-original size-original\" alt=\"\" \/>                                    \n                    <\/div>\n\t\t\n        <div class=\"banner-layers container\">\n            <div class=\"fill banner-link\"><\/div>            \n\n   <div id=\"text-box-1350283034\" class=\"text-box banner-layer x50 md-x50 lg-x50 y50 md-y50 lg-y50 res-text\">\n                                <div class=\"text-box-content text dark\">\n              \n              <div class=\"text-inner text-center\">\n                  \n\n<h2 class=\"uppercase\">BOX<\/h2>\n\n              <\/div>\n           <\/div>\n                            \n<style>\n#text-box-1350283034 {\n  width: 60%;\n}\n#text-box-1350283034 .text-box-content {\n  font-size: 100%;\n}\n@media (min-width:550px) {\n  #text-box-1350283034 {\n    width: 44%;\n  }\n}\n<\/style>\n    <\/div>\n \n\n        <\/div>\n      <\/div>\n\n            \n<style>\n#banner-1974039194 {\n  padding-top: 380px;\n}\n#banner-1974039194 .banner-bg img {\n  object-position: 49% 60%;\n}\n<\/style>\n  <\/div>\n\n\n\n  <div class=\"banner has-hover has-slide-effect slide-zoom-in-fast\" id=\"banner-163420339\">\n          <div class=\"banner-inner fill\">\n        <div class=\"banner-bg fill\" >\n            <img loading=\"lazy\" decoding=\"async\" width=\"1032\" height=\"580\" src=\"https:\/\/solutionscustom.ch\/wp-content\/uploads\/2023\/01\/ozenit_3-uai-1032x580-1.jpg\" class=\"bg attachment-original size-original\" alt=\"\" \/>                                    \n                    <\/div>\n\t\t\n        <div class=\"banner-layers container\">\n            <div class=\"fill banner-link\"><\/div>            \n\n   <div id=\"text-box-1345402177\" class=\"text-box banner-layer x50 md-x50 lg-x50 y50 md-y50 lg-y50 res-text\">\n                                <div class=\"text-box-content text dark\">\n              \n              <div class=\"text-inner text-center\">\n                  \n\n<h2 class=\"uppercase\">CONTAINER &amp; POP STORE<\/h2>\n\n              <\/div>\n           <\/div>\n                            \n<style>\n#text-box-1345402177 {\n  width: 60%;\n}\n#text-box-1345402177 .text-box-content {\n  font-size: 100%;\n}\n@media (min-width:550px) {\n  #text-box-1345402177 {\n    width: 44%;\n  }\n}\n<\/style>\n    <\/div>\n \n\n        <\/div>\n      <\/div>\n\n            \n<style>\n#banner-163420339 {\n  padding-top: 380px;\n}\n#banner-163420339 .banner-bg img {\n  object-position: 49% 60%;\n}\n<\/style>\n  <\/div>\n\n\n\n     <\/div>\n\n     <div class=\"loading-spin dark large centered\"><\/div>\n\n\t<\/div>\n\n\n<div class=\"row\"  id=\"row-1090936375\">\n\n\n\t<div id=\"col-1563913822\" class=\"col medium-4 small-12 large-4\"  >\n\t\t\t\t<div class=\"col-inner text-center\"  >\n\t\t\t\n\t\t\t\n\n\t<div id=\"text-1765803034\" class=\"text\">\n\t\t\n\n<h2>ECO TENTE<\/h2>\n<p>Eco Tent: Ma\u00dfgeschneiderte Holzstruktur f\u00fcr einen komfortablen Raum zu jeder Jahreszeit. Einzigartige Optionen f\u00fcr jeden Anlass.<\/p>\n\t\t\n<style>\n#text-1765803034 {\n  text-align: center;\n  color: rgb(0,0,0);\n}\n#text-1765803034 > * {\n  color: rgb(0,0,0);\n}\n<\/style>\n\t<\/div>\n\t\n<a href=\"https:\/\/solutionscustom.ch\/de\/kurzlebige-struktur\/eco-tente\/\" class=\"button alert lowercase\"  style=\"border-radius:10px;\">\n\t\t<span>Mehr erfahren<\/span>\n\t<\/a>\n\n\n\n\t\t<\/div>\n\t\t\t\t\t<\/div>\n\n\t\n\n\t<div id=\"col-923888650\" class=\"col medium-4 small-12 large-4\"  >\n\t\t\t\t<div class=\"col-inner text-center\"  >\n\t\t\t\n\t\t\t\n\n\t<div id=\"text-716754893\" class=\"text\">\n\t\t\n\n<h2>TUBE<\/h2>\n<p>Unvergessliche Erlebnisse mit unserer Innen-\/Au\u00dfen-Lounge-L\u00f6sung. Einzigartiges, modulares &amp; leicht zu installierendes Konzept f\u00fcr eine unvergleichliche Atmosph\u00e4re bei jedem Anlass.<\/p>\n\t\t\n<style>\n#text-716754893 {\n  text-align: center;\n  color: rgb(0,0,0);\n}\n#text-716754893 > * {\n  color: rgb(0,0,0);\n}\n<\/style>\n\t<\/div>\n\t\n<a href=\"https:\/\/solutionscustom.ch\/de\/kurzlebige-struktur\/tube\/\" class=\"button alert lowercase\"  style=\"border-radius:10px;\">\n\t\t<span>Mehr erfahren<\/span>\n\t<\/a>\n\n\n\n\t\t<\/div>\n\t\t\t\t\t<\/div>\n\n\t\n\n\t<div id=\"col-1344182494\" class=\"col medium-4 small-12 large-4\"  >\n\t\t\t\t<div class=\"col-inner text-center\"  >\n\t\t\t\n\t\t\t\n\n\t<div id=\"text-3300800494\" class=\"text\">\n\t\t\n\n<h2><span style=\"color: #000000;\">BOX<\/span><\/h2>\n<p>Setzen Sie auf verg\u00e4ngliches Design mit unserem revolution\u00e4ren Konzept der modularen Container. High-End-L\u00f6sungen mit vielen M\u00f6glichkeiten, anpassbar und einfach zu installieren f\u00fcr anspruchsvolle Kundenerlebnisse.<\/p>\n\t\t\n<style>\n#text-3300800494 {\n  text-align: center;\n  color: rgb(0,0,0);\n}\n#text-3300800494 > * {\n  color: rgb(0,0,0);\n}\n<\/style>\n\t<\/div>\n\t\n<a href=\"https:\/\/solutionscustom.ch\/de\/kurzlebige-struktur\/box\/\" class=\"button alert lowercase\"  style=\"border-radius:10px;\">\n\t\t<span>Mehr erfahren<\/span>\n\t<\/a>\n\n\n\n\t\t<\/div>\n\t\t\t\t\t<\/div>\n\n\t\n\n<\/div>\n<div class=\"row\"  id=\"row-539820990\">\n\n\n\t<div id=\"col-1985566040\" class=\"col medium-4 small-12 large-4\"  >\n\t\t\t\t<div class=\"col-inner text-center\"  >\n\t\t\t\n\t\t\t\n\n\t<div id=\"text-1120088661\" class=\"text\">\n\t\t\n\n<h2><span style=\"color: #000000;\">CONTAINER POP-UP STORE<\/span><\/h2>\n<p>Lassen Sie Ihre Idee mit unserer Pop-up-Store-Containerl\u00f6sung Wirklichkeit werden. Es ist vielseitig, modular und einfach einzurichten. Es passt sich Ihren Bed\u00fcrfnissen an, damit Sie Ihr Gesch\u00e4ft ohne Einschr\u00e4nkungen ausbauen k\u00f6nnen. Wir k\u00fcmmern uns um den Rest<\/p>\n\t\t\n<style>\n#text-1120088661 {\n  text-align: center;\n  color: rgb(0, 0, 0);\n}\n#text-1120088661 > * {\n  color: rgb(0, 0, 0);\n}\n<\/style>\n\t<\/div>\n\t\n<a href=\"https:\/\/solutionscustom.ch\/de\/kurzlebige-struktur\/container-pop-up-store\/\" class=\"button alert lowercase\"  style=\"border-radius:10px;\">\n\t\t<span>Mehr erfahren<\/span>\n\t<\/a>\n\n\n\n\t\t<\/div>\n\t\t\t\t\t<\/div>\n\n\t\n\n\t<div id=\"col-397891192\" class=\"col medium-4 small-12 large-4\"  >\n\t\t\t\t<div class=\"col-inner text-center\"  >\n\t\t\t\n\t\t\t\n\n\t<div id=\"text-2068714556\" class=\"text\">\n\t\t\n\n<h2>STRETCH-ZELT<\/h2>\n<p>Individuell gestaltbare Event-Stretchzelte mit innovativem Design f\u00fcr unvergessliche Kundenerlebnisse. Modular, einfach zu installieren, wetterfest f\u00fcr erfolgreiche Veranstaltungen. Wir bieten Ihnen eine ma\u00dfgeschneiderte L\u00f6sung<\/p>\n\t\t\n<style>\n#text-2068714556 {\n  text-align: center;\n  color: rgb(0,0,0);\n}\n#text-2068714556 > * {\n  color: rgb(0,0,0);\n}\n<\/style>\n\t<\/div>\n\t\n<a href=\"https:\/\/solutionscustom.ch\/de\/kurzlebige-struktur\/stretch-zelt\/\" class=\"button alert lowercase\"  style=\"border-radius:10px;\">\n\t\t<span>Mehr erfahren<\/span>\n\t<\/a>\n\n\n\n\t\t<\/div>\n\t\t\t\t\t<\/div>\n\n\t\n\n\t<div id=\"col-879129419\" class=\"col medium-4 small-12 large-4\"  >\n\t\t\t\t<div class=\"col-inner text-center\"  >\n\t\t\t\n\t\t\t\n\n\t<div id=\"text-1743573552\" class=\"text\">\n\t\t\n\n<h2>EPHEMERE UNTERK\u00dcNFTE<\/h2>\n<p>Ma\u00dfgeschneiderte L\u00f6sungen: Schl\u00fcsselfertige L\u00f6sungen f\u00fcr einzigartige tempor\u00e4re Unterk\u00fcnfte f\u00fcr Festivals, Sportveranstaltungen, Unternehmen, Hochzeiten, saisonale Unterk\u00fcnfte. Bieten Sie hochwertige Dienstleistungen an, um die Erfahrungen Ihrer Kunden zu verbessern.<\/p>\n\t\t\n<style>\n#text-1743573552 {\n  text-align: center;\n  color: rgb(0,0,0);\n}\n#text-1743573552 > * {\n  color: rgb(0,0,0);\n}\n<\/style>\n\t<\/div>\n\t\n<a href=\"https:\/\/solutionscustom.ch\/de\/kurzlebige-struktur\/ephemere-unterkuenfte\/\" class=\"button alert lowercase\"  style=\"border-radius:10px;\">\n\t\t<span>Mehr erfahren<\/span>\n\t<\/a>\n\n\n\n\t\t<\/div>\n\t\t\t\t\t<\/div>\n\n\t\n\n<\/div>\n<div class=\"message-box relative dark\" style=\"padding-top:36px;padding-bottom:36px;\"><div class=\"message-box-bg-image bg-fill fill\" ><\/div><div class=\"message-box-bg-overlay bg-fill fill\" style=\"background-color:rgb(74, 74, 74);\"><\/div><div class=\"container relative\"><div class=\"inner last-reset\">\n\n<div class=\"row\"  id=\"row-1973838991\">\n\n\n\t<div id=\"col-598298932\" class=\"col medium-7 small-12 large-7\"  >\n\t\t\t\t<div class=\"col-inner\"  >\n\t\t\t\n\t\t\t\n\n<h2 class=\"uppercase\">Z\u00d6GERN SIE NICHT, UNS ZU KONTAKTIEREN<\/h2>\n<p>Wir stehen Ihnen gerne mit Rat und Tat zur Seite und beantworten alle Ihre Fragen oder kontaktieren einen unserer H\u00e4ndler.<\/p>\n\t<div id=\"gap-1572881156\" class=\"gap-element clearfix\" style=\"display:block; height:auto;\">\n\t\t\n<style>\n#gap-1572881156 {\n  padding-top: 30px;\n}\n<\/style>\n\t<\/div>\n\t\n\n<a data-animate=\"flipInY\" class=\"button white is-outline is-xsmall\"  >\n\t\t<span>Kontaktieren Sie uns<\/span>\n\t<\/a>\n\n\n\n\t\t<\/div>\n\t\t\t\t\t<\/div>\n\n\t\n\n\t<div id=\"col-1994564710\" class=\"col medium-5 small-12 large-5\"  >\n\t\t\t\t<div class=\"col-inner text-right\"  >\n\t\t\t\n\t\t\t\n\n<p><span class=\"widget-title\">KONTAKT<\/span><\/p>\n<div class=\"textwidget\">\n<p>Custom Made Solutions S\u00e0rl<br>Rue de Combremont 4 - 1908 Riddes<br>T +41 79 226 76 31<br><a href=\"mailto:info@solutions.best\" target=\"_blank\" rel=\"noopener noreferrer\">info@solutions.best<\/a><\/p>\n<\/div>\n\t<div id=\"gap-788799851\" class=\"gap-element clearfix\" style=\"display:block; height:auto;\">\n\t\t\n<style>\n#gap-788799851 {\n  padding-top: 10px;\n}\n<\/style>\n\t<\/div>\n\t\n\n\n\t\t<\/div>\n\t\t\t\t\t<\/div>\n\n\t\n\n<\/div>\n\n<\/div><\/div><\/div>\n\n\n","protected":false},"excerpt":{"rendered":"","protected":false},"author":4,"featured_media":0,"parent":0,"menu_order":0,"comment_status":"closed","ping_status":"closed","template":"page-blank.php","meta":{"footnotes":""},"class_list":["post-11199","page","type-page","status-publish","hentry"],"_links":{"self":[{"href":"https:\/\/solutionscustom.ch\/de\/wp-json\/wp\/v2\/pages\/11199","targetHints":{"allow":["GET"]}}],"collection":[{"href":"https:\/\/solutionscustom.ch\/de\/wp-json\/wp\/v2\/pages"}],"about":[{"href":"https:\/\/solutionscustom.ch\/de\/wp-json\/wp\/v2\/types\/page"}],"author":[{"embeddable":true,"href":"https:\/\/solutionscustom.ch\/de\/wp-json\/wp\/v2\/users\/4"}],"replies":[{"embeddable":true,"href":"https:\/\/solutionscustom.ch\/de\/wp-json\/wp\/v2\/comments?post=11199"}],"version-history":[{"count":4,"href":"https:\/\/solutionscustom.ch\/de\/wp-json\/wp\/v2\/pages\/11199\/revisions"}],"predecessor-version":[{"id":12339,"href":"https:\/\/solutionscustom.ch\/de\/wp-json\/wp\/v2\/pages\/11199\/revisions\/12339"}],"wp:attachment":[{"href":"https:\/\/solutionscustom.ch\/de\/wp-json\/wp\/v2\/media?parent=11199"}],"curies":[{"name":"wp","href":"https:\/\/api.w.org\/{rel}","templated":true}]}}