{"id":11178,"date":"2023-01-31T16:25:53","date_gmt":"2023-01-31T15:25:53","guid":{"rendered":"https:\/\/prod.solutionscustom.ch\/loesungen\/"},"modified":"2024-03-13T20:53:54","modified_gmt":"2024-03-13T19:53:54","slug":"loesungen","status":"publish","type":"page","link":"https:\/\/solutionscustom.ch\/de\/loesungen\/","title":{"rendered":"L\u00f6sungen"},"content":{"rendered":"\n  <div id=\"page-header-905129861\" class=\"page-header-wrapper\">\n  <div class=\"page-title dark featured-title\">\n\n    \n    <div class=\"page-title-inner container align-center text-center flex-row-col medium-flex-wrap\" >\n              <div class=\"title-wrapper flex-col\">\n          <h1 class=\"entry-title mb-0\">\n            L\u00f6sungen          <\/h1>\n        <\/div>\n                    <div class=\"title-content flex-col\">\n        <div class=\"title-breadcrumbs pb-half pt-half\"><\/div>      <\/div>\n    <\/div>\n\n       <\/div>\n    <\/div>\n  \n\n\n\t<section class=\"section\" id=\"section_868785091\">\n\t\t<div class=\"section-bg fill\" >\n\t\t\t\t\t\t\t\t\t<div class=\"section-bg-overlay absolute fill\"><\/div>\n\t\t\t\n\n\t\t<\/div>\n\n\t\t\n\n\t\t<div class=\"section-content relative\">\n\t\t\t\n\n<div class=\"row row-large align-middle\"  id=\"row-523041618\">\n\n\n\t<div id=\"col-34993808\" class=\"col medium-6 small-12 large-6\"  >\n\t\t\t\t<div class=\"col-inner text-left\"  >\n\t\t\t\n\t\t\t\n\n<h1 class=\"uppercase\">L\u00f6sungen<\/h1>\n<hr width=\"50px\">\n<div class=\"uncode_text_column\">\n<p>Mehr denn je ist die visuelle Hervorhebung f\u00fcr jeden von uns wichtig. Doch in einer Welt, in der sich alles schnell ver\u00e4ndert, hat auch die Verg\u00e4nglichkeit in einem schnelllebigen Wirtschaftssystem wieder einen Platz. Man will Schnelligkeit, Effizienz und Anpassungsf\u00e4higkeit, aber auch \u00c4sthetik und vor allem Einfachheit.<\/p>\n<\/div>\n<div class=\"uncode_text_column\">\n<p>Deshalb haben wir drei Themenbereiche entwickelt, die Ihnen helfen sollen, die Nutzung von R\u00e4umen f\u00fcr gewerbliche oder private Zwecke neu zu \u00fcberdenken und sie so angesichts einer Kundschaft, deren Bed\u00fcrfnisse oder Geschmack sich st\u00e4ndig \u00e4ndern, auf den neuesten Stand zu bringen.<\/p>\n<\/div>\n<div class=\"uncode_text_column\">\n<p>Die Identit\u00e4t unseres Unternehmens erh\u00e4lt somit durch seinen Namen eine besondere Bedeutung, denn dank unseres bestehenden Netzwerks und unseres Know-hows bieten wir Ihnen schl\u00fcsselfertige L\u00f6sungen mit einer hohen Reaktionsf\u00e4higkeit, die unerl\u00e4sslich ist, um die Unannehmlichkeiten, die jede Umgestaltung mit sich bringen kann, so gering wie m\u00f6glich zu halten.<\/p>\n<\/div>\n\n\t\t<\/div>\n\t\t\t\t\t<\/div>\n\n\t\n\n\t<div id=\"col-1371267422\" class=\"col medium-6 small-12 large-6\"  >\n\t\t\t\t<div class=\"col-inner\"  >\n\t\t\t\n\t\t\t\n\n<h1 class=\"lead\">wir bieten Ihnen schl\u00fcsselfertige L\u00f6sungen<\/h1>\n\n  \n    <div class=\"row large-columns-3 medium-columns- small-columns-2\" >\n  <div class=\"gallery-col col\" >\n          <div class=\"col-inner\">\n            <a class=\"image-lightbox lightbox-gallery\" href=\"https:\/\/solutionscustom.ch\/wp-content\/uploads\/2023\/01\/Gaz_naturel_2-uai-1032x774-1-1024x768.jpg\" title=\"\">            <div class=\"box has-hover gallery-box box-overlay dark\">\n              <div class=\"box-image box-shadow-2 image-cover\" style=\"padding-top:100%;\">\n                <img loading=\"lazy\" decoding=\"async\" width=\"300\" height=\"225\" src=\"https:\/\/solutionscustom.ch\/wp-content\/uploads\/2023\/01\/Gaz_naturel_2-uai-1032x774-1-300x225.jpg\" class=\"attachment-medium size-medium\" alt=\"\" ids=\"9785,10016,9858,9704,9621,9577,9529,9564,9646\" columns=\"3\" depth=\"2\" image_height=\"100%\" srcset=\"https:\/\/solutionscustom.ch\/wp-content\/uploads\/2023\/01\/Gaz_naturel_2-uai-1032x774-1-300x225.jpg 300w, https:\/\/solutionscustom.ch\/wp-content\/uploads\/2023\/01\/Gaz_naturel_2-uai-1032x774-1-1024x768.jpg 1024w, https:\/\/solutionscustom.ch\/wp-content\/uploads\/2023\/01\/Gaz_naturel_2-uai-1032x774-1-768x576.jpg 768w, https:\/\/solutionscustom.ch\/wp-content\/uploads\/2023\/01\/Gaz_naturel_2-uai-1032x774-1-510x383.jpg 510w, https:\/\/solutionscustom.ch\/wp-content\/uploads\/2023\/01\/Gaz_naturel_2-uai-1032x774-1.jpg 1032w\" sizes=\"auto, (max-width: 300px) 100vw, 300px\" \/>                                  <div class=\"overlay fill\"\n                      style=\"background-color: rgba(0,0,0,.15)\">\n                  <\/div>\n                                                              <\/div>\n              <div class=\"box-text text-left\" >\n                 <p><\/p>\n              <\/div>\n            <\/div>\n            <\/a>          <\/div>\n         <\/div><div class=\"gallery-col col\" >\n          <div class=\"col-inner\">\n            <a class=\"image-lightbox lightbox-gallery\" href=\"https:\/\/solutionscustom.ch\/wp-content\/uploads\/2022\/07\/4-2-1024x1024.jpg\" title=\"\">            <div class=\"box has-hover gallery-box box-overlay dark\">\n              <div class=\"box-image box-shadow-2 image-cover\" style=\"padding-top:100%;\">\n                <img loading=\"lazy\" decoding=\"async\" width=\"300\" height=\"300\" src=\"https:\/\/solutionscustom.ch\/wp-content\/uploads\/2022\/07\/4-2-300x300.jpg\" class=\"attachment-medium size-medium\" alt=\"\" ids=\"9785,10016,9858,9704,9621,9577,9529,9564,9646\" columns=\"3\" depth=\"2\" image_height=\"100%\" srcset=\"https:\/\/solutionscustom.ch\/wp-content\/uploads\/2022\/07\/4-2-300x300.jpg 300w, https:\/\/solutionscustom.ch\/wp-content\/uploads\/2022\/07\/4-2-1024x1024.jpg 1024w, https:\/\/solutionscustom.ch\/wp-content\/uploads\/2022\/07\/4-2-150x150.jpg 150w, https:\/\/solutionscustom.ch\/wp-content\/uploads\/2022\/07\/4-2-768x768.jpg 768w, https:\/\/solutionscustom.ch\/wp-content\/uploads\/2022\/07\/4-2-510x510.jpg 510w, https:\/\/solutionscustom.ch\/wp-content\/uploads\/2022\/07\/4-2-100x100.jpg 100w, https:\/\/solutionscustom.ch\/wp-content\/uploads\/2022\/07\/4-2-50x50.jpg 50w, https:\/\/solutionscustom.ch\/wp-content\/uploads\/2022\/07\/4-2.jpg 1080w\" sizes=\"auto, (max-width: 300px) 100vw, 300px\" \/>                                  <div class=\"overlay fill\"\n                      style=\"background-color: rgba(0,0,0,.15)\">\n                  <\/div>\n                                                              <\/div>\n              <div class=\"box-text text-left\" >\n                 <p><\/p>\n              <\/div>\n            <\/div>\n            <\/a>          <\/div>\n         <\/div><div class=\"gallery-col col\" >\n          <div class=\"col-inner\">\n            <a class=\"image-lightbox lightbox-gallery\" href=\"https:\/\/solutionscustom.ch\/wp-content\/uploads\/2023\/02\/Lampadaire-sans-fil-PARANOCTA-noir-sur-terrasse-1024x683.jpg\" title=\"\">            <div class=\"box has-hover gallery-box box-overlay dark\">\n              <div class=\"box-image box-shadow-2 image-cover\" style=\"padding-top:100%;\">\n                <img loading=\"lazy\" decoding=\"async\" width=\"300\" height=\"200\" src=\"https:\/\/solutionscustom.ch\/wp-content\/uploads\/2023\/02\/Lampadaire-sans-fil-PARANOCTA-noir-sur-terrasse-300x200.jpg\" class=\"attachment-medium size-medium\" alt=\"\" ids=\"9785,10016,9858,9704,9621,9577,9529,9564,9646\" columns=\"3\" depth=\"2\" image_height=\"100%\" srcset=\"https:\/\/solutionscustom.ch\/wp-content\/uploads\/2023\/02\/Lampadaire-sans-fil-PARANOCTA-noir-sur-terrasse-300x200.jpg 300w, https:\/\/solutionscustom.ch\/wp-content\/uploads\/2023\/02\/Lampadaire-sans-fil-PARANOCTA-noir-sur-terrasse-1024x683.jpg 1024w, https:\/\/solutionscustom.ch\/wp-content\/uploads\/2023\/02\/Lampadaire-sans-fil-PARANOCTA-noir-sur-terrasse-768x512.jpg 768w, https:\/\/solutionscustom.ch\/wp-content\/uploads\/2023\/02\/Lampadaire-sans-fil-PARANOCTA-noir-sur-terrasse-1536x1024.jpg 1536w, https:\/\/solutionscustom.ch\/wp-content\/uploads\/2023\/02\/Lampadaire-sans-fil-PARANOCTA-noir-sur-terrasse-510x340.jpg 510w, https:\/\/solutionscustom.ch\/wp-content\/uploads\/2023\/02\/Lampadaire-sans-fil-PARANOCTA-noir-sur-terrasse.jpg 1920w\" sizes=\"auto, (max-width: 300px) 100vw, 300px\" \/>                                  <div class=\"overlay fill\"\n                      style=\"background-color: rgba(0,0,0,.15)\">\n                  <\/div>\n                                                              <\/div>\n              <div class=\"box-text text-left\" >\n                 <p><\/p>\n              <\/div>\n            <\/div>\n            <\/a>          <\/div>\n         <\/div><div class=\"gallery-col col\" >\n          <div class=\"col-inner\">\n            <a class=\"image-lightbox lightbox-gallery\" href=\"https:\/\/solutionscustom.ch\/wp-content\/uploads\/2023\/01\/defquon-uai-1032x581-1-1024x576.jpg\" title=\"\">            <div class=\"box has-hover gallery-box box-overlay dark\">\n              <div class=\"box-image box-shadow-2 image-cover\" style=\"padding-top:100%;\">\n                <img loading=\"lazy\" decoding=\"async\" width=\"300\" height=\"169\" src=\"https:\/\/solutionscustom.ch\/wp-content\/uploads\/2023\/01\/defquon-uai-1032x581-1-300x169.jpg\" class=\"attachment-medium size-medium\" alt=\"\" ids=\"9785,10016,9858,9704,9621,9577,9529,9564,9646\" columns=\"3\" depth=\"2\" image_height=\"100%\" srcset=\"https:\/\/solutionscustom.ch\/wp-content\/uploads\/2023\/01\/defquon-uai-1032x581-1-300x169.jpg 300w, https:\/\/solutionscustom.ch\/wp-content\/uploads\/2023\/01\/defquon-uai-1032x581-1-1024x576.jpg 1024w, https:\/\/solutionscustom.ch\/wp-content\/uploads\/2023\/01\/defquon-uai-1032x581-1-768x432.jpg 768w, https:\/\/solutionscustom.ch\/wp-content\/uploads\/2023\/01\/defquon-uai-1032x581-1-510x287.jpg 510w, https:\/\/solutionscustom.ch\/wp-content\/uploads\/2023\/01\/defquon-uai-1032x581-1.jpg 1032w\" sizes=\"auto, (max-width: 300px) 100vw, 300px\" \/>                                  <div class=\"overlay fill\"\n                      style=\"background-color: rgba(0,0,0,.15)\">\n                  <\/div>\n                                                              <\/div>\n              <div class=\"box-text text-left\" >\n                 <p><\/p>\n              <\/div>\n            <\/div>\n            <\/a>          <\/div>\n         <\/div><div class=\"gallery-col col\" >\n          <div class=\"col-inner\">\n            <a class=\"image-lightbox lightbox-gallery\" href=\"https:\/\/solutionscustom.ch\/wp-content\/uploads\/2023\/01\/Photos-Viewbox14.png\" title=\"\">            <div class=\"box has-hover gallery-box box-overlay dark\">\n              <div class=\"box-image box-shadow-2 image-cover\" style=\"padding-top:100%;\">\n                <img loading=\"lazy\" decoding=\"async\" width=\"300\" height=\"212\" src=\"https:\/\/solutionscustom.ch\/wp-content\/uploads\/2023\/01\/Photos-Viewbox14-300x212.png\" class=\"attachment-medium size-medium\" alt=\"\" ids=\"9785,10016,9858,9704,9621,9577,9529,9564,9646\" columns=\"3\" depth=\"2\" image_height=\"100%\" srcset=\"https:\/\/solutionscustom.ch\/wp-content\/uploads\/2023\/01\/Photos-Viewbox14-300x212.png 300w, https:\/\/solutionscustom.ch\/wp-content\/uploads\/2023\/01\/Photos-Viewbox14-768x543.png 768w, https:\/\/solutionscustom.ch\/wp-content\/uploads\/2023\/01\/Photos-Viewbox14-510x360.png 510w, https:\/\/solutionscustom.ch\/wp-content\/uploads\/2023\/01\/Photos-Viewbox14.png 842w\" sizes=\"auto, (max-width: 300px) 100vw, 300px\" \/>                                  <div class=\"overlay fill\"\n                      style=\"background-color: rgba(0,0,0,.15)\">\n                  <\/div>\n                                                              <\/div>\n              <div class=\"box-text text-left\" >\n                 <p><\/p>\n              <\/div>\n            <\/div>\n            <\/a>          <\/div>\n         <\/div><div class=\"gallery-col col\" >\n          <div class=\"col-inner\">\n            <a class=\"image-lightbox lightbox-gallery\" href=\"https:\/\/solutionscustom.ch\/wp-content\/uploads\/2023\/01\/Canada-Goose-2018-02-uai-1032x688-1-1024x683.jpg\" title=\"\">            <div class=\"box has-hover gallery-box box-overlay dark\">\n              <div class=\"box-image box-shadow-2 image-cover\" style=\"padding-top:100%;\">\n                <img loading=\"lazy\" decoding=\"async\" width=\"300\" height=\"200\" src=\"https:\/\/solutionscustom.ch\/wp-content\/uploads\/2023\/01\/Canada-Goose-2018-02-uai-1032x688-1-300x200.jpg\" class=\"attachment-medium size-medium\" alt=\"\" ids=\"9785,10016,9858,9704,9621,9577,9529,9564,9646\" columns=\"3\" depth=\"2\" image_height=\"100%\" srcset=\"https:\/\/solutionscustom.ch\/wp-content\/uploads\/2023\/01\/Canada-Goose-2018-02-uai-1032x688-1-300x200.jpg 300w, https:\/\/solutionscustom.ch\/wp-content\/uploads\/2023\/01\/Canada-Goose-2018-02-uai-1032x688-1-1024x683.jpg 1024w, https:\/\/solutionscustom.ch\/wp-content\/uploads\/2023\/01\/Canada-Goose-2018-02-uai-1032x688-1-768x512.jpg 768w, https:\/\/solutionscustom.ch\/wp-content\/uploads\/2023\/01\/Canada-Goose-2018-02-uai-1032x688-1-510x340.jpg 510w, https:\/\/solutionscustom.ch\/wp-content\/uploads\/2023\/01\/Canada-Goose-2018-02-uai-1032x688-1.jpg 1032w\" sizes=\"auto, (max-width: 300px) 100vw, 300px\" \/>                                  <div class=\"overlay fill\"\n                      style=\"background-color: rgba(0,0,0,.15)\">\n                  <\/div>\n                                                              <\/div>\n              <div class=\"box-text text-left\" >\n                 <p><\/p>\n              <\/div>\n            <\/div>\n            <\/a>          <\/div>\n         <\/div><div class=\"gallery-col col\" >\n          <div class=\"col-inner\">\n            <a class=\"image-lightbox lightbox-gallery\" href=\"https:\/\/solutionscustom.ch\/wp-content\/uploads\/2023\/01\/Eurotel_Noel_2018-_011-uai-1032x687-1-1024x682.jpg\" title=\"\">            <div class=\"box has-hover gallery-box box-overlay dark\">\n              <div class=\"box-image box-shadow-2 image-cover\" style=\"padding-top:100%;\">\n                <img loading=\"lazy\" decoding=\"async\" width=\"300\" height=\"200\" src=\"https:\/\/solutionscustom.ch\/wp-content\/uploads\/2023\/01\/Eurotel_Noel_2018-_011-uai-1032x687-1-300x200.jpg\" class=\"attachment-medium size-medium\" alt=\"\" ids=\"9785,10016,9858,9704,9621,9577,9529,9564,9646\" columns=\"3\" depth=\"2\" image_height=\"100%\" srcset=\"https:\/\/solutionscustom.ch\/wp-content\/uploads\/2023\/01\/Eurotel_Noel_2018-_011-uai-1032x687-1-300x200.jpg 300w, https:\/\/solutionscustom.ch\/wp-content\/uploads\/2023\/01\/Eurotel_Noel_2018-_011-uai-1032x687-1-1024x682.jpg 1024w, https:\/\/solutionscustom.ch\/wp-content\/uploads\/2023\/01\/Eurotel_Noel_2018-_011-uai-1032x687-1-768x511.jpg 768w, https:\/\/solutionscustom.ch\/wp-content\/uploads\/2023\/01\/Eurotel_Noel_2018-_011-uai-1032x687-1-510x340.jpg 510w, https:\/\/solutionscustom.ch\/wp-content\/uploads\/2023\/01\/Eurotel_Noel_2018-_011-uai-1032x687-1.jpg 1032w\" sizes=\"auto, (max-width: 300px) 100vw, 300px\" \/>                                  <div class=\"overlay fill\"\n                      style=\"background-color: rgba(0,0,0,.15)\">\n                  <\/div>\n                                                              <\/div>\n              <div class=\"box-text text-left\" >\n                 <p><\/p>\n              <\/div>\n            <\/div>\n            <\/a>          <\/div>\n         <\/div><div class=\"gallery-col col\" >\n          <div class=\"col-inner\">\n            <a class=\"image-lightbox lightbox-gallery\" href=\"https:\/\/solutionscustom.ch\/wp-content\/uploads\/2023\/01\/Canada-Goose-2018-02-1024x683.jpg\" title=\"\">            <div class=\"box has-hover gallery-box box-overlay dark\">\n              <div class=\"box-image box-shadow-2 image-cover\" style=\"padding-top:100%;\">\n                <img loading=\"lazy\" decoding=\"async\" width=\"300\" height=\"200\" src=\"https:\/\/solutionscustom.ch\/wp-content\/uploads\/2023\/01\/Canada-Goose-2018-02-300x200.jpg\" class=\"attachment-medium size-medium\" alt=\"\" ids=\"9785,10016,9858,9704,9621,9577,9529,9564,9646\" columns=\"3\" depth=\"2\" image_height=\"100%\" srcset=\"https:\/\/solutionscustom.ch\/wp-content\/uploads\/2023\/01\/Canada-Goose-2018-02-300x200.jpg 300w, https:\/\/solutionscustom.ch\/wp-content\/uploads\/2023\/01\/Canada-Goose-2018-02-1024x683.jpg 1024w, https:\/\/solutionscustom.ch\/wp-content\/uploads\/2023\/01\/Canada-Goose-2018-02-768x512.jpg 768w, https:\/\/solutionscustom.ch\/wp-content\/uploads\/2023\/01\/Canada-Goose-2018-02-1536x1024.jpg 1536w, https:\/\/solutionscustom.ch\/wp-content\/uploads\/2023\/01\/Canada-Goose-2018-02-510x340.jpg 510w, https:\/\/solutionscustom.ch\/wp-content\/uploads\/2023\/01\/Canada-Goose-2018-02.jpg 1600w\" sizes=\"auto, (max-width: 300px) 100vw, 300px\" \/>                                  <div class=\"overlay fill\"\n                      style=\"background-color: rgba(0,0,0,.15)\">\n                  <\/div>\n                                                              <\/div>\n              <div class=\"box-text text-left\" >\n                 <p><\/p>\n              <\/div>\n            <\/div>\n            <\/a>          <\/div>\n         <\/div><div class=\"gallery-col col\" >\n          <div class=\"col-inner\">\n            <a class=\"image-lightbox lightbox-gallery\" href=\"https:\/\/solutionscustom.ch\/wp-content\/uploads\/2023\/01\/Villa-in-the-Sky-2015-02-1024x683.jpg\" title=\"\">            <div class=\"box has-hover gallery-box box-overlay dark\">\n              <div class=\"box-image box-shadow-2 image-cover\" style=\"padding-top:100%;\">\n                <img loading=\"lazy\" decoding=\"async\" width=\"300\" height=\"200\" src=\"https:\/\/solutionscustom.ch\/wp-content\/uploads\/2023\/01\/Villa-in-the-Sky-2015-02-300x200.jpg\" class=\"attachment-medium size-medium\" alt=\"\" ids=\"9785,10016,9858,9704,9621,9577,9529,9564,9646\" columns=\"3\" depth=\"2\" image_height=\"100%\" srcset=\"https:\/\/solutionscustom.ch\/wp-content\/uploads\/2023\/01\/Villa-in-the-Sky-2015-02-300x200.jpg 300w, https:\/\/solutionscustom.ch\/wp-content\/uploads\/2023\/01\/Villa-in-the-Sky-2015-02-1024x683.jpg 1024w, https:\/\/solutionscustom.ch\/wp-content\/uploads\/2023\/01\/Villa-in-the-Sky-2015-02-768x512.jpg 768w, https:\/\/solutionscustom.ch\/wp-content\/uploads\/2023\/01\/Villa-in-the-Sky-2015-02-510x340.jpg 510w, https:\/\/solutionscustom.ch\/wp-content\/uploads\/2023\/01\/Villa-in-the-Sky-2015-02.jpg 1080w\" sizes=\"auto, (max-width: 300px) 100vw, 300px\" \/>                                  <div class=\"overlay fill\"\n                      style=\"background-color: rgba(0,0,0,.15)\">\n                  <\/div>\n                                                              <\/div>\n              <div class=\"box-text text-left\" >\n                 <p><\/p>\n              <\/div>\n            <\/div>\n            <\/a>          <\/div>\n         <\/div><\/div>\n\n\n\t\t<\/div>\n\t\t\t\t\t<\/div>\n\n\t\n\n<\/div>\n\n\t\t<\/div>\n\n\t\t\n<style>\n#section_868785091 {\n  padding-top: 60px;\n  padding-bottom: 60px;\n  background-color: rgb(255, 255, 255);\n}\n#section_868785091 .section-bg-overlay {\n  background-color: rgba(255, 255, 255, 0.85);\n}\n<\/style>\n\t<\/section>\n\t\n\n\t<section class=\"section\" id=\"section_2008440350\">\n\t\t<div class=\"section-bg fill\" >\n\t\t\t<img loading=\"lazy\" decoding=\"async\" width=\"1567\" height=\"671\" src=\"https:\/\/solutionscustom.ch\/wp-content\/uploads\/2023\/01\/HSBC_4-uai-1567x671-1.jpg\" class=\"bg attachment- size-\" alt=\"\" \/>\t\t\t\t\t\t\n\t\t\t\n\n\t\t<\/div>\n\n\t\t\n\n\t\t<div class=\"section-content relative\">\n\t\t\t\n\n\n\t\t<\/div>\n\n\t\t\n<style>\n#section_2008440350 {\n  padding-top: 30px;\n  padding-bottom: 30px;\n  min-height: 500px;\n}\n#section_2008440350 .section-bg img {\n  object-position: 47% 12%;\n}\n<\/style>\n\t<\/section>\n\t\n\n","protected":false},"excerpt":{"rendered":"","protected":false},"author":4,"featured_media":0,"parent":0,"menu_order":0,"comment_status":"closed","ping_status":"closed","template":"page-blank.php","meta":{"footnotes":""},"class_list":["post-11178","page","type-page","status-publish","hentry"],"_links":{"self":[{"href":"https:\/\/solutionscustom.ch\/de\/wp-json\/wp\/v2\/pages\/11178","targetHints":{"allow":["GET"]}}],"collection":[{"href":"https:\/\/solutionscustom.ch\/de\/wp-json\/wp\/v2\/pages"}],"about":[{"href":"https:\/\/solutionscustom.ch\/de\/wp-json\/wp\/v2\/types\/page"}],"author":[{"embeddable":true,"href":"https:\/\/solutionscustom.ch\/de\/wp-json\/wp\/v2\/users\/4"}],"replies":[{"embeddable":true,"href":"https:\/\/solutionscustom.ch\/de\/wp-json\/wp\/v2\/comments?post=11178"}],"version-history":[{"count":1,"href":"https:\/\/solutionscustom.ch\/de\/wp-json\/wp\/v2\/pages\/11178\/revisions"}],"predecessor-version":[{"id":11179,"href":"https:\/\/solutionscustom.ch\/de\/wp-json\/wp\/v2\/pages\/11178\/revisions\/11179"}],"wp:attachment":[{"href":"https:\/\/solutionscustom.ch\/de\/wp-json\/wp\/v2\/media?parent=11178"}],"curies":[{"name":"wp","href":"https:\/\/api.w.org\/{rel}","templated":true}]}}