{"id":11163,"date":"2023-01-31T15:42:13","date_gmt":"2023-01-31T14:42:13","guid":{"rendered":"https:\/\/prod.solutionscustom.ch\/container-pop-up-store\/"},"modified":"2024-03-13T20:54:26","modified_gmt":"2024-03-13T19:54:26","slug":"container-pop-up-store","status":"publish","type":"page","link":"https:\/\/solutionscustom.ch\/de\/kurzlebige-struktur\/container-pop-up-store\/","title":{"rendered":"Container \/ Pop-up Store"},"content":{"rendered":"\n  <div id=\"page-header-1912833908\" class=\"page-header-wrapper\">\n  <div class=\"page-title dark featured-title\">\n\n    \n    <div class=\"page-title-inner container align-center text-center flex-row-col medium-flex-wrap\" >\n              <div class=\"title-wrapper flex-col\">\n          <h1 class=\"entry-title mb-0\">\n            Container \/ Pop-up Store          <\/h1>\n        <\/div>\n                    <div class=\"title-content flex-col\">\n        <div class=\"title-breadcrumbs pb-half pt-half\"><\/div>      <\/div>\n    <\/div>\n\n       <\/div>\n    <\/div>\n  \n\n\n\t<section class=\"section\" id=\"section_1358136344\">\n\t\t<div class=\"section-bg fill\" >\n\t\t\t\t\t\t\t\t\t<div class=\"section-bg-overlay absolute fill\"><\/div>\n\t\t\t\n\n\t\t<\/div>\n\n\t\t\n\n\t\t<div class=\"section-content relative\">\n\t\t\t\n\n<div class=\"row row-large\"  id=\"row-1456034145\">\n\n\n\t<div id=\"col-381813303\" class=\"col medium-6 small-12 large-6\"  >\n\t\t\t\t<div class=\"col-inner text-left\"  >\n\t\t\t\n\t\t\t\n\n<h1 class=\"uppercase\">Container Pop-up-Store<\/h1>\n<hr width=\"50px\">\n<h4>Der Container oder Pop-up-Store, der einfach und schnell aufgestellt werden kann, formbar und austauschbar ist, entspricht denjenigen, die sich vergr\u00f6\u00dfern wollen und dabei immer noch die M\u00f6glichkeit haben, schnell zu wachsen, ohne die gesamte Einrichtung in Frage zu stellen&#8230;<\/h4>\n<p>Wir k\u00fcmmern uns um alles, einschlie\u00dflich der administrativen H\u00fcrden, Sie stellen nur die Weichen&#8230;<\/p>\n<p>An wen es sich richtet:<\/p>\n<ul>\n<li>Ein Unternehmen, das in der Welt der Verg\u00e4nglichkeit surfen m\u00f6chte, unabh\u00e4ngig von seiner Identit\u00e4t<\/li>\n<li>Bars und Logen in Containern, die leicht anzupassen sind, f\u00fcr Wanderzwecke (also modular)<\/li>\n<li>Roadshow einer Marke, um die \u00f6ffentliche Meinung zu testen<\/li>\n<li>Reine Verwaltungsb\u00fcros ohne die Verpflichtung, Fl\u00e4chen zu mieten und so seine Abschreibungen zu verringern.<\/li>\n<li>Ein vereinfachtes Bed and Breakfast f\u00fcr Restaurants, die das moralische Bed\u00fcrfnis haben, ihren G\u00e4sten die M\u00f6glichkeit zu bieten, auf dem Gel\u00e4nde zu \u00fcbernachten, ohne wirklich zus\u00e4tzlichen Platz zu ben\u00f6tigen.<\/li>\n<li>Hausverwaltungen, die eine nicht genutzte Fl\u00e4che zur Verf\u00fcgung stellen wollen<\/li>\n<li>Ein Gesch\u00e4ft, das seine Kollektionen oder seine Kundschaft mit den Jahreszeiten wechselt (Pizzeria, Haute Couture usw.).<\/li>\n<\/ul>\n\n\t\t<\/div>\n\t\t\t\t\t<\/div>\n\n\t\n\n\t<div id=\"col-1552811902\" class=\"col medium-6 small-12 large-6\"  >\n\t\t\t\t<div class=\"col-inner\"  >\n\t\t\t\n\t\t\t\n\n\t<div class=\"img has-hover x md-x lg-x y md-y lg-y\" id=\"image_1102979161\">\n\t\t\t\t\t\t\t\t<div class=\"img-inner image-cover box-shadow-2 dark\" style=\"padding-top:100%;\">\n\t\t\t<img loading=\"lazy\" decoding=\"async\" width=\"733\" height=\"1024\" src=\"https:\/\/solutionscustom.ch\/wp-content\/uploads\/2023\/01\/ozenit_0-733x1024.jpg\" class=\"attachment-large size-large\" alt=\"\" srcset=\"https:\/\/solutionscustom.ch\/wp-content\/uploads\/2023\/01\/ozenit_0-733x1024.jpg 733w, https:\/\/solutionscustom.ch\/wp-content\/uploads\/2023\/01\/ozenit_0-215x300.jpg 215w, https:\/\/solutionscustom.ch\/wp-content\/uploads\/2023\/01\/ozenit_0-768x1073.jpg 768w, https:\/\/solutionscustom.ch\/wp-content\/uploads\/2023\/01\/ozenit_0-510x713.jpg 510w, https:\/\/solutionscustom.ch\/wp-content\/uploads\/2023\/01\/ozenit_0.jpg 885w\" sizes=\"auto, (max-width: 733px) 100vw, 733px\" \/>\t\t\t\t\t\t\n\t\t\t\t\t<\/div>\n\t\t\t\t\t\t\t\t\n<style>\n#image_1102979161 {\n  width: 100%;\n}\n<\/style>\n\t<\/div>\n\t\n\n\t<div id=\"gap-1290226046\" class=\"gap-element clearfix\" style=\"display:block; height:auto;\">\n\t\t\n<style>\n#gap-1290226046 {\n  padding-top: 30px;\n}\n<\/style>\n\t<\/div>\n\t\n\n<a href=\"https:\/\/solutionscustom.ch\/contact\/\" class=\"button alert is-bevel is-small\"  style=\"border-radius:99px;\">\n\t\t<span>Kontaktieren Sie uns f\u00fcr ein individuelles Angebot.<\/span>\n\t<\/a>\n\n\n\n\t\t<\/div>\n\t\t\t\t\t<\/div>\n\n\t\n\n<\/div>\n<div id=\"portfolio-1898176037\" class=\"portfolio-element-wrapper has-filtering\">\n  \n    <div class=\"row large-columns-4 medium-columns-3 small-columns-2 row-small slider row-slider slider-nav-reveal\"  data-flickity-options='{&quot;imagesLoaded&quot;: true, &quot;groupCells&quot;: &quot;100%&quot;, &quot;dragThreshold&quot; : 5, &quot;cellAlign&quot;: &quot;left&quot;,&quot;wrapAround&quot;: true,&quot;prevNextButtons&quot;: true,&quot;percentPosition&quot;: true,&quot;pageDots&quot;: false, &quot;rightToLeft&quot;: false, &quot;autoPlay&quot; : false}' >\n\n    <div class=\"col\" data-terms=\"[&quot;Container Pop-up-Store&quot;]\" >\n          <div class=\"col-inner\" >\n          <a href=\"https:\/\/solutionscustom.ch\/de\/featured_item\/ozenit\/\" class=\"plain \">\n          <div class=\"portfolio-box box has-hover box-shade dark\">\n            <div class=\"box-image\" >\n                <div class=\"image-zoom image-grayscale image-cover\" style=\"padding-top:100%;\">\n                <img loading=\"lazy\" decoding=\"async\" width=\"300\" height=\"300\" src=\"https:\/\/solutionscustom.ch\/wp-content\/uploads\/2023\/01\/ozenit_intro-uai-516x516-1-300x300.jpg\" class=\"attachment-medium size-medium\" alt=\"\" srcset=\"https:\/\/solutionscustom.ch\/wp-content\/uploads\/2023\/01\/ozenit_intro-uai-516x516-1-300x300.jpg 300w, https:\/\/solutionscustom.ch\/wp-content\/uploads\/2023\/01\/ozenit_intro-uai-516x516-1-150x150.jpg 150w, https:\/\/solutionscustom.ch\/wp-content\/uploads\/2023\/01\/ozenit_intro-uai-516x516-1-510x510.jpg 510w, https:\/\/solutionscustom.ch\/wp-content\/uploads\/2023\/01\/ozenit_intro-uai-516x516-1-100x100.jpg 100w, https:\/\/solutionscustom.ch\/wp-content\/uploads\/2023\/01\/ozenit_intro-uai-516x516-1-50x50.jpg 50w, https:\/\/solutionscustom.ch\/wp-content\/uploads\/2023\/01\/ozenit_intro-uai-516x516-1.jpg 516w\" sizes=\"auto, (max-width: 300px) 100vw, 300px\" \/>                                <div class=\"shade\"><\/div>                <\/div>\n            <\/div>\n            <div class=\"box-text text-center\" >\n                  <div class=\"box-text-inner\">\n                      <h6 class=\"uppercase portfolio-box-title\">OZENIT<\/h6>\n                      <p class=\"uppercase portfolio-box-category is-xsmall op-6\">\n                        <span class=\"show-on-hover\">\n                         Container Pop-up-Store                        <\/span>\n                      <\/p>\n                  <\/div>\n            <\/div>\n           <\/div>\n           <\/a>\n           <\/div>\n           <\/div><div class=\"col\" data-terms=\"[&quot;Container Pop-up-Store&quot;]\" >\n          <div class=\"col-inner\" >\n          <a href=\"https:\/\/solutionscustom.ch\/de\/featured_item\/natuerliches-gas\/\" class=\"plain \">\n          <div class=\"portfolio-box box has-hover box-shade dark\">\n            <div class=\"box-image\" >\n                <div class=\"image-zoom image-grayscale image-cover\" style=\"padding-top:100%;\">\n                <img loading=\"lazy\" decoding=\"async\" width=\"300\" height=\"300\" src=\"https:\/\/solutionscustom.ch\/wp-content\/uploads\/2023\/01\/Gaz_naturel_2-uai-516x516-1-300x300.jpg\" class=\"attachment-medium size-medium\" alt=\"\" srcset=\"https:\/\/solutionscustom.ch\/wp-content\/uploads\/2023\/01\/Gaz_naturel_2-uai-516x516-1-300x300.jpg 300w, https:\/\/solutionscustom.ch\/wp-content\/uploads\/2023\/01\/Gaz_naturel_2-uai-516x516-1-150x150.jpg 150w, https:\/\/solutionscustom.ch\/wp-content\/uploads\/2023\/01\/Gaz_naturel_2-uai-516x516-1-510x510.jpg 510w, https:\/\/solutionscustom.ch\/wp-content\/uploads\/2023\/01\/Gaz_naturel_2-uai-516x516-1-100x100.jpg 100w, https:\/\/solutionscustom.ch\/wp-content\/uploads\/2023\/01\/Gaz_naturel_2-uai-516x516-1-50x50.jpg 50w, https:\/\/solutionscustom.ch\/wp-content\/uploads\/2023\/01\/Gaz_naturel_2-uai-516x516-1.jpg 516w\" sizes=\"auto, (max-width: 300px) 100vw, 300px\" \/>                                <div class=\"shade\"><\/div>                <\/div>\n            <\/div>\n            <div class=\"box-text text-center\" >\n                  <div class=\"box-text-inner\">\n                      <h6 class=\"uppercase portfolio-box-title\">Nat\u00fcrliches Gas<\/h6>\n                      <p class=\"uppercase portfolio-box-category is-xsmall op-6\">\n                        <span class=\"show-on-hover\">\n                         Container Pop-up-Store                        <\/span>\n                      <\/p>\n                  <\/div>\n            <\/div>\n           <\/div>\n           <\/a>\n           <\/div>\n           <\/div><div class=\"col\" data-terms=\"[&quot;Container Pop-up-Store&quot;]\" >\n          <div class=\"col-inner\" >\n          <a href=\"https:\/\/solutionscustom.ch\/de\/featured_item\/m-a-d-gallery\/\" class=\"plain \">\n          <div class=\"portfolio-box box has-hover box-shade dark\">\n            <div class=\"box-image\" >\n                <div class=\"image-zoom image-grayscale image-cover\" style=\"padding-top:100%;\">\n                <img loading=\"lazy\" decoding=\"async\" width=\"300\" height=\"300\" src=\"https:\/\/solutionscustom.ch\/wp-content\/uploads\/2023\/01\/MAD_Gallery_intro-uai-516x516-1-300x300.jpg\" class=\"attachment-medium size-medium\" alt=\"\" srcset=\"https:\/\/solutionscustom.ch\/wp-content\/uploads\/2023\/01\/MAD_Gallery_intro-uai-516x516-1-300x300.jpg 300w, https:\/\/solutionscustom.ch\/wp-content\/uploads\/2023\/01\/MAD_Gallery_intro-uai-516x516-1-150x150.jpg 150w, https:\/\/solutionscustom.ch\/wp-content\/uploads\/2023\/01\/MAD_Gallery_intro-uai-516x516-1-510x510.jpg 510w, https:\/\/solutionscustom.ch\/wp-content\/uploads\/2023\/01\/MAD_Gallery_intro-uai-516x516-1-100x100.jpg 100w, https:\/\/solutionscustom.ch\/wp-content\/uploads\/2023\/01\/MAD_Gallery_intro-uai-516x516-1-50x50.jpg 50w, https:\/\/solutionscustom.ch\/wp-content\/uploads\/2023\/01\/MAD_Gallery_intro-uai-516x516-1.jpg 516w\" sizes=\"auto, (max-width: 300px) 100vw, 300px\" \/>                                <div class=\"shade\"><\/div>                <\/div>\n            <\/div>\n            <div class=\"box-text text-center\" >\n                  <div class=\"box-text-inner\">\n                      <h6 class=\"uppercase portfolio-box-title\">M.A.D Gallery<\/h6>\n                      <p class=\"uppercase portfolio-box-category is-xsmall op-6\">\n                        <span class=\"show-on-hover\">\n                         Container Pop-up-Store                        <\/span>\n                      <\/p>\n                  <\/div>\n            <\/div>\n           <\/div>\n           <\/a>\n           <\/div>\n           <\/div><div class=\"col\" data-terms=\"[&quot;Container Pop-up-Store&quot;]\" >\n          <div class=\"col-inner\" >\n          <a href=\"https:\/\/solutionscustom.ch\/de\/featured_item\/lucky-strike\/\" class=\"plain \">\n          <div class=\"portfolio-box box has-hover box-shade dark\">\n            <div class=\"box-image\" >\n                <div class=\"image-zoom image-grayscale image-cover\" style=\"padding-top:100%;\">\n                <img loading=\"lazy\" decoding=\"async\" width=\"300\" height=\"300\" src=\"https:\/\/solutionscustom.ch\/wp-content\/uploads\/2023\/01\/Lounge_Lucky_1-uai-516x516-1-300x300.jpg\" class=\"attachment-medium size-medium\" alt=\"\" srcset=\"https:\/\/solutionscustom.ch\/wp-content\/uploads\/2023\/01\/Lounge_Lucky_1-uai-516x516-1-300x300.jpg 300w, https:\/\/solutionscustom.ch\/wp-content\/uploads\/2023\/01\/Lounge_Lucky_1-uai-516x516-1-150x150.jpg 150w, https:\/\/solutionscustom.ch\/wp-content\/uploads\/2023\/01\/Lounge_Lucky_1-uai-516x516-1-510x510.jpg 510w, https:\/\/solutionscustom.ch\/wp-content\/uploads\/2023\/01\/Lounge_Lucky_1-uai-516x516-1-100x100.jpg 100w, https:\/\/solutionscustom.ch\/wp-content\/uploads\/2023\/01\/Lounge_Lucky_1-uai-516x516-1-50x50.jpg 50w, https:\/\/solutionscustom.ch\/wp-content\/uploads\/2023\/01\/Lounge_Lucky_1-uai-516x516-1.jpg 516w\" sizes=\"auto, (max-width: 300px) 100vw, 300px\" \/>                                <div class=\"shade\"><\/div>                <\/div>\n            <\/div>\n            <div class=\"box-text text-center\" >\n                  <div class=\"box-text-inner\">\n                      <h6 class=\"uppercase portfolio-box-title\">Lucky Strike<\/h6>\n                      <p class=\"uppercase portfolio-box-category is-xsmall op-6\">\n                        <span class=\"show-on-hover\">\n                         Container Pop-up-Store                        <\/span>\n                      <\/p>\n                  <\/div>\n            <\/div>\n           <\/div>\n           <\/a>\n           <\/div>\n           <\/div><\/div><\/div>\n\n\n\t\t<\/div>\n\n\t\t\n<style>\n#section_1358136344 {\n  padding-top: 60px;\n  padding-bottom: 60px;\n  background-color: rgb(255, 255, 255);\n}\n#section_1358136344 .section-bg-overlay {\n  background-color: rgba(255, 255, 255, 0.85);\n}\n<\/style>\n\t<\/section>\n\t\n\n","protected":false},"excerpt":{"rendered":"","protected":false},"author":4,"featured_media":0,"parent":11199,"menu_order":0,"comment_status":"closed","ping_status":"closed","template":"page-blank.php","meta":{"footnotes":""},"class_list":["post-11163","page","type-page","status-publish","hentry"],"_links":{"self":[{"href":"https:\/\/solutionscustom.ch\/de\/wp-json\/wp\/v2\/pages\/11163","targetHints":{"allow":["GET"]}}],"collection":[{"href":"https:\/\/solutionscustom.ch\/de\/wp-json\/wp\/v2\/pages"}],"about":[{"href":"https:\/\/solutionscustom.ch\/de\/wp-json\/wp\/v2\/types\/page"}],"author":[{"embeddable":true,"href":"https:\/\/solutionscustom.ch\/de\/wp-json\/wp\/v2\/users\/4"}],"replies":[{"embeddable":true,"href":"https:\/\/solutionscustom.ch\/de\/wp-json\/wp\/v2\/comments?post=11163"}],"version-history":[{"count":2,"href":"https:\/\/solutionscustom.ch\/de\/wp-json\/wp\/v2\/pages\/11163\/revisions"}],"predecessor-version":[{"id":12372,"href":"https:\/\/solutionscustom.ch\/de\/wp-json\/wp\/v2\/pages\/11163\/revisions\/12372"}],"up":[{"embeddable":true,"href":"https:\/\/solutionscustom.ch\/de\/wp-json\/wp\/v2\/pages\/11199"}],"wp:attachment":[{"href":"https:\/\/solutionscustom.ch\/de\/wp-json\/wp\/v2\/media?parent=11163"}],"curies":[{"name":"wp","href":"https:\/\/api.w.org\/{rel}","templated":true}]}}