{"id":10680,"date":"2023-01-30T08:41:03","date_gmt":"2023-01-30T07:41:03","guid":{"rendered":"https:\/\/prod.solutionscustom.ch\/startseite\/"},"modified":"2024-03-14T00:39:04","modified_gmt":"2024-03-13T23:39:04","slug":"startseite","status":"publish","type":"page","link":"https:\/\/solutionscustom.ch\/de\/","title":{"rendered":"Startseite"},"content":{"rendered":"\n\n\t<section class=\"section\" id=\"section_40341813\">\n\t\t<div class=\"section-bg fill\" >\n\t\t\t\t\t\t\t\t\t\n\t\t\t\n\n\t\t<\/div>\n\n\t\t\n\n\t\t<div class=\"section-content relative\">\n\t\t\t\n\n\n  <div class=\"banner has-hover\" id=\"banner-782355193\">\n          <div class=\"banner-inner fill\">\n        <div class=\"banner-bg fill\" >\n                                                \n                    <\/div>\n\t\t\n        <div class=\"banner-layers container\">\n            <div class=\"fill banner-link\"><\/div>            \n\n   <div id=\"text-box-885133257\" class=\"text-box banner-layer x50 md-x50 lg-x50 y50 md-y50 lg-y50 res-text\">\n                                <div class=\"text-box-content text dark\">\n              \n              <div class=\"text-inner text-center\">\n                  \n\n\t<div id=\"text-1217335182\" class=\"text\">\n\t\t\n\n<h1 style=\"text-align: center;\">Unsere Mission<\/h1>\n\t\t\n<style>\n#text-1217335182 {\n  font-size: 0.75rem;\n  color: rgb(0,0,0);\n}\n#text-1217335182 > * {\n  color: rgb(0,0,0);\n}\n<\/style>\n\t<\/div>\n\t\n\t<div id=\"text-558839210\" class=\"text\">\n\t\t\n\n<p>Durch die Qualit\u00e4t unserer menschlichen Beziehungen und den Ideenaustausch mit unseren Kunden kann sich unsere Kreativit\u00e4t entfalten und wir k\u00f6nnen Ihnen einen individuellen und einzigartigen Service bieten.<\/p>\n\t\t\n<style>\n#text-558839210 {\n  font-size: 1.3rem;\n  text-align: center;\n  color: rgb(0,0,0);\n}\n#text-558839210 > * {\n  color: rgb(0,0,0);\n}\n<\/style>\n\t<\/div>\n\t\n\n              <\/div>\n           <\/div>\n                            \n<style>\n#text-box-885133257 {\n  width: 88%;\n}\n#text-box-885133257 .text-box-content {\n  font-size: 100%;\n}\n<\/style>\n    <\/div>\n \n\n        <\/div>\n      <\/div>\n\n            \n<style>\n#banner-782355193 {\n  padding-top: 300px;\n  background-color: rgb(230, 230, 230);\n}\n<\/style>\n  <\/div>\n\n\n\n\t\t<\/div>\n\n\t\t\n<style>\n#section_40341813 {\n  padding-top: 30px;\n  padding-bottom: 30px;\n}\n<\/style>\n\t<\/section>\n\t\n<div class=\"slider-wrapper relative\" id=\"slider-1714217397\" >\n    <div class=\"slider slider-nav-circle slider-nav-large slider-nav-light slider-style-normal slider-show-nav\"\n        data-flickity-options='{\n            \"cellAlign\": \"center\",\n            \"imagesLoaded\": true,\n            \"lazyLoad\": 1,\n            \"freeScroll\": false,\n            \"wrapAround\": true,\n            \"autoPlay\": 3000,\n            \"pauseAutoPlayOnHover\" : true,\n            \"prevNextButtons\": true,\n            \"contain\" : true,\n            \"adaptiveHeight\" : true,\n            \"dragThreshold\" : 10,\n            \"percentPosition\": true,\n            \"pageDots\": true,\n            \"rightToLeft\": false,\n            \"draggable\": true,\n            \"selectedAttraction\": 0.1,\n            \"parallax\" : 0,\n            \"friction\": 0.6        }'\n        >\n        \n\n\n  <div class=\"banner has-hover\" id=\"banner-858672813\">\n          <div class=\"banner-inner fill\">\n        <div class=\"banner-bg fill\" >\n            <img loading=\"lazy\" decoding=\"async\" width=\"2560\" height=\"1704\" src=\"https:\/\/solutionscustom.ch\/wp-content\/uploads\/2023\/01\/Eurotel_Noel_2018-_011-uai-2880x1917-1-scaled.jpg\" class=\"bg attachment-original size-original\" alt=\"\" \/>                        <div class=\"overlay\"><\/div>            \n                    <\/div>\n\t\t\n        <div class=\"banner-layers container\">\n            <div class=\"fill banner-link\"><\/div>            \n\n   <div id=\"text-box-146939529\" class=\"text-box banner-layer x50 md-x50 lg-x50 y50 md-y50 lg-y50 res-text\">\n                                <div class=\"text-box-content text dark\">\n              \n              <div class=\"text-inner text-center\">\n                  \n\n<h2 class=\"uppercase\">TUBE<\/h2>\n\n              <\/div>\n           <\/div>\n                            \n<style>\n#text-box-146939529 {\n  width: 60%;\n}\n#text-box-146939529 .text-box-content {\n  font-size: 100%;\n}\n@media (min-width:550px) {\n  #text-box-146939529 {\n    width: 44%;\n  }\n}\n<\/style>\n    <\/div>\n \n\n        <\/div>\n      <\/div>\n\n            \n<style>\n#banner-858672813 {\n  padding-top: 380px;\n}\n#banner-858672813 .overlay {\n  background-color: rgba(0, 0, 0, 0.285);\n}\n#banner-858672813 .banner-bg img {\n  object-position: 49% 28%;\n}\n<\/style>\n  <\/div>\n\n\n\n  <div class=\"banner has-hover has-slide-effect slide-zoom-in-fast\" id=\"banner-1150064786\">\n          <div class=\"banner-inner fill\">\n        <div class=\"banner-bg fill\" >\n            <img loading=\"lazy\" decoding=\"async\" width=\"1613\" height=\"720\" src=\"https:\/\/solutionscustom.ch\/wp-content\/uploads\/2023\/01\/Villa-in-the-Sky-2015-01.jpg\" class=\"bg attachment-original size-original\" alt=\"\" \/>                                    \n                    <\/div>\n\t\t\n        <div class=\"banner-layers container\">\n            <div class=\"fill banner-link\"><\/div>            \n\n   <div id=\"text-box-863372761\" class=\"text-box banner-layer x50 md-x50 lg-x50 y50 md-y50 lg-y50 res-text\">\n                                <div class=\"text-box-content text dark\">\n              \n              <div class=\"text-inner text-center\">\n                  \n\n<h2 class=\"uppercase\">BOX<\/h2>\n\n              <\/div>\n           <\/div>\n                            \n<style>\n#text-box-863372761 {\n  width: 60%;\n}\n#text-box-863372761 .text-box-content {\n  font-size: 100%;\n}\n@media (min-width:550px) {\n  #text-box-863372761 {\n    width: 44%;\n  }\n}\n<\/style>\n    <\/div>\n \n\n        <\/div>\n      <\/div>\n\n            \n<style>\n#banner-1150064786 {\n  padding-top: 380px;\n}\n#banner-1150064786 .banner-bg img {\n  object-position: 49% 60%;\n}\n<\/style>\n  <\/div>\n\n\n\n  <div class=\"banner has-hover has-slide-effect slide-zoom-in-fast\" id=\"banner-9761196\">\n          <div class=\"banner-inner fill\">\n        <div class=\"banner-bg fill\" >\n            <img loading=\"lazy\" decoding=\"async\" width=\"2135\" height=\"1117\" src=\"https:\/\/solutionscustom.ch\/wp-content\/uploads\/2023\/01\/ozenit_1.jpg\" class=\"bg attachment-original size-original\" alt=\"\" \/>                                    \n                    <\/div>\n\t\t\n        <div class=\"banner-layers container\">\n            <div class=\"fill banner-link\"><\/div>            \n\n   <div id=\"text-box-1443898687\" class=\"text-box banner-layer x50 md-x50 lg-x50 y50 md-y50 lg-y50 res-text\">\n                                <div class=\"text-box-content text dark\">\n              \n              <div class=\"text-inner text-center\">\n                  \n\n<h2 class=\"uppercase\">CONTAINER POPUP-STORE<\/h2>\n\n              <\/div>\n           <\/div>\n                            \n<style>\n#text-box-1443898687 {\n  width: 60%;\n}\n#text-box-1443898687 .text-box-content {\n  font-size: 100%;\n}\n@media (min-width:550px) {\n  #text-box-1443898687 {\n    width: 44%;\n  }\n}\n<\/style>\n    <\/div>\n \n\n        <\/div>\n      <\/div>\n\n            \n<style>\n#banner-9761196 {\n  padding-top: 380px;\n}\n#banner-9761196 .banner-bg img {\n  object-position: 49% 60%;\n}\n<\/style>\n  <\/div>\n\n\n\n  <div class=\"banner has-hover has-slide-effect slide-zoom-in-fast\" id=\"banner-425412462\">\n          <div class=\"banner-inner fill\">\n        <div class=\"banner-bg fill\" >\n            <img loading=\"lazy\" decoding=\"async\" width=\"2064\" height=\"1548\" src=\"https:\/\/solutionscustom.ch\/wp-content\/uploads\/2023\/01\/agencement-dinterieur.jpg\" class=\"bg attachment-original size-original\" alt=\"\" \/>                                    \n                    <\/div>\n\t\t\n        <div class=\"banner-layers container\">\n            <div class=\"fill banner-link\"><\/div>            \n\n   <div id=\"text-box-1341036017\" class=\"text-box banner-layer x50 md-x50 lg-x50 y50 md-y50 lg-y50 res-text\">\n                                <div class=\"text-box-content text dark\">\n              \n              <div class=\"text-inner text-center\">\n                  \n\n<h2 class=\"uppercase\">AGENCEMENT ARCHITECTURE D&#8217;INTERIEUR<\/h2>\n\n              <\/div>\n           <\/div>\n                            \n<style>\n#text-box-1341036017 {\n  width: 60%;\n}\n#text-box-1341036017 .text-box-content {\n  font-size: 100%;\n}\n@media (min-width:550px) {\n  #text-box-1341036017 {\n    width: 44%;\n  }\n}\n<\/style>\n    <\/div>\n \n\n        <\/div>\n      <\/div>\n\n            \n<style>\n#banner-425412462 {\n  padding-top: 380px;\n}\n#banner-425412462 .banner-bg img {\n  object-position: 52% 52%;\n}\n<\/style>\n  <\/div>\n\n\n\n  <div class=\"banner has-hover has-slide-effect slide-zoom-in-fast\" id=\"banner-317456307\">\n          <div class=\"banner-inner fill\">\n        <div class=\"banner-bg fill\" >\n            <img loading=\"lazy\" decoding=\"async\" width=\"2064\" height=\"1601\" src=\"https:\/\/solutionscustom.ch\/wp-content\/uploads\/2023\/01\/stand_intro_-uai-2064x1601-1.jpg\" class=\"bg attachment-original size-original\" alt=\"\" \/>                                    \n                    <\/div>\n\t\t\n        <div class=\"banner-layers container\">\n            <div class=\"fill banner-link\"><\/div>            \n\n   <div id=\"text-box-164429797\" class=\"text-box banner-layer x50 md-x50 lg-x50 y50 md-y50 lg-y50 res-text\">\n                                <div class=\"text-box-content text dark\">\n              \n              <div class=\"text-inner text-center\">\n                  \n\n<h2 class=\"uppercase\">STAND D&#8217;EXPOSTION<\/h2>\n\n              <\/div>\n           <\/div>\n                            \n<style>\n#text-box-164429797 {\n  width: 60%;\n}\n#text-box-164429797 .text-box-content {\n  font-size: 100%;\n}\n@media (min-width:550px) {\n  #text-box-164429797 {\n    width: 44%;\n  }\n}\n<\/style>\n    <\/div>\n \n\n        <\/div>\n      <\/div>\n\n            \n<style>\n#banner-317456307 {\n  padding-top: 380px;\n}\n#banner-317456307 .banner-bg img {\n  object-position: 52% 52%;\n}\n<\/style>\n  <\/div>\n\n\n\n  <div class=\"banner has-hover has-slide-effect slide-zoom-in-fast\" id=\"banner-871117178\">\n          <div class=\"banner-inner fill\">\n        <div class=\"banner-bg fill\" >\n            <img loading=\"lazy\" decoding=\"async\" width=\"1900\" height=\"780\" src=\"https:\/\/solutionscustom.ch\/wp-content\/uploads\/2023\/01\/meubles.jpg\" class=\"bg attachment-original size-original\" alt=\"\" \/>                                    \n                    <\/div>\n\t\t\n        <div class=\"banner-layers container\">\n            <div class=\"fill banner-link\"><\/div>            \n\n   <div id=\"text-box-1992371804\" class=\"text-box banner-layer x50 md-x50 lg-x50 y50 md-y50 lg-y50 res-text\">\n                                <div class=\"text-box-content text dark\">\n              \n              <div class=\"text-inner text-center\">\n                  \n\n<h2 class=\"uppercase\">Mobilier<\/h2>\n\n              <\/div>\n           <\/div>\n                            \n<style>\n#text-box-1992371804 {\n  width: 60%;\n}\n#text-box-1992371804 .text-box-content {\n  font-size: 100%;\n}\n@media (min-width:550px) {\n  #text-box-1992371804 {\n    width: 44%;\n  }\n}\n<\/style>\n    <\/div>\n \n\n        <\/div>\n      <\/div>\n\n            \n<style>\n#banner-871117178 {\n  padding-top: 380px;\n}\n#banner-871117178 .banner-bg img {\n  object-position: 52% 52%;\n}\n<\/style>\n  <\/div>\n\n\n\n     <\/div>\n\n     <div class=\"loading-spin dark large centered\"><\/div>\n\n\t<\/div>\n\n\n<div class=\"row\"  id=\"row-735196066\">\n\n\n\t<div id=\"col-1163270181\" class=\"col medium-4 small-12 large-4\"  >\n\t\t\t\t<div class=\"col-inner text-center\"  >\n\t\t\t\n\t\t\t\n\n\t<div id=\"text-3645552797\" class=\"text\">\n\t\t\n\n<h2>Innenarchitektur<\/h2>\n<p>M\u00f6chten Sie eine ma\u00dfgeschneiderte Welt erschaffen, in der Verstand und Fantasie verschmelzen?<\/p>\n\t\t\n<style>\n#text-3645552797 {\n  text-align: center;\n}\n<\/style>\n\t<\/div>\n\t\n<a href=\"https:\/\/solutionscustom.ch\/de\/inneneinrichtung-architektur\/\" class=\"button alert lowercase\"  style=\"border-radius:10px;\">\n\t\t<span>Mehr erfahren<\/span>\n\t<\/a>\n\n\n\n\t\t<\/div>\n\t\t\t\t\t<\/div>\n\n\t\n\n\t<div id=\"col-863825891\" class=\"col medium-4 small-12 large-4\"  >\n\t\t\t\t<div class=\"col-inner text-center\"  >\n\t\t\t\n\t\t\t\n\n\t<div id=\"text-2076993991\" class=\"text\">\n\t\t\n\n<h2>Gestaltung von Veranstaltungen<\/h2>\n<p>M\u00f6chten Sie eine Geschichte erz\u00e4hlen, indem Sie Ihre Kunden in einem Raum empfangen, der Ihrer Identit\u00e4t entspricht?<\/p>\n\t\t\n<style>\n#text-2076993991 {\n  text-align: center;\n}\n<\/style>\n\t<\/div>\n\t\n<a href=\"https:\/\/solutionscustom.ch\/de\/einrichtungen-fuer-veranstaltungen\/\" class=\"button alert lowercase\"  style=\"border-radius:10px;\">\n\t\t<span>Mehr erfahren<\/span>\n\t<\/a>\n\n\n\n\t\t<\/div>\n\t\t\t\t\t<\/div>\n\n\t\n\n\t<div id=\"col-667407041\" class=\"col medium-4 small-12 large-4\"  >\n\t\t\t\t<div class=\"col-inner text-center\"  >\n\t\t\t\n\t\t\t\n\n\t<div id=\"text-1108590557\" class=\"text\">\n\t\t\n\n<h2>Ephemere Strukturen<\/h2>\n<p>Sie m\u00f6chten Ihr Publikum \u00fcberraschen und Emotionen wecken, indem Sie sich mit einem einzigartigen und ma\u00dfgeschneiderten Eventmarketing von Ihren Mitbewerbern abheben?<\/p>\n\t\t\n<style>\n#text-1108590557 {\n  text-align: center;\n}\n<\/style>\n\t<\/div>\n\t\n<a href=\"https:\/\/solutionscustom.ch\/de\/kurzlebige-struktur\/\" class=\"button alert lowercase\"  style=\"border-radius:10px;\">\n\t\t<span>Mehr erfahren<\/span>\n\t<\/a>\n\n\n\n\t\t<\/div>\n\t\t\t\t\t<\/div>\n\n\t\n\n<\/div>\n\n\t<section class=\"section\" id=\"section_1438336129\">\n\t\t<div class=\"section-bg fill\" >\n\t\t\t<img loading=\"lazy\" decoding=\"async\" width=\"2064\" height=\"758\" src=\"https:\/\/solutionscustom.ch\/wp-content\/uploads\/2023\/01\/Solutions_mots_cles-1-uai-2064x758-1.jpg\" class=\"bg attachment- size-\" alt=\"\" \/>\t\t\t\t\t\t\n\t\t\t\n\n\t\t<\/div>\n\n\t\t\n\n\t\t<div class=\"section-content relative\">\n\t\t\t\n\n<div class=\"row\"  id=\"row-1517420316\">\n\n\n\t<div id=\"col-636743652\" class=\"col small-12 large-12\"  >\n\t\t\t\t<div class=\"col-inner\"  >\n\t\t\t\n\t\t\t\n\n<p><img loading=\"lazy\" decoding=\"async\" class=\"size-full wp-image-9093 aligncenter\" src=\"https:\/\/solutionscustom.ch\/wp-content\/uploads\/2023\/01\/Solutions_icone_120_couleur.png\" alt=\"\" width=\"120\" height=\"120\" srcset=\"https:\/\/solutionscustom.ch\/wp-content\/uploads\/2023\/01\/Solutions_icone_120_couleur.png 120w, https:\/\/solutionscustom.ch\/wp-content\/uploads\/2023\/01\/Solutions_icone_120_couleur-100x100.png 100w, https:\/\/solutionscustom.ch\/wp-content\/uploads\/2023\/01\/Solutions_icone_120_couleur-50x50.png 50w\" sizes=\"auto, (max-width: 120px) 100vw, 120px\" \/><\/p>\n<h1 style=\"text-align: center;\"><span style=\"font-size: 150%; color: #000000;\">Die Werte, die wir gerne teilen<\/span><\/h1>\n<h1 style=\"text-align: center;\"><span style=\"font-size: 150%; color: #000000;\">Kreativit\u00e4t \u2219 Respekt \u2219 Qualit\u00e4t<\/span><\/h1>\n\n\t\t<\/div>\n\t\t\t\t\t<\/div>\n\n\t\n\n<\/div>\n\n\t\t<\/div>\n\n\t\t\n<style>\n#section_1438336129 {\n  padding-top: 30px;\n  padding-bottom: 30px;\n}\n<\/style>\n\t<\/section>\n\t\n<div class=\"message-box relative dark\" style=\"padding-top:36px;padding-bottom:36px;\"><div class=\"message-box-bg-image bg-fill fill\" ><\/div><div class=\"message-box-bg-overlay bg-fill fill\" style=\"background-color:rgb(74, 74, 74);\"><\/div><div class=\"container relative\"><div class=\"inner last-reset\">\n\n<div class=\"row\"  id=\"row-1926214657\">\n\n\n\t<div id=\"col-585420492\" class=\"col medium-7 small-12 large-7\"  >\n\t\t\t\t<div class=\"col-inner\"  >\n\t\t\t\n\t\t\t\n\n<h2 class=\"uppercase\">Z\u00d6GERN SIE NICHT, UNS ZU KONTAKTIEREN<\/h2>\n<p>Wir stehen Ihnen gerne mit Rat und Tat zur Seite und beantworten alle Ihre Fragen oder kontaktieren einen unserer H\u00e4ndler.<\/p>\n\t<div id=\"gap-1102639997\" class=\"gap-element clearfix\" style=\"display:block; height:auto;\">\n\t\t\n<style>\n#gap-1102639997 {\n  padding-top: 30px;\n}\n<\/style>\n\t<\/div>\n\t\n\n<a data-animate=\"flipInY\" class=\"button white is-outline is-xsmall\"  >\n\t\t<span>Kontaktieren Sie uns<\/span>\n\t<\/a>\n\n\n\n\t\t<\/div>\n\t\t\t\t\t<\/div>\n\n\t\n\n\t<div id=\"col-1924417917\" class=\"col medium-5 small-12 large-5\"  >\n\t\t\t\t<div class=\"col-inner text-right\"  >\n\t\t\t\n\t\t\t\n\n<p><span class=\"widget-title\">KONTAKT<\/span><\/p>\n<div class=\"textwidget\">\n<p>Custom Made Solutions S\u00e0rl<br>Rue de Combremont 4 - 1908 Riddes<br>T +41 79 226 76 31<br><a href=\"mailto:info@solutions.best\" target=\"_blank\" rel=\"noopener noreferrer\">info@solutions.best<\/a><\/p>\n<\/div>\n\t<div id=\"gap-320795473\" class=\"gap-element clearfix\" style=\"display:block; height:auto;\">\n\t\t\n<style>\n#gap-320795473 {\n  padding-top: 10px;\n}\n<\/style>\n\t<\/div>\n\t\n\n\n\t\t<\/div>\n\t\t\t\t\t<\/div>\n\n\t\n\n<\/div>\n\n<\/div><\/div><\/div>\n\n\n","protected":false},"excerpt":{"rendered":"","protected":false},"author":4,"featured_media":0,"parent":0,"menu_order":0,"comment_status":"closed","ping_status":"closed","template":"page-blank.php","meta":{"footnotes":""},"class_list":["post-10680","page","type-page","status-publish","hentry"],"_links":{"self":[{"href":"https:\/\/solutionscustom.ch\/de\/wp-json\/wp\/v2\/pages\/10680","targetHints":{"allow":["GET"]}}],"collection":[{"href":"https:\/\/solutionscustom.ch\/de\/wp-json\/wp\/v2\/pages"}],"about":[{"href":"https:\/\/solutionscustom.ch\/de\/wp-json\/wp\/v2\/types\/page"}],"author":[{"embeddable":true,"href":"https:\/\/solutionscustom.ch\/de\/wp-json\/wp\/v2\/users\/4"}],"replies":[{"embeddable":true,"href":"https:\/\/solutionscustom.ch\/de\/wp-json\/wp\/v2\/comments?post=10680"}],"version-history":[{"count":5,"href":"https:\/\/solutionscustom.ch\/de\/wp-json\/wp\/v2\/pages\/10680\/revisions"}],"predecessor-version":[{"id":12446,"href":"https:\/\/solutionscustom.ch\/de\/wp-json\/wp\/v2\/pages\/10680\/revisions\/12446"}],"wp:attachment":[{"href":"https:\/\/solutionscustom.ch\/de\/wp-json\/wp\/v2\/media?parent=10680"}],"curies":[{"name":"wp","href":"https:\/\/api.w.org\/{rel}","templated":true}]}}